{"id":1804,"date":"2022-11-09T10:36:17","date_gmt":"2022-11-09T09:36:17","guid":{"rendered":"https:\/\/www.university-press.fau.de\/produkt\/oeffentliche-busse\/"},"modified":"2023-11-28T12:19:58","modified_gmt":"2023-11-28T11:19:58","slug":"978-3-96147-182-9","status":"publish","type":"product","link":"https:\/\/www.university-press.fau.de\/en\/product\/978-3-96147-182-9\/","title":{"rendered":"\u00d6ffentliche Bu\u00dfe"},"content":{"rendered":"<p>How can we talk about repentance in the 21st century? Disasters, resignations of politicians or the collapse of public systems appear as matters of public repentance. Following M. Foucault repentance is the manifestation of truth about the self. Public is not the opposite of private, but of concealed. Public Repentance is the publication of the concealed, which enables the reversion of injustice.<\/p>\n<p>This contribution discovers a new semantic on repentance and puts an end to the silence, which German Ethics has laid over this topic throughout the last decades. It reflects, how repentance was ethically veiled after World War II. It rediscovers the basis of repentance in the contrition and mercy of God, and unfolds four historic patterns of repentance in an ecclesial, a therapeutic, a juridical and a liberating paradigm.<\/p>\n<p>Repentance is developed as a phenomenon for overcoming a crisis. The focus is not put on the question of guilt, but on a hope founded in the Christian hope for resurrection as a driving power to enable the overcoming of fractures and fails in life stories. It opens up new ways out of hopelessness and despair, and leads to good works of a clear judgement, of regret and atonement.<\/p>","protected":false},"excerpt":{"rendered":"<p>Wie kann man im 21. Jahrhundert von Bu\u00dfe sprechen? Katastrophen, Politikerr\u00fccktritte oder das Versagen politischer Systeme geben Anlass zu \u00f6ffentlicher Bu\u00dfe. Die Arbeit entwickelt in Anlehnung an M. Foucault einen Begriff von Bu\u00dfe als Ver\u00f6ffentlichung der Wahrheit \u00fcber das Selbst. \u00d6ffentlich wird dabei nicht als Gegenbegriff zu \u201eprivat\u201c verstanden, sondern zu \u201everborgen\u201c. \u00d6ffentliche Bu\u00dfe ist [&hellip;]<\/p>\n","protected":false},"featured_media":2553,"comment_status":"open","ping_status":"closed","template":"","meta":{"_acf_changed":false},"product_brand":[],"product_cat":[55],"product_tag":[],"class_list":{"0":"post-1804","1":"product","2":"type-product","3":"status-publish","4":"has-post-thumbnail","6":"product_cat-fau-studien-aus-der-philosophischen-fakultaet","7":"has-post-title","8":"has-post-date","9":"has-post-category","10":"has-post-tag","11":"has-post-comment","12":"has-post-author","13":"","15":"first","16":"instock","17":"taxable","18":"shipping-taxable","19":"purchasable","20":"product-type-simple"},"acf":{"autor":"Barth, Gunther","orcid":"","ror":"","herausgeber":"","orcid_hrsg":"","rorhrsg":"","bearbeiter":"","sonstige_beteiligte_personen":"","untertitel":"Semantische Erkundungen einer ethischen Praxis","zusatz":"","jahr":"2019","zeitschrift":"","serie":"","serie_name":"","serie_band":"","serie_jahr":"","serie_titel_band":"","vortrage":"","issn":"","isbn":"","isbn13":"978-3-96147-182-9","seiten":"vi, 398","sonstiges":"","band":13,"auflage":"","opus":"","dspace":"11080","e-isbn_pdf":"978-3-96147-183-6","doi":"https:\/\/doi.org\/10.25593\/978-3-96147-183-6","epub":"","e-isbn_epub":"","doi_epub":"","html":"","e-isbn_html":"","doi_html":"","e-isbn_reader":"","doi_reader":"","digibib":"","urn":"urn:nbn:de:bvb:29-opus4-110805","supplementary_material":"","sprache":["Deutsch"],"ausgabe":"Softcover","suche":" 9783961471829 9783961471836  ","lizenz":"BY-4","bemerkung":""},"builder_content":"","_links":{"self":[{"href":"https:\/\/www.university-press.fau.de\/en\/wp-json\/wp\/v2\/product\/1804","targetHints":{"allow":["GET"]}}],"collection":[{"href":"https:\/\/www.university-press.fau.de\/en\/wp-json\/wp\/v2\/product"}],"about":[{"href":"https:\/\/www.university-press.fau.de\/en\/wp-json\/wp\/v2\/types\/product"}],"replies":[{"embeddable":true,"href":"https:\/\/www.university-press.fau.de\/en\/wp-json\/wp\/v2\/comments?post=1804"}],"wp:featuredmedia":[{"embeddable":true,"href":"https:\/\/www.university-press.fau.de\/en\/wp-json\/wp\/v2\/media\/2553"}],"wp:attachment":[{"href":"https:\/\/www.university-press.fau.de\/en\/wp-json\/wp\/v2\/media?parent=1804"}],"wp:term":[{"taxonomy":"product_brand","embeddable":true,"href":"https:\/\/www.university-press.fau.de\/en\/wp-json\/wp\/v2\/product_brand?post=1804"},{"taxonomy":"product_cat","embeddable":true,"href":"https:\/\/www.university-press.fau.de\/en\/wp-json\/wp\/v2\/product_cat?post=1804"},{"taxonomy":"product_tag","embeddable":true,"href":"https:\/\/www.university-press.fau.de\/en\/wp-json\/wp\/v2\/product_tag?post=1804"}],"curies":[{"name":"wp","href":"https:\/\/api.w.org\/{rel}","templated":true}]}}