{"id":1806,"date":"2022-11-09T10:36:19","date_gmt":"2022-11-09T09:36:19","guid":{"rendered":"https:\/\/www.university-press.fau.de\/produkt\/and-thereby-hangs-a-tale\/"},"modified":"2023-11-28T12:03:44","modified_gmt":"2023-11-28T11:03:44","slug":"978-3-96147-342-7","status":"publish","type":"product","link":"https:\/\/www.university-press.fau.de\/en\/product\/978-3-96147-342-7\/","title":{"rendered":"And Thereby Hangs a Tale"},"content":{"rendered":"<p>This collection of twelve original essays explores the politics of tale-telling across the field of English Studies. A programmatic introduction uses the fuzzy boundaries of tales to argue that their indeterminacy and polymorphous quality is responsible for the endless attraction, proliferation, and transgressive potential of the \u2018tale\u2019 as a literary form. The case studies address representative developments in British culture, focussing on the tales\u2019 potential for cultural critique in literature, film, music and other cultural practices. Four sections cover \u2018Shakespeare Retold\u2019, \u2018Victorian Tales\u2019, \u2018Fairy Tales Revisited\u2019, and \u2018Narrating (National\/Cultural) Identity\u2019. Topics include classic fairy tales and their rewritings; melodramatic, Gothic and fantasy fiction and film; writings about the condition of England and negotiations of Irish identity; discourses of Empire in public spectacles; and every-day life represented in popular music. On each of them hangs a tale.<\/p>","protected":false},"excerpt":{"rendered":"<p>Zw\u00f6lf f\u00fcr diesen Band neuverfasste Aufs\u00e4tze untersuchen die kulturelle Arbeit von tales, Erz\u00e4hlungen, im Bereich der britischen Literatur. Eine programmatische Einleitung nutzt die unscharfen Grenzen von tales, um im Blick auf deren Unbestimmtheit und polymorphe Qualit\u00e4t die fortw\u00e4hrende Attraktion, weite Verbreitung und das transgressive Potential dieser literarischen Form auszuloten. Die Fallstudien widmen sich dabei repr\u00e4sentativen [&hellip;]<\/p>\n","protected":false},"featured_media":2556,"comment_status":"open","ping_status":"closed","template":"","meta":{"_acf_changed":false},"product_brand":[],"product_cat":[55],"product_tag":[],"class_list":{"0":"post-1806","1":"product","2":"type-product","3":"status-publish","4":"has-post-thumbnail","6":"product_cat-fau-studien-aus-der-philosophischen-fakultaet","7":"has-post-title","8":"has-post-date","9":"has-post-category","10":"has-post-tag","11":"has-post-comment","12":"has-post-author","13":"","15":"first","16":"instock","17":"taxable","18":"shipping-taxable","19":"purchasable","20":"product-type-simple"},"acf":{"autor":"","orcid":"","ror":"","herausgeber":"Habermann, Ina ; Krug, Christian","orcid_hrsg":"","rorhrsg":"","bearbeiter":"","sonstige_beteiligte_personen":"","untertitel":"A Critical Anatomy of (Popular) Tales","zusatz":"","jahr":"2020","zeitschrift":"","serie":"","serie_name":"","serie_band":"","serie_jahr":"","serie_titel_band":"","vortrage":"","issn":"","isbn":"","isbn13":"978-3-96147-342-7","seiten":"x. 240","sonstiges":"","band":15,"auflage":"","opus":"","dspace":"14645","e-isbn_pdf":"978-3-96147-343-4","doi":"https:\/\/doi.org\/10.25593\/978-3-96147-343-4","epub":"","e-isbn_epub":"","doi_epub":"","html":"","e-isbn_html":"","doi_html":"","e-isbn_reader":"","doi_reader":"","digibib":"","urn":"urn:nbn:de:bvb:29-opus4-146453","supplementary_material":"","sprache":["Englisch"],"ausgabe":"Softcover","suche":" 9783961473427 9783961473434  ","lizenz":"BY-4","bemerkung":""},"builder_content":"","_links":{"self":[{"href":"https:\/\/www.university-press.fau.de\/en\/wp-json\/wp\/v2\/product\/1806","targetHints":{"allow":["GET"]}}],"collection":[{"href":"https:\/\/www.university-press.fau.de\/en\/wp-json\/wp\/v2\/product"}],"about":[{"href":"https:\/\/www.university-press.fau.de\/en\/wp-json\/wp\/v2\/types\/product"}],"replies":[{"embeddable":true,"href":"https:\/\/www.university-press.fau.de\/en\/wp-json\/wp\/v2\/comments?post=1806"}],"wp:featuredmedia":[{"embeddable":true,"href":"https:\/\/www.university-press.fau.de\/en\/wp-json\/wp\/v2\/media\/2556"}],"wp:attachment":[{"href":"https:\/\/www.university-press.fau.de\/en\/wp-json\/wp\/v2\/media?parent=1806"}],"wp:term":[{"taxonomy":"product_brand","embeddable":true,"href":"https:\/\/www.university-press.fau.de\/en\/wp-json\/wp\/v2\/product_brand?post=1806"},{"taxonomy":"product_cat","embeddable":true,"href":"https:\/\/www.university-press.fau.de\/en\/wp-json\/wp\/v2\/product_cat?post=1806"},{"taxonomy":"product_tag","embeddable":true,"href":"https:\/\/www.university-press.fau.de\/en\/wp-json\/wp\/v2\/product_tag?post=1806"}],"curies":[{"name":"wp","href":"https:\/\/api.w.org\/{rel}","templated":true}]}}