{"id":1807,"date":"2022-11-09T10:36:19","date_gmt":"2022-11-09T09:36:19","guid":{"rendered":"https:\/\/www.university-press.fau.de\/produkt\/meinungsaeusserung-und-steuerung-aus-pragmalinguistischer-sicht\/"},"modified":"2023-11-28T12:06:36","modified_gmt":"2023-11-28T11:06:36","slug":"978-3-96147-346-5","status":"publish","type":"product","link":"https:\/\/www.university-press.fau.de\/en\/product\/978-3-96147-346-5\/","title":{"rendered":"Meinungs\u00e4u\u00dferung und \u2013steuerung aus pragmalinguistischer Sicht"},"content":{"rendered":"<p>How can you tell whether a statement is merely informative or expresses an opinion? Are there prototypical realizations of expressions of opinion? The current study examines these questions from a pragmalinguistic perspective. On the basis of linguistic criteria, the manifold realizations of the opinion-forming function in commentary texts are described. The focus is not only on linguistic markers of explicit expressions of opinion, but also on expressions of opinion 'between the lines'. For example, presuppositions make a view appear as consensus, whereas conventional implicatures refer to a normative idea, an expectation or a normal case implicitly. The effect potential of these and other acting types is examined both exemplarily and randomly. The study offers a fine-grained, complex typology of expressions of opinion and provides a differentiated set of description tools that can be used for many speech acts in natural language use.<\/p>","protected":false},"excerpt":{"rendered":"<p>Woran erkennt man, ob eine \u00c4u\u00dferung nur informierend ist oder eine Meinung ausdr\u00fcckt? Gibt es prototypische Realisierungen von Meinungs\u00e4u\u00dferungen? Diesen Fragen geht die vorliegende Arbeit aus pragmalinguistischer Perspektive nach. Anhand von sprachlichen Kriterien werden vielf\u00e4ltige Realisierungen der meinungs\u00e4u\u00dfernden Funktion in Kommentartexten beschrieben. Dabei stehen nicht nur sprachliche Marker von expliziten Meinungs\u00e4u\u00dferungen im Mittelpunkt, sondern auch [&hellip;]<\/p>\n","protected":false},"featured_media":2558,"comment_status":"open","ping_status":"closed","template":"","meta":{"_acf_changed":false},"product_brand":[],"product_cat":[55],"product_tag":[],"class_list":{"0":"post-1807","1":"product","2":"type-product","3":"status-publish","4":"has-post-thumbnail","6":"product_cat-fau-studien-aus-der-philosophischen-fakultaet","7":"has-post-title","8":"has-post-date","9":"has-post-category","10":"has-post-tag","11":"has-post-comment","12":"has-post-author","13":"","15":"first","16":"instock","17":"taxable","18":"shipping-taxable","19":"purchasable","20":"product-type-simple"},"acf":{"autor":"Dutka, Olha","orcid":"","ror":"","herausgeber":"","orcid_hrsg":"","rorhrsg":"","bearbeiter":"","sonstige_beteiligte_personen":"","untertitel":"Handlungstypen und Verwendungsmuster","zusatz":"","jahr":"2020","zeitschrift":"","serie":"","serie_name":"","serie_band":"","serie_jahr":"","serie_titel_band":"","vortrage":"","issn":"","isbn":"","isbn13":"978-3-96147-346-5","seiten":"xxi. 334","sonstiges":"","band":16,"auflage":"","opus":"","dspace":"15067","e-isbn_pdf":"978-3-96147-347-2","doi":"https:\/\/doi.org\/10.25593\/978-3-96147-347-2","epub":"","e-isbn_epub":"","doi_epub":"","html":"","e-isbn_html":"","doi_html":"","e-isbn_reader":"","doi_reader":"","digibib":"","urn":"urn:nbn:de:bvb:29-opus4-150679","supplementary_material":"","sprache":["Deutsch"],"ausgabe":"Softcover","suche":" 9783961473465 9783961473472  ","lizenz":"BY-4","bemerkung":""},"builder_content":"","_links":{"self":[{"href":"https:\/\/www.university-press.fau.de\/en\/wp-json\/wp\/v2\/product\/1807","targetHints":{"allow":["GET"]}}],"collection":[{"href":"https:\/\/www.university-press.fau.de\/en\/wp-json\/wp\/v2\/product"}],"about":[{"href":"https:\/\/www.university-press.fau.de\/en\/wp-json\/wp\/v2\/types\/product"}],"replies":[{"embeddable":true,"href":"https:\/\/www.university-press.fau.de\/en\/wp-json\/wp\/v2\/comments?post=1807"}],"wp:featuredmedia":[{"embeddable":true,"href":"https:\/\/www.university-press.fau.de\/en\/wp-json\/wp\/v2\/media\/2558"}],"wp:attachment":[{"href":"https:\/\/www.university-press.fau.de\/en\/wp-json\/wp\/v2\/media?parent=1807"}],"wp:term":[{"taxonomy":"product_brand","embeddable":true,"href":"https:\/\/www.university-press.fau.de\/en\/wp-json\/wp\/v2\/product_brand?post=1807"},{"taxonomy":"product_cat","embeddable":true,"href":"https:\/\/www.university-press.fau.de\/en\/wp-json\/wp\/v2\/product_cat?post=1807"},{"taxonomy":"product_tag","embeddable":true,"href":"https:\/\/www.university-press.fau.de\/en\/wp-json\/wp\/v2\/product_tag?post=1807"}],"curies":[{"name":"wp","href":"https:\/\/api.w.org\/{rel}","templated":true}]}}