{"id":1823,"date":"2022-11-21T09:20:00","date_gmt":"2022-11-21T08:20:00","guid":{"rendered":"https:\/\/www.university-press.fau.de\/?post_type=product&#038;p=1823"},"modified":"2024-12-09T14:04:10","modified_gmt":"2024-12-09T13:04:10","slug":"978-3-96147-121-8","status":"publish","type":"product","link":"https:\/\/www.university-press.fau.de\/en\/product\/978-3-96147-121-8\/","title":{"rendered":"Korruption im Gesundheitswesen"},"content":{"rendered":"<p>With the Act to Counter Corruption in the Health Care Sector (Gesetz zur Bek\u00e4mpfung von Korruption im Gesundheitswesen), which came into force on 04.06.2016, \u00a7\u00a7 299a, 299b StGB were incorporated into the Criminal Code. Bribery and corruption became a criminal offence for Health Care Professionals, including registered physicians.<\/p>\n<p>The paper analyses the legislative process and the new additions to the 26th section of the Criminal Code. Most of the criteria included in \u00a7 299a are very wide-ranging, so that in most cases criminal liability will be decided on the evidence of a wrongful agreement (Unrechtsvereinbarung). As an indicator of the wrongful agreement, the disproportion between the service provided by the physician and the remuneration granted to him can be referred to. The disproportion may indicate that the increased remuneration compensates services that are not contractually fixed, such as the inadmissible allocation of patients.<\/p>\n<p>The assessment as to whether there is a disproportion is possible through a two-step evaluation. On the first step, the baseline amount of compensation results from a comparison of the medical service provided by the physician with the remuneration for this specific service according to the existing remuneration systems, for example GO\u00c4 or EBM. If this baseline amount is not exceeded, it can already be assumed on the first step that only the medical service and nothing else is to be compensated with the remuneration.<\/p>","protected":false},"excerpt":{"rendered":"<p>Mit dem Gesetz zur Bek\u00e4mpfung von Korruption im Gesundheitswesen, in Kraft getreten am 04.06.2016, wurden die \u00a7\u00a7 299a, 299b StGB in das Strafgesetzbuch aufgenommen und die Bestechung und Bestechlichkeit im Gesundheitswesen u.a. f\u00fcr niedergelassene \u00c4rzte erstmals strafbar. Die Arbeit rekapituliert den Gesetzgebungsprozess und analysiert die Neuzug\u00e4nge zum 26. Abschnitt des Strafgesetzbuches. Die meisten der in [&hellip;]<\/p>\n","protected":false},"featured_media":1824,"comment_status":"open","ping_status":"closed","template":"","meta":{"_acf_changed":false},"product_brand":[],"product_cat":[56],"product_tag":[],"class_list":{"0":"post-1823","1":"product","2":"type-product","3":"status-publish","4":"has-post-thumbnail","6":"product_cat-fau-studien-aus-der-rechtswissenschaft","7":"has-post-title","8":"has-post-date","9":"has-post-category","10":"has-post-tag","11":"has-post-comment","12":"has-post-author","13":"","15":"first","16":"instock","17":"taxable","18":"shipping-taxable","19":"purchasable","20":"product-type-simple"},"acf":{"autor":"Kronawitter, Stefanie","orcid":"","ror":"","herausgeber":"","orcid_hrsg":"","rorhrsg":"","bearbeiter":"","sonstige_beteiligte_personen":"","untertitel":"Die Strafbarkeit des niedergelassenen Arztes nach \u00a7 299a StGB","zusatz":"","jahr":"2018","zeitschrift":"","serie":"","serie_name":"","serie_band":"","serie_jahr":"","serie_titel_band":"","vortrage":"","issn":"","isbn":"","isbn13":"978-3-96147-121-8","seiten":"xi, 299","sonstiges":"","band":1,"auflage":"","opus":10024,"dspace":"10024","e-isbn_pdf":"978-3-96147-122-5","doi":"https:\/\/doi.org\/10.25593\/978-3-96147-122-5","epub":"","e-isbn_epub":"","doi_epub":"","html":"","e-isbn_html":"","doi_html":"","e-isbn_reader":"","doi_reader":"","digibib":"","urn":"urn:nbn:de:bvb:29-opus4-100240","supplementary_material":"","sprache":["Deutsch"],"ausgabe":"Softcover","suche":" 9783961471218 9783961471225  ","lizenz":"BY-NC-ND-4","bemerkung":"1 Ex. an Team Lesesaal als Ersatz f\u00fcr kaputtes HB-Exemplar, 9.12.2024"},"builder_content":"","_links":{"self":[{"href":"https:\/\/www.university-press.fau.de\/en\/wp-json\/wp\/v2\/product\/1823","targetHints":{"allow":["GET"]}}],"collection":[{"href":"https:\/\/www.university-press.fau.de\/en\/wp-json\/wp\/v2\/product"}],"about":[{"href":"https:\/\/www.university-press.fau.de\/en\/wp-json\/wp\/v2\/types\/product"}],"replies":[{"embeddable":true,"href":"https:\/\/www.university-press.fau.de\/en\/wp-json\/wp\/v2\/comments?post=1823"}],"wp:featuredmedia":[{"embeddable":true,"href":"https:\/\/www.university-press.fau.de\/en\/wp-json\/wp\/v2\/media\/1824"}],"wp:attachment":[{"href":"https:\/\/www.university-press.fau.de\/en\/wp-json\/wp\/v2\/media?parent=1823"}],"wp:term":[{"taxonomy":"product_brand","embeddable":true,"href":"https:\/\/www.university-press.fau.de\/en\/wp-json\/wp\/v2\/product_brand?post=1823"},{"taxonomy":"product_cat","embeddable":true,"href":"https:\/\/www.university-press.fau.de\/en\/wp-json\/wp\/v2\/product_cat?post=1823"},{"taxonomy":"product_tag","embeddable":true,"href":"https:\/\/www.university-press.fau.de\/en\/wp-json\/wp\/v2\/product_tag?post=1823"}],"curies":[{"name":"wp","href":"https:\/\/api.w.org\/{rel}","templated":true}]}}