{"id":1825,"date":"2022-11-21T12:42:46","date_gmt":"2022-11-21T11:42:46","guid":{"rendered":"https:\/\/www.university-press.fau.de\/?post_type=product&#038;p=1825"},"modified":"2023-11-20T16:12:44","modified_gmt":"2023-11-20T15:12:44","slug":"978-3-96147-301-4","status":"publish","type":"product","link":"https:\/\/www.university-press.fau.de\/en\/product\/978-3-96147-301-4\/","title":{"rendered":"Zuordnungen in Bewegung: Geschlecht und sexuelle Orientierung quer durch die Disziplinen"},"content":{"rendered":"<p>If current socio-political and legal discussions about gender diversity and sexual orientation are any indication, we are witnessing a paradigmatic shift: traditional mappings of sex and gender have become less strict, and formerly stringent regulations of both sexual practices and sexual orientation have lost some of their force. The very social fabric now seems to accommodate plurality, potentially allowing for more self-determined lifestyles. At the same time, however, gender binaries and heteronormativity continue to leave their trace \u2013 in the form of powerful inscriptions into social relations and institutional practices.<\/p>\n<p>This volume is a product of interdisciplinary reflexion. The essays collected here illustrate the different ways in which normative orders of gender and sexuality, and their dynamic reconfigurations, are addressed across a range of disciplines in the humanities and social sciences. Informed by current developments in the field and by their respective academic culture, they offer a wide canvas of research interests \u2013 and they highlight the respective terms, concepts, guiding questions and methods employed in each discipline today. Most importantly, they all reflect on the coexistence of continuity and change in normative (re)mappings of gender and sexual orientation.<\/p>","protected":false},"excerpt":{"rendered":"<p>Durch aktuelle gesellschaftspolitische und rechtliche Debatten um geschlechtliche und sexuelle Vielfalt ist einiges in Bewegung geraten: Tradierte (Zu-)Ordnungen von Geschlecht sind durchl\u00e4ssiger geworden, strikte Regulierungen von Sexualit\u00e4t(en) sind aufgebrochen. Soziale Wirklichkeiten scheinen nun pluralisiert und neue Chancen f\u00fcr selbstbestimmte Lebens\u00adweisen er\u00f6ffnet. Zugleich haben institutionalisierte Vorstellungen von bin\u00e4ren Ge\u00adschlech\u00adterdifferenzen und von Heterosexualit\u00e4t Spuren hinterlassen, die als [&hellip;]<\/p>\n","protected":false},"featured_media":1826,"comment_status":"open","ping_status":"closed","template":"","meta":{"_acf_changed":false},"product_brand":[],"product_cat":[57],"product_tag":[],"class_list":{"0":"post-1825","1":"product","2":"type-product","3":"status-publish","4":"has-post-thumbnail","6":"product_cat-fau-studien-gender-differenz-diversitaet","7":"has-post-title","8":"has-post-date","9":"has-post-category","10":"has-post-tag","11":"has-post-comment","12":"has-post-author","13":"","15":"first","16":"instock","17":"taxable","18":"shipping-taxable","19":"purchasable","20":"product-type-simple"},"acf":{"autor":"","orcid":"","ror":"","herausgeber":"Feldmann, Doris; Keilhauer, Annette; Liebold, Renate","orcid_hrsg":"","rorhrsg":"","bearbeiter":"","sonstige_beteiligte_personen":"","untertitel":"","zusatz":"","jahr":"2020","zeitschrift":"","serie":"","serie_name":"","serie_band":"","serie_jahr":"","serie_titel_band":"","vortrage":"","issn":"","isbn":"","isbn13":"978-3-96147-301-4","seiten":"ii, 221","sonstiges":"","band":1,"auflage":"","opus":13754,"dspace":"13754","e-isbn_pdf":"978-3-96147-302-1","doi":"https:\/\/doi.org\/10.25593\/978-3-96147-302-1","epub":"","e-isbn_epub":"","doi_epub":"","html":"","e-isbn_html":"","doi_html":"","e-isbn_reader":"","doi_reader":"","digibib":"","urn":"urn:nbn:de:bvb:29-opus4-137547","supplementary_material":"","sprache":["Deutsch"],"ausgabe":"Softcover","suche":" 9783961473014 9783961473021  ","lizenz":"BY-4","bemerkung":""},"builder_content":"","_links":{"self":[{"href":"https:\/\/www.university-press.fau.de\/en\/wp-json\/wp\/v2\/product\/1825","targetHints":{"allow":["GET"]}}],"collection":[{"href":"https:\/\/www.university-press.fau.de\/en\/wp-json\/wp\/v2\/product"}],"about":[{"href":"https:\/\/www.university-press.fau.de\/en\/wp-json\/wp\/v2\/types\/product"}],"replies":[{"embeddable":true,"href":"https:\/\/www.university-press.fau.de\/en\/wp-json\/wp\/v2\/comments?post=1825"}],"wp:featuredmedia":[{"embeddable":true,"href":"https:\/\/www.university-press.fau.de\/en\/wp-json\/wp\/v2\/media\/1826"}],"wp:attachment":[{"href":"https:\/\/www.university-press.fau.de\/en\/wp-json\/wp\/v2\/media?parent=1825"}],"wp:term":[{"taxonomy":"product_brand","embeddable":true,"href":"https:\/\/www.university-press.fau.de\/en\/wp-json\/wp\/v2\/product_brand?post=1825"},{"taxonomy":"product_cat","embeddable":true,"href":"https:\/\/www.university-press.fau.de\/en\/wp-json\/wp\/v2\/product_cat?post=1825"},{"taxonomy":"product_tag","embeddable":true,"href":"https:\/\/www.university-press.fau.de\/en\/wp-json\/wp\/v2\/product_tag?post=1825"}],"curies":[{"name":"wp","href":"https:\/\/api.w.org\/{rel}","templated":true}]}}