{"id":1832,"date":"2022-11-21T13:00:49","date_gmt":"2022-11-21T12:00:49","guid":{"rendered":"https:\/\/www.university-press.fau.de\/produkt\/mikrostruktur-und-warmfestigkeit-von-mg-al-und-mg-al-sr-legierungen-bei-verarbeitung-im-spritzguss\/"},"modified":"2025-11-03T13:36:21","modified_gmt":"2025-11-03T12:36:21","slug":"978-3-944057-11-8","status":"publish","type":"product","link":"https:\/\/www.university-press.fau.de\/en\/product\/978-3-944057-11-8\/","title":{"rendered":"Mikrostruktur und Warmfestigkeit von Mg-Al- und Mg-Al-Sr-Legierungen bei Verarbeitung im Spritzguss"},"content":{"rendered":"<p>Die geringen Warmfestigkeiten von Mg-Al-Legierungen begrenzen deren Anwendung auf weniger thermisch beanspruchte Bauteile, weshalb die Entwicklung neuer kriechbest\u00e4ndiger Legierungen im Fokus steht. In der vorliegenden Dissertation wird das Kriechverhalten von Mg-Al- und Mg-Al-Sr-Legierungen, hergestellt durch Spritzgie\u00dfen, n\u00e4her untersucht und der Zusammenhang mit der Mikrostruktur erarbeitet. Der Einfluss der Zusammensetzung auf Menge, Art, Morphologie und Kontiguit\u00e4t der intermetallischen Phasen wird ermittelt. Dabei wird zum einen der Effekt der Mischkristallh\u00e4rtung und die Hinderniswirkung von intermetallischen Phasen diskutiert und zum anderen auf einen m\u00f6glichen Last\u00fcbertrag bei ausreichender Vernetzung einer Phase im Gef\u00fcge eingegangen.<\/p>","protected":false},"excerpt":{"rendered":"<p>Die geringen Warmfestigkeiten von Mg-Al-Legierungen begrenzen deren Anwendung auf weniger thermisch beanspruchte Bauteile, weshalb die Entwicklung neuer kriechbest\u00e4ndiger Legierungen im Fokus steht. In der vorliegenden Dissertation wird das Kriechverhalten von Mg-Al- und Mg-Al-Sr-Legierungen, hergestellt durch Spritzgie\u00dfen, n\u00e4her untersucht und der Zusammenhang mit der Mikrostruktur erarbeitet. Der Einfluss der Zusammensetzung auf Menge, Art, Morphologie und Kontiguit\u00e4t [&hellip;]<\/p>\n","protected":false},"featured_media":2583,"comment_status":"open","ping_status":"closed","template":"","meta":{"_acf_changed":false},"product_brand":[],"product_cat":[58],"product_tag":[],"class_list":{"0":"post-1832","1":"product","2":"type-product","3":"status-publish","4":"has-post-thumbnail","6":"product_cat-fau-studien-materialwissenschaft-und-werkstofftechnik","7":"has-post-title","8":"has-post-date","9":"has-post-category","10":"has-post-tag","11":"has-post-comment","12":"has-post-author","13":"","15":"first","16":"instock","17":"taxable","18":"shipping-taxable","19":"purchasable","20":"product-type-simple"},"acf":{"autor":"K\u00f6mpel, Natalie","orcid":"","ror":"","herausgeber":"","orcid_hrsg":"","rorhrsg":"","bearbeiter":"","sonstige_beteiligte_personen":"","untertitel":"","zusatz":"","jahr":"2013","zeitschrift":"","serie":"","serie_name":"","serie_band":"","serie_jahr":"","serie_titel_band":"","vortrage":"","issn":"","isbn":"","isbn13":"978-3-944057-11-8","seiten":"III, 135","sonstiges":"Ill., graph. Darst.","band":3,"auflage":"","opus":"","dspace":"3925","e-isbn_pdf":"978-3-944057-11-8","doi":"","epub":"","e-isbn_epub":"","doi_epub":"","html":"","e-isbn_html":"","doi_html":"","e-isbn_reader":"","doi_reader":"","digibib":"","urn":"urn:nbn:de:bvb:29-opus4-39255","supplementary_material":"","sprache":["Deutsch"],"ausgabe":"Softcover","suche":" 9783944057118 9783944057118  ","lizenz":"BY-NC-ND-3","bemerkung":""},"builder_content":"","_links":{"self":[{"href":"https:\/\/www.university-press.fau.de\/en\/wp-json\/wp\/v2\/product\/1832","targetHints":{"allow":["GET"]}}],"collection":[{"href":"https:\/\/www.university-press.fau.de\/en\/wp-json\/wp\/v2\/product"}],"about":[{"href":"https:\/\/www.university-press.fau.de\/en\/wp-json\/wp\/v2\/types\/product"}],"replies":[{"embeddable":true,"href":"https:\/\/www.university-press.fau.de\/en\/wp-json\/wp\/v2\/comments?post=1832"}],"wp:featuredmedia":[{"embeddable":true,"href":"https:\/\/www.university-press.fau.de\/en\/wp-json\/wp\/v2\/media\/2583"}],"wp:attachment":[{"href":"https:\/\/www.university-press.fau.de\/en\/wp-json\/wp\/v2\/media?parent=1832"}],"wp:term":[{"taxonomy":"product_brand","embeddable":true,"href":"https:\/\/www.university-press.fau.de\/en\/wp-json\/wp\/v2\/product_brand?post=1832"},{"taxonomy":"product_cat","embeddable":true,"href":"https:\/\/www.university-press.fau.de\/en\/wp-json\/wp\/v2\/product_cat?post=1832"},{"taxonomy":"product_tag","embeddable":true,"href":"https:\/\/www.university-press.fau.de\/en\/wp-json\/wp\/v2\/product_tag?post=1832"}],"curies":[{"name":"wp","href":"https:\/\/api.w.org\/{rel}","templated":true}]}}