{"id":1834,"date":"2022-11-21T13:00:50","date_gmt":"2022-11-21T12:00:50","guid":{"rendered":"https:\/\/www.university-press.fau.de\/produkt\/mikrostruktur-und-mechanische-eigenschaften-gegossener-tial-legierungen\/"},"modified":"2025-11-03T13:38:18","modified_gmt":"2025-11-03T12:38:18","slug":"978-3-944057-26-2","status":"publish","type":"product","link":"https:\/\/www.university-press.fau.de\/en\/product\/978-3-944057-26-2\/","title":{"rendered":"Mikrostruktur und mechanische Eigenschaften gegossener TiAl-Legierungen"},"content":{"rendered":"<p>Um die zuk\u00fcnftig geforderten CO2-Emissionsgrenzen einzuhalten, wird der Anteil der aufgeladenen Motoren weiter zunehmen. Der Einsatz der Turboaufladung in Ottomotoren bringt allerdings einige Schwierigkeiten mit sich. So sind beispielsweise die Abgastemperaturen wesentlich h\u00f6her als bei Dieselmotoren und k\u00f6nnen im Volllastbetrieb Temperaturen bis 1000 \u00b0C und dar\u00fcber hinaus erreichen. Ziel der vorliegenden Arbeit war es die mechanischen Eigenschaften ausgew\u00e4hlter TiAl-Legierungen in Abh\u00e4ngigkeit der chemischen Zusammensetzung und der erstarrungsbedingten Mikrostruktur zu ermitteln und auf einen m\u00f6glichen Einsatz in einem Ottomotor-Abgasturbolader hin zu untersuchen. Das Augenmerk wurde dabei auf das Hochtemperaturkriechverhalten und die Oxidationsbest\u00e4ndigkeit als Hauptsch\u00e4digungsparameter gelegt.<\/p>","protected":false},"excerpt":{"rendered":"<p>Um die zuk\u00fcnftig geforderten CO2-Emissionsgrenzen einzuhalten, wird der Anteil der aufgeladenen Motoren weiter zunehmen. Der Einsatz der Turboaufladung in Ottomotoren bringt allerdings einige Schwierigkeiten mit sich. So sind beispielsweise die Abgastemperaturen wesentlich h\u00f6her als bei Dieselmotoren und k\u00f6nnen im Volllastbetrieb Temperaturen bis 1000 \u00b0C und dar\u00fcber hinaus erreichen. Ziel der vorliegenden Arbeit war es die [&hellip;]<\/p>\n","protected":false},"featured_media":2587,"comment_status":"open","ping_status":"closed","template":"","meta":{"_acf_changed":false},"product_brand":[],"product_cat":[58],"product_tag":[],"class_list":{"0":"post-1834","1":"product","2":"type-product","3":"status-publish","4":"has-post-thumbnail","6":"product_cat-fau-studien-materialwissenschaft-und-werkstofftechnik","7":"has-post-title","8":"has-post-date","9":"has-post-category","10":"has-post-tag","11":"has-post-comment","12":"has-post-author","13":"","15":"first","16":"instock","17":"taxable","18":"shipping-taxable","19":"purchasable","20":"product-type-simple"},"acf":{"autor":"Hullin, Gregor","orcid":"","ror":"","herausgeber":"","orcid_hrsg":"","rorhrsg":"","bearbeiter":"","sonstige_beteiligte_personen":"","untertitel":"","zusatz":"","jahr":"2014","zeitschrift":"","serie":"","serie_name":"","serie_band":"","serie_jahr":"","serie_titel_band":"","vortrage":"","issn":"","isbn":"","isbn13":"978-3-944057-26-2","seiten":"150","sonstiges":"Ill., Kt.","band":5,"auflage":"","opus":"","dspace":"5975","e-isbn_pdf":"978-3-944057-26-2","doi":"","epub":"","e-isbn_epub":"","doi_epub":"","html":"","e-isbn_html":"","doi_html":"","e-isbn_reader":"","doi_reader":"","digibib":"","urn":"urn:nbn:de:bvb:29-opus4-59752","supplementary_material":"","sprache":["Deutsch"],"ausgabe":"Softcover","suche":" 9783944057262 9783944057262  ","lizenz":"BY-NC-ND-3","bemerkung":""},"builder_content":"","_links":{"self":[{"href":"https:\/\/www.university-press.fau.de\/en\/wp-json\/wp\/v2\/product\/1834","targetHints":{"allow":["GET"]}}],"collection":[{"href":"https:\/\/www.university-press.fau.de\/en\/wp-json\/wp\/v2\/product"}],"about":[{"href":"https:\/\/www.university-press.fau.de\/en\/wp-json\/wp\/v2\/types\/product"}],"replies":[{"embeddable":true,"href":"https:\/\/www.university-press.fau.de\/en\/wp-json\/wp\/v2\/comments?post=1834"}],"wp:featuredmedia":[{"embeddable":true,"href":"https:\/\/www.university-press.fau.de\/en\/wp-json\/wp\/v2\/media\/2587"}],"wp:attachment":[{"href":"https:\/\/www.university-press.fau.de\/en\/wp-json\/wp\/v2\/media?parent=1834"}],"wp:term":[{"taxonomy":"product_brand","embeddable":true,"href":"https:\/\/www.university-press.fau.de\/en\/wp-json\/wp\/v2\/product_brand?post=1834"},{"taxonomy":"product_cat","embeddable":true,"href":"https:\/\/www.university-press.fau.de\/en\/wp-json\/wp\/v2\/product_cat?post=1834"},{"taxonomy":"product_tag","embeddable":true,"href":"https:\/\/www.university-press.fau.de\/en\/wp-json\/wp\/v2\/product_tag?post=1834"}],"curies":[{"name":"wp","href":"https:\/\/api.w.org\/{rel}","templated":true}]}}