{"id":1835,"date":"2022-11-21T13:00:50","date_gmt":"2022-11-21T12:00:50","guid":{"rendered":"https:\/\/www.university-press.fau.de\/produkt\/einfluss-der-chemischen-zusammensetzung-auf-die-mechanischen-eigenschaften-von-oxidationsschutzschichten-und-nickel-aluminium\/"},"modified":"2025-11-03T13:39:21","modified_gmt":"2025-11-03T12:39:21","slug":"978-3-944057-39-2","status":"publish","type":"product","link":"https:\/\/www.university-press.fau.de\/en\/product\/978-3-944057-39-2\/","title":{"rendered":"Einfluss der chemischen Zusammensetzung auf die mechanischen Eigenschaften von Oxidationsschutzschichten und Nickel-Aluminium"},"content":{"rendered":"<p>In this work, new high-temperature protective coatings for Ni-base superalloys were studied, which were produced under the project WING \u2013 Efficient coating. With isothermal and cyclic oxidation tests various aging conditions of the coatings were adjusted, which were characterized by means of nanoindentation, scanning electron microscopy and microcantilever tests.\nAbove all, the influence of the chemical composition on the mechanical properties hardness, Young\u2019s modulus and fracture toughness of the main phase of the coatings \u03b2-NiAl has been tested. The cantilevers were produced directly in the homogeneous regions of the layers using the FIB technique and so this new method was applied on technical components. In addition to the oxidation protection coatings, single crystalline NiAl samples with different stoichiometry were subjected to the same experiments. The issue of comparability was verified with macroscopic tests 4-point bending tests on single crystal NiAl samples.<\/p>","protected":false},"excerpt":{"rendered":"<p>In dieser Arbeit wurden Hochtemperaturschutzschichten f\u00fcr Ni-Basis-Superlegierungen untersucht. Mit Oxidationsversuchen wurden verschiedene Alterungszust\u00e4nde der Schichten eingestellt, die dann mittels Nanoindentierung, rasterelektronenmikroskopischen Methoden und erstmals Mikrobiegebalkenversuchen charakterisiert wurden. Ziel war es den Einfluss der chemischen Zusammensetzung auf die mechanischen Eigenschaften wie H\u00e4rte, Elastizit\u00e4tsmodul und Bruchz\u00e4higkeit der Hauptphase der Schichten \u03b2-NiAl zu ermitteln. Die Mikrobiegebalken wurden mit [&hellip;]<\/p>\n","protected":false},"featured_media":2589,"comment_status":"open","ping_status":"closed","template":"","meta":{"_acf_changed":false},"product_brand":[],"product_cat":[58],"product_tag":[],"class_list":{"0":"post-1835","1":"product","2":"type-product","3":"status-publish","4":"has-post-thumbnail","6":"product_cat-fau-studien-materialwissenschaft-und-werkstofftechnik","7":"has-post-title","8":"has-post-date","9":"has-post-category","10":"has-post-tag","11":"has-post-comment","12":"has-post-author","13":"","15":"first","16":"instock","17":"taxable","18":"shipping-taxable","19":"purchasable","20":"product-type-simple"},"acf":{"autor":"Webler, Ralf Uwe","orcid":"","ror":"","herausgeber":"","orcid_hrsg":"","rorhrsg":"","bearbeiter":"","sonstige_beteiligte_personen":"","untertitel":"","zusatz":"","jahr":"2015","zeitschrift":"","serie":"","serie_name":"","serie_band":"","serie_jahr":"","serie_titel_band":"","vortrage":"","issn":"","isbn":"","isbn13":"978-3-944057-39-2","seiten":"II, 159","sonstiges":"Ill., graph. Darst.","band":6,"auflage":"","opus":"","dspace":"6743","e-isbn_pdf":"978-3-944057-39-2","doi":"","epub":"","e-isbn_epub":"","doi_epub":"","html":"","e-isbn_html":"","doi_html":"","e-isbn_reader":"","doi_reader":"","digibib":"","urn":"urn:nbn:de:bvb:29-opus4-67430","supplementary_material":"","sprache":["Deutsch"],"ausgabe":"Softcover","suche":" 9783944057392 9783944057392  ","lizenz":"BY-NC-ND-3","bemerkung":""},"builder_content":"","_links":{"self":[{"href":"https:\/\/www.university-press.fau.de\/en\/wp-json\/wp\/v2\/product\/1835","targetHints":{"allow":["GET"]}}],"collection":[{"href":"https:\/\/www.university-press.fau.de\/en\/wp-json\/wp\/v2\/product"}],"about":[{"href":"https:\/\/www.university-press.fau.de\/en\/wp-json\/wp\/v2\/types\/product"}],"replies":[{"embeddable":true,"href":"https:\/\/www.university-press.fau.de\/en\/wp-json\/wp\/v2\/comments?post=1835"}],"wp:featuredmedia":[{"embeddable":true,"href":"https:\/\/www.university-press.fau.de\/en\/wp-json\/wp\/v2\/media\/2589"}],"wp:attachment":[{"href":"https:\/\/www.university-press.fau.de\/en\/wp-json\/wp\/v2\/media?parent=1835"}],"wp:term":[{"taxonomy":"product_brand","embeddable":true,"href":"https:\/\/www.university-press.fau.de\/en\/wp-json\/wp\/v2\/product_brand?post=1835"},{"taxonomy":"product_cat","embeddable":true,"href":"https:\/\/www.university-press.fau.de\/en\/wp-json\/wp\/v2\/product_cat?post=1835"},{"taxonomy":"product_tag","embeddable":true,"href":"https:\/\/www.university-press.fau.de\/en\/wp-json\/wp\/v2\/product_tag?post=1835"}],"curies":[{"name":"wp","href":"https:\/\/api.w.org\/{rel}","templated":true}]}}