{"id":1847,"date":"2022-11-21T13:00:56","date_gmt":"2022-11-21T12:00:56","guid":{"rendered":"https:\/\/www.university-press.fau.de\/produkt\/auswirkungen-der-elemente-b-zr-und-c-auf-die-korngrenzenrissbildung-einer-gerichtet-erstarrten-nickelbasis-superlegierung\/"},"modified":"2025-11-03T13:59:58","modified_gmt":"2025-11-03T12:59:58","slug":"978%e2%80%903%e2%80%9096147%e2%80%90070%e2%80%909","status":"publish","type":"product","link":"https:\/\/www.university-press.fau.de\/en\/product\/978%e2%80%903%e2%80%9096147%e2%80%90070%e2%80%909\/","title":{"rendered":"Auswirkungen der Elemente B, Zr und C auf die Korngrenzenrissbildung einer gerichtet erstarrten Nickelbasis-Superlegierung"},"content":{"rendered":"<p>Over the last decades, the increase in operating efficiency of gas turbines was achieved mainly in the hot\u2010gas section by continuous improvements of the used materials, coatings and airfoil cooling schemes. The increasing complexity of the cooled thin\u2010walled blades and vanes inherently impedes the manufacturability and increases the efforts and challenges to develop a good investment casting process with an acceptable and therefore economical casting yield. The phenomenon of grain boundary cracking is an important problem since the design freedom and the respective material selection can be very restricted, especially for certain alloys.<\/p>\n<p>This thesis is about the optimization of the chemical composition of a nickel\u2010based superalloy. The goal is to understand the effects of certain elements on hot tearing and stress relief cracking and to propose optimized alloy compositions.<\/p>\n<p>It was found that an important improvement in castability can be achieved by adjusting the elemental composition, especially of the elements C, Zr, B and Hf. These elements partition to the liquid phase and influence strongly its chemical composition. The impact is very high towards the end of the solidification in the \u201cfilm phase\u201d, when feeding becomes too restricted to compensate for the casting stains, while the mechanical properties of the semiliquid structure are still very low. In this temperature range, hot tears can develop very easily. Depending of the alloy chemistry, hot tears or stress relief cracks can be observed. To counteract stress relief cracking, the presence of B is indispensable. Hot tearing is found to occur at high \u01b4\/\u01b4\u2018\u2010eutectic fractions and\/or high Zr contents. Castable alloys therefore contain low contents of B, low contents or no Zr and small fractions of \u01b4\/\u01b4\u2018\u2010eutectic. An alternative alloying strategy with high fractions of \u01b4\/\u01b4\u2018\u2010eutectics is possible as well. The minor elements control the grain boundary energies and therefore the grain boundary coherence and susceptibility to grain boundary cracking during or after solidification.<\/p>","protected":false},"excerpt":{"rendered":"<p>Im Verlauf der letzten Jahrzehnte wurde die Effizienzsteigerung von Gasturbinen insbesondere im Hei\u00dfgasbereich durch Verbesserungen der eingesetzten Werkstoffe, der Beschichtungssysteme sowie der Schaufelk\u00fchlung realisiert. Die zunehmende Komplexit\u00e4t der innengek\u00fchlten und damit d\u00fcnnwandigen Lauf\u2010 und Leitschaufeln stellt immer h\u00f6here Anforderungen an den Feingussprozess, weil Gussfehler die Ausbringung beeinflussen. Korngrenzenrisse stellen bei Bauteilen aus konventionell vergossenen oder [&hellip;]<\/p>\n","protected":false},"featured_media":2619,"comment_status":"open","ping_status":"closed","template":"","meta":{"_acf_changed":false},"product_brand":[],"product_cat":[58],"product_tag":[],"class_list":{"0":"post-1847","1":"product","2":"type-product","3":"status-publish","4":"has-post-thumbnail","6":"product_cat-fau-studien-materialwissenschaft-und-werkstofftechnik","7":"has-post-title","8":"has-post-date","9":"has-post-category","10":"has-post-tag","11":"has-post-comment","12":"has-post-author","13":"","15":"first","16":"instock","17":"taxable","18":"shipping-taxable","19":"purchasable","20":"product-type-simple"},"acf":{"autor":"Grodzki, Jacek","orcid":"","ror":"","herausgeber":"","orcid_hrsg":"","rorhrsg":"","bearbeiter":"","sonstige_beteiligte_personen":"","untertitel":"","zusatz":"","jahr":"2017","zeitschrift":"","serie":"","serie_name":"","serie_band":"","serie_jahr":"","serie_titel_band":"","vortrage":"","issn":"","isbn":"","isbn13":"978\u20103\u201096147\u2010070\u20109","seiten":"X, 161","sonstiges":"","band":18,"auflage":"","opus":"","dspace":"9081","e-isbn_pdf":"978-3-96147-071-6","doi":"https:\/\/doi.org\/10.25593\/978-3-96147-071-6","epub":"","e-isbn_epub":"","doi_epub":"","html":"","e-isbn_html":"","doi_html":"","e-isbn_reader":"","doi_reader":"","digibib":"","urn":"urn:nbn:de:bvb:29-opus4-90811","supplementary_material":"","sprache":["Deutsch"],"ausgabe":"Softcover","suche":" 978\u20103\u201096147\u2010070\u20109 9783961470716  ","lizenz":"BY-NC-ND-3","bemerkung":""},"builder_content":"","_links":{"self":[{"href":"https:\/\/www.university-press.fau.de\/en\/wp-json\/wp\/v2\/product\/1847","targetHints":{"allow":["GET"]}}],"collection":[{"href":"https:\/\/www.university-press.fau.de\/en\/wp-json\/wp\/v2\/product"}],"about":[{"href":"https:\/\/www.university-press.fau.de\/en\/wp-json\/wp\/v2\/types\/product"}],"replies":[{"embeddable":true,"href":"https:\/\/www.university-press.fau.de\/en\/wp-json\/wp\/v2\/comments?post=1847"}],"wp:featuredmedia":[{"embeddable":true,"href":"https:\/\/www.university-press.fau.de\/en\/wp-json\/wp\/v2\/media\/2619"}],"wp:attachment":[{"href":"https:\/\/www.university-press.fau.de\/en\/wp-json\/wp\/v2\/media?parent=1847"}],"wp:term":[{"taxonomy":"product_brand","embeddable":true,"href":"https:\/\/www.university-press.fau.de\/en\/wp-json\/wp\/v2\/product_brand?post=1847"},{"taxonomy":"product_cat","embeddable":true,"href":"https:\/\/www.university-press.fau.de\/en\/wp-json\/wp\/v2\/product_cat?post=1847"},{"taxonomy":"product_tag","embeddable":true,"href":"https:\/\/www.university-press.fau.de\/en\/wp-json\/wp\/v2\/product_tag?post=1847"}],"curies":[{"name":"wp","href":"https:\/\/api.w.org\/{rel}","templated":true}]}}