{"id":1848,"date":"2022-11-21T13:00:56","date_gmt":"2022-11-21T12:00:56","guid":{"rendered":"https:\/\/www.university-press.fau.de\/produkt\/simulation-of-evaporation-phenomena-in-selective-electron-beam-melting\/"},"modified":"2025-11-03T14:01:35","modified_gmt":"2025-11-03T13:01:35","slug":"978-3-96147-090-7","status":"publish","type":"product","link":"https:\/\/www.university-press.fau.de\/en\/product\/978-3-96147-090-7\/","title":{"rendered":"Simulation of Evaporation Phenomena in Selective Electron Beam Melting"},"content":{"rendered":"<p>Selective electron beam melting (SEBM) is a promising additive manufacturing process in which metal powder is melted by a focused electron beam. Industrial application of SEBM is still hindered by a number of factors, including constraints associated with productivity, product quality and reproducibility. This is partly due to limited understanding of the interactions between various physical effects governing the local heating and fusion of powder particles.<\/p>\n<p>In this thesis, the SEBM process is investigated by means of numerical simulations using the lattice Boltzmann method. The solver can handle hydrodynamics, thermodynamics and the transition between solid and liquid phases and is able to reproduce consolidation behaviour of a powder bed composed of individual particles. The main focus of this work is on modelling electron beam absorption and multi-component evaporation, where the latter includes the evaporation of alloying elements. Model predictions are tested and confirmed by experiments performed in an EBM machine on pure aluminium, pure titanium and the titanium alloys Ti\u20106Al\u20104V and Ti\u201048Al\u20102Cr\u20102Nb. The validation experiments range from single scan tracks in compact material to simple parts built by melting multiple layers of pre-deposited powder.<\/p>\n<p>The numerical model is used to investigate the impact of various process parameters on the change in alloy composition and on the level of porosity by the example of bulk components produced from Ti\u201048Al\u20102Cr\u20102Nb powder. The influence of an imperfect, random powder bed on the spatial distribution of alloying elements in the manufactured product is also demonstrated.<\/p>","protected":false},"excerpt":{"rendered":"<p>Selektives Elektronenstrahlschmelzen (engl. Selective Electron Beam Melting, SEBM) ist ein generatives Fertigungsverfahren zur Herstellung metallischer Bauteile aus dem Pulverbett mittels fokussierten Elektronenstrahls. Die Technologie steckt hinsichtlich ihrer industriellen Anwendung noch in den Anf\u00e4ngen, was zum Teil dem unvollst\u00e4ndigen Verst\u00e4ndnis der physikalischen Mechanismen geschuldet ist, die beim lokalen Aufheizen und Schmelzen des Pulvers vorherrschen. In der [&hellip;]<\/p>\n","protected":false},"featured_media":2621,"comment_status":"open","ping_status":"closed","template":"","meta":{"_acf_changed":false},"product_brand":[],"product_cat":[58],"product_tag":[],"class_list":{"0":"post-1848","1":"product","2":"type-product","3":"status-publish","4":"has-post-thumbnail","6":"product_cat-fau-studien-materialwissenschaft-und-werkstofftechnik","7":"has-post-title","8":"has-post-date","9":"has-post-category","10":"has-post-tag","11":"has-post-comment","12":"has-post-author","13":"","15":"first","16":"instock","17":"taxable","18":"shipping-taxable","19":"purchasable","20":"product-type-simple"},"acf":{"autor":"Klassen, Alexander","orcid":"","ror":"","herausgeber":"","orcid_hrsg":"","rorhrsg":"","bearbeiter":"","sonstige_beteiligte_personen":"","untertitel":"","zusatz":"","jahr":"2018","zeitschrift":"","serie":"","serie_name":"","serie_band":"","serie_jahr":"","serie_titel_band":"","vortrage":"","issn":"","isbn":"","isbn13":"978-3-96147-090-7","seiten":"xxiii, 238","sonstiges":"","band":19,"auflage":"","opus":"","dspace":"9756","e-isbn_pdf":"978-3-96147-091-4","doi":"https:\/\/doi.org\/10.25593\/978-3-96147-091-4","epub":"","e-isbn_epub":"","doi_epub":"","html":"","e-isbn_html":"","doi_html":"","e-isbn_reader":"","doi_reader":"","digibib":"","urn":"urn:nbn:de:bvb:29-opus4-97565","supplementary_material":"","sprache":["Englisch"],"ausgabe":"Softcover","suche":" 9783961470907 9783961470914  ","lizenz":"BY-NC-ND-4","bemerkung":""},"builder_content":"","_links":{"self":[{"href":"https:\/\/www.university-press.fau.de\/en\/wp-json\/wp\/v2\/product\/1848","targetHints":{"allow":["GET"]}}],"collection":[{"href":"https:\/\/www.university-press.fau.de\/en\/wp-json\/wp\/v2\/product"}],"about":[{"href":"https:\/\/www.university-press.fau.de\/en\/wp-json\/wp\/v2\/types\/product"}],"replies":[{"embeddable":true,"href":"https:\/\/www.university-press.fau.de\/en\/wp-json\/wp\/v2\/comments?post=1848"}],"wp:featuredmedia":[{"embeddable":true,"href":"https:\/\/www.university-press.fau.de\/en\/wp-json\/wp\/v2\/media\/2621"}],"wp:attachment":[{"href":"https:\/\/www.university-press.fau.de\/en\/wp-json\/wp\/v2\/media?parent=1848"}],"wp:term":[{"taxonomy":"product_brand","embeddable":true,"href":"https:\/\/www.university-press.fau.de\/en\/wp-json\/wp\/v2\/product_brand?post=1848"},{"taxonomy":"product_cat","embeddable":true,"href":"https:\/\/www.university-press.fau.de\/en\/wp-json\/wp\/v2\/product_cat?post=1848"},{"taxonomy":"product_tag","embeddable":true,"href":"https:\/\/www.university-press.fau.de\/en\/wp-json\/wp\/v2\/product_tag?post=1848"}],"curies":[{"name":"wp","href":"https:\/\/api.w.org\/{rel}","templated":true}]}}