{"id":1855,"date":"2022-11-21T16:04:25","date_gmt":"2022-11-21T15:04:25","guid":{"rendered":"https:\/\/www.university-press.fau.de\/produkt\/sexuelle-selbstbestimmung-in-der-kommune\/"},"modified":"2023-11-23T12:41:15","modified_gmt":"2023-11-23T11:41:15","slug":"978%e2%80%903%e2%80%9096147%e2%80%90034%e2%80%901","status":"publish","type":"product","link":"https:\/\/www.university-press.fau.de\/en\/product\/978%e2%80%903%e2%80%9096147%e2%80%90034%e2%80%901\/","title":{"rendered":"Sexuelle Selbstbestimmung in der Kommune"},"content":{"rendered":"<p>The cities of Nuremberg and Erlangen are committed to further promote sexual and gender diversity as an integral part of their municipal anti-discrimination and diversity policies. This study presents the results of a qualitative survey on how sexual orientation and gender identity (SOGI) as dimensions of diversity have been taken into account in selected areas. Subsequently, recommendations are presented on how SOGI could be gradually established as a cross-sectional theme in relevant municipal areas of responsibility. For this purpose, the study draws on the human right of sexual self-determination. It focuses on the meaning and role of the municipality and puts SOGI into an intersectional context. 2512\u20104153<\/p>","protected":false},"excerpt":{"rendered":"<p>Die St\u00e4dte N\u00fcrnberg und Erlangen haben es sich zur Aufgabe gemacht, sexuelle und geschlechtliche Vielfalt in ihrer Antidiskriminierungsarbeit st\u00e4rker zu ber\u00fccksichtigen und als Bestandteil der kommunalen Politik der Vielfalt nach au\u00dfen zu tragen. In der vorliegenden Studie werden die Ergebnisse einer qualitativen Untersuchung zu der Frage pr\u00e4sentiert, inwiefern die Vielfaltsdimensionen sexuelle Orientierung und geschlechtliche Identit\u00e4t [&hellip;]<\/p>\n","protected":false},"featured_media":2640,"comment_status":"open","ping_status":"closed","template":"","meta":{"_acf_changed":false},"product_brand":[],"product_cat":[59],"product_tag":[],"class_list":{"0":"post-1855","1":"product","2":"type-product","3":"status-publish","4":"has-post-thumbnail","6":"product_cat-fau-studien-zu-menschenrechten","7":"has-post-title","8":"has-post-date","9":"has-post-category","10":"has-post-tag","11":"has-post-comment","12":"has-post-author","13":"","15":"first","16":"instock","17":"taxable","18":"shipping-taxable","19":"purchasable","20":"product-type-simple"},"acf":{"autor":"Leicht, Imke ; He\u00df, Ronja","orcid":"","ror":"","herausgeber":"","orcid_hrsg":"","rorhrsg":"","bearbeiter":"","sonstige_beteiligte_personen":"","untertitel":"Bestandsaufnahme und Handlungsempfehlungen f\u00fcr die St\u00e4dte N\u00fcrnberg und Erlangen","zusatz":"","jahr":"2017","zeitschrift":"","serie":"","serie_name":"","serie_band":"","serie_jahr":"","serie_titel_band":"","vortrage":"","issn":"","isbn":"","isbn13":"978\u20103\u201096147\u2010034\u20101","seiten":"233","sonstiges":"","band":1,"auflage":"","opus":"","dspace":"8497","e-isbn_pdf":"978-3-96147-035-8","doi":"","epub":"","e-isbn_epub":"","doi_epub":"","html":"","e-isbn_html":"","doi_html":"","e-isbn_reader":"","doi_reader":"","digibib":"","urn":"urn:nbn:de:bvb:29-opus4-84975","supplementary_material":"","sprache":["Deutsch"],"ausgabe":"Softcover","suche":" 978\u20103\u201096147\u2010034\u20101 9783961470358  ","lizenz":"BY-3","bemerkung":""},"builder_content":"","_links":{"self":[{"href":"https:\/\/www.university-press.fau.de\/en\/wp-json\/wp\/v2\/product\/1855","targetHints":{"allow":["GET"]}}],"collection":[{"href":"https:\/\/www.university-press.fau.de\/en\/wp-json\/wp\/v2\/product"}],"about":[{"href":"https:\/\/www.university-press.fau.de\/en\/wp-json\/wp\/v2\/types\/product"}],"replies":[{"embeddable":true,"href":"https:\/\/www.university-press.fau.de\/en\/wp-json\/wp\/v2\/comments?post=1855"}],"wp:featuredmedia":[{"embeddable":true,"href":"https:\/\/www.university-press.fau.de\/en\/wp-json\/wp\/v2\/media\/2640"}],"wp:attachment":[{"href":"https:\/\/www.university-press.fau.de\/en\/wp-json\/wp\/v2\/media?parent=1855"}],"wp:term":[{"taxonomy":"product_brand","embeddable":true,"href":"https:\/\/www.university-press.fau.de\/en\/wp-json\/wp\/v2\/product_brand?post=1855"},{"taxonomy":"product_cat","embeddable":true,"href":"https:\/\/www.university-press.fau.de\/en\/wp-json\/wp\/v2\/product_cat?post=1855"},{"taxonomy":"product_tag","embeddable":true,"href":"https:\/\/www.university-press.fau.de\/en\/wp-json\/wp\/v2\/product_tag?post=1855"}],"curies":[{"name":"wp","href":"https:\/\/api.w.org\/{rel}","templated":true}]}}