{"id":1858,"date":"2022-11-21T16:04:26","date_gmt":"2022-11-21T15:04:26","guid":{"rendered":"https:\/\/www.university-press.fau.de\/produkt\/new-framework-new-dynamics\/"},"modified":"2023-11-23T12:37:36","modified_gmt":"2023-11-23T11:37:36","slug":"978-3-96147-362-5","status":"publish","type":"product","link":"https:\/\/www.university-press.fau.de\/en\/product\/978-3-96147-362-5\/","title":{"rendered":"New framework &#8211; new dynamics?"},"content":{"rendered":"<p>Together with the establishment of the Human Rights Council by the United Nations General Assembly in 2006 a new mechanism was created with the aim of regularly scrutinizing the human rights situation in all UN member states. Despite the great potential of the so-called Universal Periodic Review (UPR) to strengthen human rights protection globally scholars raised considerable doubts whether the UPR would live up to the high expectations. This is one of the main reasons why nongovernmental organizations (NGOs) were seen as key actors for the new review mechanism. By participating in the review process NGOs were expected to alleviate the obvious weaknesses of the UPR and enhance its effectiveness.<\/p>\n<p>Using methods of qualitative research the dissertation generates knowledge about the role NGOs play in the UPR. Specifically, it examines how NGOs make use of the mechanism to raise their concerns and sheds light on the extent to which NGOs can influence the review process. The dissertation concludes by discussing the overall impact of NGO engagement on the mechanism itself. The exploratory research draws on an in-depth case study of the Federal Republic of Germany and offers some generalizable conclusions for the situation in other countries.<\/p>","protected":false},"excerpt":{"rendered":"<p>Im Zuge der Gr\u00fcndung des Menschenrechtsrats der Vereinten Nationen im Jahr 2006 wurde ein neues Verfahren geschaffen, das diesen in die Lage versetzen sollte, die Menschenrechtslage in allen Mitgliedsstaaten der Vereinten Nationen regelm\u00e4\u00dfig zu \u00fcberpr\u00fcfen. Die gro\u00dfe Hoffnung in das Verfahren der allgemeinen regelm\u00e4\u00dfigen Staaten\u00fcberpr\u00fcfung (UPR) wurde in der wissenschaftlichen Diskussion von Beginn an von [&hellip;]<\/p>\n","protected":false},"featured_media":2637,"comment_status":"open","ping_status":"closed","template":"","meta":{"_acf_changed":false},"product_brand":[],"product_cat":[59],"product_tag":[],"class_list":{"0":"post-1858","1":"product","2":"type-product","3":"status-publish","4":"has-post-thumbnail","6":"product_cat-fau-studien-zu-menschenrechten","7":"has-post-title","8":"has-post-date","9":"has-post-category","10":"has-post-tag","11":"has-post-comment","12":"has-post-author","13":"","15":"first","16":"instock","17":"taxable","18":"shipping-taxable","19":"purchasable","20":"product-type-simple"},"acf":{"autor":"Hof, Christina","orcid":"","ror":"","herausgeber":"","orcid_hrsg":"","rorhrsg":"","bearbeiter":"","sonstige_beteiligte_personen":"","untertitel":"Partizipation und Einfluss von Nichtregierungsorganisationen im Universal Periodic Review des Menschenrechtsrats","zusatz":"","jahr":"2020","zeitschrift":"","serie":"","serie_name":"","serie_band":"","serie_jahr":"","serie_titel_band":"","vortrage":"","issn":"","isbn":"","isbn13":"978-3-96147-362-5","seiten":"366","sonstiges":"","band":4,"auflage":"","opus":"","dspace":"14833","e-isbn_pdf":"978-3-96147-363-2","doi":"https:\/\/doi.org\/10.25593\/978-3-96147-363-2","epub":"","e-isbn_epub":"","doi_epub":"","html":"","e-isbn_html":"","doi_html":"","e-isbn_reader":"","doi_reader":"","digibib":"","urn":"urn:nbn:de:bvb:29-opus4-148336","supplementary_material":"","sprache":["Englisch"],"ausgabe":"Softcover","suche":" 9783961473625 9783961473632  ","lizenz":"BY-4","bemerkung":""},"builder_content":"","_links":{"self":[{"href":"https:\/\/www.university-press.fau.de\/en\/wp-json\/wp\/v2\/product\/1858","targetHints":{"allow":["GET"]}}],"collection":[{"href":"https:\/\/www.university-press.fau.de\/en\/wp-json\/wp\/v2\/product"}],"about":[{"href":"https:\/\/www.university-press.fau.de\/en\/wp-json\/wp\/v2\/types\/product"}],"replies":[{"embeddable":true,"href":"https:\/\/www.university-press.fau.de\/en\/wp-json\/wp\/v2\/comments?post=1858"}],"wp:featuredmedia":[{"embeddable":true,"href":"https:\/\/www.university-press.fau.de\/en\/wp-json\/wp\/v2\/media\/2637"}],"wp:attachment":[{"href":"https:\/\/www.university-press.fau.de\/en\/wp-json\/wp\/v2\/media?parent=1858"}],"wp:term":[{"taxonomy":"product_brand","embeddable":true,"href":"https:\/\/www.university-press.fau.de\/en\/wp-json\/wp\/v2\/product_brand?post=1858"},{"taxonomy":"product_cat","embeddable":true,"href":"https:\/\/www.university-press.fau.de\/en\/wp-json\/wp\/v2\/product_cat?post=1858"},{"taxonomy":"product_tag","embeddable":true,"href":"https:\/\/www.university-press.fau.de\/en\/wp-json\/wp\/v2\/product_tag?post=1858"}],"curies":[{"name":"wp","href":"https:\/\/api.w.org\/{rel}","templated":true}]}}