{"id":1859,"date":"2022-11-21T16:04:27","date_gmt":"2022-11-21T15:04:27","guid":{"rendered":"https:\/\/www.university-press.fau.de\/produkt\/researching-academic-freedom\/"},"modified":"2023-11-23T12:09:13","modified_gmt":"2023-11-23T11:09:13","slug":"978-3-96147-369-4","status":"publish","type":"product","link":"https:\/\/www.university-press.fau.de\/en\/product\/978-3-96147-369-4\/","title":{"rendered":"Researching Academic Freedom"},"content":{"rendered":"<p>International human rights law protects the freedom indispensable for scientific research \u2013 a prerequisite for innovation and the pursuit of knowledge. However, empirical research on the protection and violation of academic freedom remains scarce. This volume seeks to fill that gap by introducing case study guidelines as well as four sample case studies in which the authors applied these guidelines in their research on academic freedom in Brazil, Egypt, Ireland, and Russia. The book also includes an inventory of available data sources on academic freedom, providing guidance on how to utilize and contextualize these data in country-level assessments.<\/p>\n<p>The research guidelines and case studies presented here are the result of an international, collaborative endeavor. Collectively, the authors seek to promote systematic, comparable research on academic freedom, while also fostering a community of scholars committed to developing this nascent field of interdisciplinary human rights research.<\/p>","protected":false},"excerpt":{"rendered":"<p>Akademische Freiheit wird vom Sozialpakt der Vereinten Nationen gesch\u00fctzt, sie ist eine Voraussetzung f\u00fcr Innovation und Wissenserwerb. Bisher gibt es jedoch nur wenig empirische Forschung \u00fcber den Schutz und die Verletzung der akademischen Freiheit weltweit. Der vorliegende Band adressiert diese Forschungsl\u00fccke, indem er Forschungsrichtlinien f\u00fcr L\u00e4nderfallstudien sowie vier beispielhafte Studien vorstellt. Neben den Kapiteln zu [&hellip;]<\/p>\n","protected":false},"featured_media":2635,"comment_status":"open","ping_status":"closed","template":"","meta":{"_acf_changed":false},"product_brand":[],"product_cat":[59],"product_tag":[],"class_list":{"0":"post-1859","1":"product","2":"type-product","3":"status-publish","4":"has-post-thumbnail","6":"product_cat-fau-studien-zu-menschenrechten","7":"has-post-title","8":"has-post-date","9":"has-post-category","10":"has-post-tag","11":"has-post-comment","12":"has-post-author","13":"","15":"first","16":"instock","17":"taxable","18":"shipping-taxable","19":"purchasable","20":"product-type-simple"},"acf":{"autor":"","orcid":"","ror":"","herausgeber":"Kinzelbach, Katrin","orcid_hrsg":"","rorhrsg":"","bearbeiter":"","sonstige_beteiligte_personen":"","untertitel":"Guidelines and Sample Case Studies","zusatz":"","jahr":"2020","zeitschrift":"","serie":"","serie_name":"","serie_band":"","serie_jahr":"","serie_titel_band":"","vortrage":"","issn":"","isbn":"","isbn13":"978-3-96147-369-4","seiten":"225","sonstiges":"","band":5,"auflage":"","opus":"","dspace":"15031","e-isbn_pdf":"978-3-96147-370-0","doi":"https:\/\/doi.org\/10.25593\/978-3-96147-370-0","epub":"","e-isbn_epub":"","doi_epub":"","html":"","e-isbn_html":"","doi_html":"","e-isbn_reader":"","doi_reader":"","digibib":"","urn":"urn:nbn:de:bvb:29-opus4-150319","supplementary_material":"","sprache":["Englisch"],"ausgabe":"Softcover","suche":" 9783961473694 9783961473700  ","lizenz":"BY-4","bemerkung":""},"builder_content":"","_links":{"self":[{"href":"https:\/\/www.university-press.fau.de\/en\/wp-json\/wp\/v2\/product\/1859","targetHints":{"allow":["GET"]}}],"collection":[{"href":"https:\/\/www.university-press.fau.de\/en\/wp-json\/wp\/v2\/product"}],"about":[{"href":"https:\/\/www.university-press.fau.de\/en\/wp-json\/wp\/v2\/types\/product"}],"replies":[{"embeddable":true,"href":"https:\/\/www.university-press.fau.de\/en\/wp-json\/wp\/v2\/comments?post=1859"}],"wp:featuredmedia":[{"embeddable":true,"href":"https:\/\/www.university-press.fau.de\/en\/wp-json\/wp\/v2\/media\/2635"}],"wp:attachment":[{"href":"https:\/\/www.university-press.fau.de\/en\/wp-json\/wp\/v2\/media?parent=1859"}],"wp:term":[{"taxonomy":"product_brand","embeddable":true,"href":"https:\/\/www.university-press.fau.de\/en\/wp-json\/wp\/v2\/product_brand?post=1859"},{"taxonomy":"product_cat","embeddable":true,"href":"https:\/\/www.university-press.fau.de\/en\/wp-json\/wp\/v2\/product_cat?post=1859"},{"taxonomy":"product_tag","embeddable":true,"href":"https:\/\/www.university-press.fau.de\/en\/wp-json\/wp\/v2\/product_tag?post=1859"}],"curies":[{"name":"wp","href":"https:\/\/api.w.org\/{rel}","templated":true}]}}