{"id":1861,"date":"2022-11-21T16:04:28","date_gmt":"2022-11-21T15:04:28","guid":{"rendered":"https:\/\/www.university-press.fau.de\/produkt\/sources-of-solidarity\/"},"modified":"2026-02-14T12:43:53","modified_gmt":"2026-02-14T11:43:53","slug":"978-3-96147-511-7","status":"publish","type":"product","link":"https:\/\/www.university-press.fau.de\/en\/product\/978-3-96147-511-7\/","title":{"rendered":"Sources of Solidarity"},"content":{"rendered":"<p>Human rights are not just another set of legal tools, norms and entitlements. Rather, they radiate the authority of \u201einalienable rights\u201c, which all human beings equally possess - simply because of their humanness. This is the foundational idea.<\/p>\n<p>Although human rights are a beacon of hope for numerous people in all continents, they remain politically contested in many ways. Critics have questioned the effectiveness of human rights campaigns as well as the legitimacy of promoting universal rights across political and cultural boundaries. In order to respond to critical objections, one has to tackle stereotypical misperceptions, such as the false equation of human rights with an \u201eindividualistic\u201c lifestyle. In fact, human rights facilitate political solidarity based on universal respect.<\/p>\n<p>Unlike other introductions to human rights, which usually focus on legal standards, procedures and institutions, this book mainly explores the foundational principles, which jointly define the human rights approach: inherent dignity, freedom, equality and solidarity. The purpose is to trigger curiosity, critical questions, debates and personal discoveries.<\/p>\n<p>Professor Heiner Bielefeldt teaches human rights at the Friedrich-Alexander University in Erlangen-Nurembourg. Between 2010 and 2016, he served as UN Special Rapporteur on freedom of religion or belief.<\/p>","protected":false},"excerpt":{"rendered":"<p>Die Menschenrechte strahlen eine besondere moralische Autorit\u00e4t aus. Als &#8222;unver\u00e4u\u00dferliche Rechte&#8220;, die allen Menschen allein aufgrund ihres Menschseins zukommen, unterscheiden sie sich von sonstigen rechtlichen Instrumenten, Normen oder Anspr\u00fcchen. Dies ist die grundlegende Idee. Obwohl f\u00fcr viele Menschen in allen Kontinenten ein Fanal der Hoffnung, bleiben die Menschenrechte in mehrerer Hinsicht politisch umstritten. Sowohl die [&hellip;]<\/p>\n","protected":false},"featured_media":2633,"comment_status":"open","ping_status":"closed","template":"","meta":{"_acf_changed":false},"product_brand":[],"product_cat":[59],"product_tag":[],"class_list":{"0":"post-1861","1":"product","2":"type-product","3":"status-publish","4":"has-post-thumbnail","6":"product_cat-fau-studien-zu-menschenrechten","7":"has-post-title","8":"has-post-date","9":"has-post-category","10":"has-post-tag","11":"has-post-comment","12":"has-post-author","13":"","15":"first","16":"instock","17":"taxable","18":"shipping-taxable","19":"purchasable","20":"product-type-simple"},"acf":{"autor":"Bielefeldt, Heiner","orcid":"","ror":"","herausgeber":"","orcid_hrsg":"","rorhrsg":"","bearbeiter":"","sonstige_beteiligte_personen":"","untertitel":"A Short Introduction to the Foundations of Human Rights","zusatz":"","jahr":"2022","zeitschrift":"","serie":"","serie_name":"","serie_band":"","serie_jahr":"","serie_titel_band":"","vortrage":"","issn":"","isbn":"","isbn13":"978-3-96147-511-7","seiten":"180","sonstiges":"","band":7,"auflage":"","opus":"","dspace":"19111","e-isbn_pdf":"978-3-96147-512-4","doi":"https:\/\/doi.org\/10.25593\/978-3-96147-512-4","epub":"","e-isbn_epub":"978-3-96147-872-9","doi_epub":"https:\/\/doi.org\/10.25593\/978-3-96147-512-4","html":"","e-isbn_html":"978-3-96147-873-6","doi_html":"https:\/\/doi.org\/10.25593\/978-3-96147-512-4","e-isbn_reader":"","doi_reader":"","digibib":"","urn":"urn:nbn:de:bvb:29-opus4-191113","supplementary_material":"","sprache":["Englisch"],"ausgabe":"Softcover","suche":" 9783961475117 9783961475124 9783961478729 9783961478736","lizenz":"BY-4","bemerkung":"Nachdruck 10\/2024: 20 Ex."},"builder_content":"","_links":{"self":[{"href":"https:\/\/www.university-press.fau.de\/en\/wp-json\/wp\/v2\/product\/1861","targetHints":{"allow":["GET"]}}],"collection":[{"href":"https:\/\/www.university-press.fau.de\/en\/wp-json\/wp\/v2\/product"}],"about":[{"href":"https:\/\/www.university-press.fau.de\/en\/wp-json\/wp\/v2\/types\/product"}],"replies":[{"embeddable":true,"href":"https:\/\/www.university-press.fau.de\/en\/wp-json\/wp\/v2\/comments?post=1861"}],"wp:featuredmedia":[{"embeddable":true,"href":"https:\/\/www.university-press.fau.de\/en\/wp-json\/wp\/v2\/media\/2633"}],"wp:attachment":[{"href":"https:\/\/www.university-press.fau.de\/en\/wp-json\/wp\/v2\/media?parent=1861"}],"wp:term":[{"taxonomy":"product_brand","embeddable":true,"href":"https:\/\/www.university-press.fau.de\/en\/wp-json\/wp\/v2\/product_brand?post=1861"},{"taxonomy":"product_cat","embeddable":true,"href":"https:\/\/www.university-press.fau.de\/en\/wp-json\/wp\/v2\/product_cat?post=1861"},{"taxonomy":"product_tag","embeddable":true,"href":"https:\/\/www.university-press.fau.de\/en\/wp-json\/wp\/v2\/product_tag?post=1861"}],"curies":[{"name":"wp","href":"https:\/\/api.w.org\/{rel}","templated":true}]}}