{"id":1869,"date":"2022-11-21T16:19:28","date_gmt":"2022-11-21T15:19:28","guid":{"rendered":"https:\/\/www.university-press.fau.de\/produkt\/model-based-control-of-slab-shapes-in-hot-rolling-processes\/"},"modified":"2025-11-05T10:48:56","modified_gmt":"2025-11-05T09:48:56","slug":"978-3-944057-81-1","status":"publish","type":"product","link":"https:\/\/www.university-press.fau.de\/en\/product\/978-3-944057-81-1\/","title":{"rendered":"Model-Based Control of Slab Shapes in Hot Rolling Processes"},"content":{"rendered":"<p>We use the example of hot rolling to develop a comprehensive optimization approach that is based on a mathematical model of the underlying manufacturing process. More precisely, we study an optimal control problem that is designed to minimize cutting scrap while taking industrial specifications and technical limitations into account.<\/p>\n<p>It is well known that the associated control-to-observation map is non-differentiable due to changes of state resulting from elasto-viscoplastic material behavior and frictional contact. However, we still want to apply gradient-based methods to solve the optimal control problem and therefore have to compute derivatives of cost functional and constraints. To resolve this issue, we first regularize all non-differentiabilities before computing sensitivity information via direct differentiation.<\/p>\n<p>We moreover present solution techniques for the regularized problem and discuss numerical results for real-world examples.<\/p>","protected":false},"excerpt":{"rendered":"<p>Am Beispiel des Warmwalzens entwickeln wir einen ganzheitlichen Optimierungsansatz, der auf einem mathematischen Modell des zugrunde liegenden Fertigungsprozesses beruht. Dabei untersuchen wir ein Optimalsteuerungsproblem, das darauf ausgelegt ist den Verschnitt zu minimieren und gleichzeitig industrielle Spezifikationen und technische Restriktionen einzuhalten. Bekannterma\u00dfen ist der zugeh\u00f6rige Steuerungs-Beobachtungs-Operator aufgrund von Zustands\u00e4nderungen, die mit elasto-viskoplastischem Materialverhalten und reibungsbehaftetem Kontakt [&hellip;]<\/p>\n","protected":false},"featured_media":2691,"comment_status":"open","ping_status":"closed","template":"","meta":{"_acf_changed":false},"product_brand":[],"product_cat":[60],"product_tag":[],"class_list":{"0":"post-1869","1":"product","2":"type-product","3":"status-publish","4":"has-post-thumbnail","6":"product_cat-fau-studies-mathematics-physics","7":"has-post-title","8":"has-post-date","9":"has-post-category","10":"has-post-tag","11":"has-post-comment","12":"has-post-author","13":"","15":"first","16":"instock","17":"taxable","18":"shipping-taxable","19":"purchasable","20":"product-type-simple"},"acf":{"autor":"Werner, Stefan","orcid":"","ror":"","herausgeber":"","orcid_hrsg":"","rorhrsg":"","bearbeiter":"","sonstige_beteiligte_personen":"","untertitel":"","zusatz":"","jahr":"2016","zeitschrift":"","serie":"","serie_name":"","serie_band":"","serie_jahr":"","serie_titel_band":"","vortrage":"","issn":"","isbn":"","isbn13":"978-3-944057-81-1","seiten":"184","sonstiges":"","band":7,"auflage":"","opus":"","dspace":"7655","e-isbn_pdf":"978-3-944057-82-8","doi":"","epub":"","e-isbn_epub":"","doi_epub":"","html":"","e-isbn_html":"","doi_html":"","e-isbn_reader":"","doi_reader":"","digibib":"","urn":"urn:nbn:de:bvb:29-opus4-76555","supplementary_material":"","sprache":["Englisch"],"ausgabe":"Softcover","suche":" 9783944057811 9783944057828  ","lizenz":"BY-NC-ND-3","bemerkung":""},"builder_content":"","_links":{"self":[{"href":"https:\/\/www.university-press.fau.de\/en\/wp-json\/wp\/v2\/product\/1869","targetHints":{"allow":["GET"]}}],"collection":[{"href":"https:\/\/www.university-press.fau.de\/en\/wp-json\/wp\/v2\/product"}],"about":[{"href":"https:\/\/www.university-press.fau.de\/en\/wp-json\/wp\/v2\/types\/product"}],"replies":[{"embeddable":true,"href":"https:\/\/www.university-press.fau.de\/en\/wp-json\/wp\/v2\/comments?post=1869"}],"wp:featuredmedia":[{"embeddable":true,"href":"https:\/\/www.university-press.fau.de\/en\/wp-json\/wp\/v2\/media\/2691"}],"wp:attachment":[{"href":"https:\/\/www.university-press.fau.de\/en\/wp-json\/wp\/v2\/media?parent=1869"}],"wp:term":[{"taxonomy":"product_brand","embeddable":true,"href":"https:\/\/www.university-press.fau.de\/en\/wp-json\/wp\/v2\/product_brand?post=1869"},{"taxonomy":"product_cat","embeddable":true,"href":"https:\/\/www.university-press.fau.de\/en\/wp-json\/wp\/v2\/product_cat?post=1869"},{"taxonomy":"product_tag","embeddable":true,"href":"https:\/\/www.university-press.fau.de\/en\/wp-json\/wp\/v2\/product_tag?post=1869"}],"curies":[{"name":"wp","href":"https:\/\/api.w.org\/{rel}","templated":true}]}}