{"id":1881,"date":"2022-11-21T16:19:35","date_gmt":"2022-11-21T15:19:35","guid":{"rendered":"https:\/\/www.university-press.fau.de\/produkt\/photoemissionsuntersuchungen-von-molekuelen-auf-magnesiumoxid\/"},"modified":"2023-11-24T12:00:49","modified_gmt":"2023-11-24T11:00:49","slug":"978-3-96147-429-5","status":"publish","type":"product","link":"https:\/\/www.university-press.fau.de\/en\/product\/978-3-96147-429-5\/","title":{"rendered":"Photoemissionsuntersuchungen von Molek\u00fclen auf Magnesiumoxid"},"content":{"rendered":"<p>The core of this work is the photoelectron spectroscopy of magnesium oxide and molecules on magnesium oxide in an ultra-high vacuum. The valence band area, the band gap area, the conduction band area of magnesium oxide as well as the occupied and unoccupied molecular orbitals of tetraphenylporphyrins are examined. To investigate the influence of magnesium oxide separately, magnesium oxide on Ag (100), and thus for the first time the unoccupied part of the electronic band structure, is examined in more detail experimentally. The states involved are analyzed and compared with results on similar systems from the literature and discussed.<\/p>","protected":false},"excerpt":{"rendered":"<p>Kern dieser Arbeit ist die Photoelektronenspektroskopie von Magnesiumoxid und Molek\u00fclen auf Magnesiumoxid im Ultrahochvakuum. Es werden der Valenzbandbereich, der Bereich der Bandl\u00fccke, der Leitungsbandbereich von Magnesiumoxid untersucht sowie die besetzten und unbesetzten Molek\u00fclorbitale von Tetraphenylporphyrinen. Um den Einfluss des Magnesiumoxids separat zu untersuchen, wird zun\u00e4chst Magnesiumoxid auf Ag(100), und damit zum ersten Mal der unbesetzte [&hellip;]<\/p>\n","protected":false},"featured_media":2642,"comment_status":"open","ping_status":"closed","template":"","meta":{"_acf_changed":false},"product_brand":[],"product_cat":[60],"product_tag":[],"class_list":{"0":"post-1881","1":"product","2":"type-product","3":"status-publish","4":"has-post-thumbnail","6":"product_cat-fau-studies-mathematics-physics","7":"has-post-title","8":"has-post-date","9":"has-post-category","10":"has-post-tag","11":"has-post-comment","12":"has-post-author","13":"","15":"first","16":"instock","17":"taxable","18":"shipping-taxable","19":"purchasable","20":"product-type-simple"},"acf":{"autor":"Helmreich, Rebecca","orcid":"","ror":"","herausgeber":"","orcid_hrsg":"","rorhrsg":"","bearbeiter":"","sonstige_beteiligte_personen":"","untertitel":"","zusatz":"","jahr":"2021","zeitschrift":"","serie":"","serie_name":"","serie_band":"","serie_jahr":"","serie_titel_band":"","vortrage":"","issn":"","isbn":"","isbn13":"978-3-96147-429-5","seiten":"iv, 154","sonstiges":"","band":19,"auflage":"","opus":"","dspace":"16962","e-isbn_pdf":"978-3-96147-430-1","doi":"https:\/\/doi.org\/10.25593\/978-3-96147-430-1","epub":"","e-isbn_epub":"","doi_epub":"","html":"","e-isbn_html":"","doi_html":"","e-isbn_reader":"","doi_reader":"","digibib":"","urn":"urn:nbn:de:bvb:29-opus4-169621","supplementary_material":"","sprache":["Deutsch"],"ausgabe":"Softcover","suche":" 9783961474295 9783961474301  ","lizenz":"BY-4","bemerkung":""},"builder_content":"","_links":{"self":[{"href":"https:\/\/www.university-press.fau.de\/en\/wp-json\/wp\/v2\/product\/1881","targetHints":{"allow":["GET"]}}],"collection":[{"href":"https:\/\/www.university-press.fau.de\/en\/wp-json\/wp\/v2\/product"}],"about":[{"href":"https:\/\/www.university-press.fau.de\/en\/wp-json\/wp\/v2\/types\/product"}],"replies":[{"embeddable":true,"href":"https:\/\/www.university-press.fau.de\/en\/wp-json\/wp\/v2\/comments?post=1881"}],"wp:featuredmedia":[{"embeddable":true,"href":"https:\/\/www.university-press.fau.de\/en\/wp-json\/wp\/v2\/media\/2642"}],"wp:attachment":[{"href":"https:\/\/www.university-press.fau.de\/en\/wp-json\/wp\/v2\/media?parent=1881"}],"wp:term":[{"taxonomy":"product_brand","embeddable":true,"href":"https:\/\/www.university-press.fau.de\/en\/wp-json\/wp\/v2\/product_brand?post=1881"},{"taxonomy":"product_cat","embeddable":true,"href":"https:\/\/www.university-press.fau.de\/en\/wp-json\/wp\/v2\/product_cat?post=1881"},{"taxonomy":"product_tag","embeddable":true,"href":"https:\/\/www.university-press.fau.de\/en\/wp-json\/wp\/v2\/product_tag?post=1881"}],"curies":[{"name":"wp","href":"https:\/\/api.w.org\/{rel}","templated":true}]}}