{"id":1884,"date":"2022-11-21T16:29:57","date_gmt":"2022-11-21T15:29:57","guid":{"rendered":"https:\/\/www.university-press.fau.de\/produkt\/das-erlanger-schloss-von-der-markgraeflichen-residenz-zum-sitz-der-zentralen-universitaetsverwaltung\/"},"modified":"2025-10-09T15:44:35","modified_gmt":"2025-10-09T13:44:35","slug":"978-3-930357-71-0","status":"publish","type":"product","link":"https:\/\/www.university-press.fau.de\/en\/product\/978-3-930357-71-0\/","title":{"rendered":"Das Erlanger Schlo\u00df"},"content":{"rendered":"<p>Die Publikation gibt einen \u00dcberblick \u00fcber den Bau, die Bau- und Nutzungsgeschichte des Erlanger Schlosses sowie die Kunstwerke in den R\u00e4umen dieses Geb\u00e4udes.<\/p>","protected":false},"excerpt":{"rendered":"<p>Die Publikation gibt einen \u00dcberblick \u00fcber den Bau, die Bau- und Nutzungsgeschichte des Erlanger Schlosses sowie die Kunstwerke in den R\u00e4umen dieses Geb\u00e4udes.<\/p>","protected":false},"featured_media":2718,"comment_status":"open","ping_status":"closed","template":"","meta":{"_acf_changed":false},"product_brand":[],"product_cat":[61],"product_tag":[],"class_list":{"0":"post-1884","1":"product","2":"type-product","3":"status-publish","4":"has-post-thumbnail","6":"product_cat-kleine-schriften-zu-kultur-und-geschichte-der-friedrich-alexander-universitaet-fau","7":"has-post-title","8":"has-post-date","9":"has-post-category","10":"has-post-tag","11":"has-post-comment","12":"has-post-author","13":"","15":"first","16":"instock","17":"taxable","18":"shipping-taxable","19":"purchasable","20":"product-type-simple"},"acf":{"autor":"Wachter, Clemens","orcid":"","ror":"","herausgeber":"","orcid_hrsg":"","rorhrsg":"","bearbeiter":"","sonstige_beteiligte_personen":"","untertitel":"Von der markgr\u00e4flichen Residenz zum Sitz der Zentralen Universit\u00e4tsverwaltung","zusatz":"","jahr":"2005","zeitschrift":"","serie":"","serie_name":"","serie_band":"","serie_jahr":"","serie_titel_band":"","vortrage":"","issn":"","isbn":"3-930357-71-2","isbn13":"978-3-930357-71-0","seiten":"80","sonstiges":"zahlr. Ill.","band":1,"auflage":"","opus":"","dspace":"4135","e-isbn_pdf":"","doi":"","epub":"","e-isbn_epub":"","doi_epub":"","html":"","e-isbn_html":"","doi_html":"","e-isbn_reader":"","doi_reader":"","digibib":"","urn":"urn:nbn:de:bvb:29-opus4-41355","supplementary_material":"","sprache":["Deutsch"],"ausgabe":"Softcover","suche":"3930357712 9783930357710   ","lizenz":"BY-NC-ND-3","bemerkung":""},"builder_content":"","_links":{"self":[{"href":"https:\/\/www.university-press.fau.de\/en\/wp-json\/wp\/v2\/product\/1884","targetHints":{"allow":["GET"]}}],"collection":[{"href":"https:\/\/www.university-press.fau.de\/en\/wp-json\/wp\/v2\/product"}],"about":[{"href":"https:\/\/www.university-press.fau.de\/en\/wp-json\/wp\/v2\/types\/product"}],"replies":[{"embeddable":true,"href":"https:\/\/www.university-press.fau.de\/en\/wp-json\/wp\/v2\/comments?post=1884"}],"wp:featuredmedia":[{"embeddable":true,"href":"https:\/\/www.university-press.fau.de\/en\/wp-json\/wp\/v2\/media\/2718"}],"wp:attachment":[{"href":"https:\/\/www.university-press.fau.de\/en\/wp-json\/wp\/v2\/media?parent=1884"}],"wp:term":[{"taxonomy":"product_brand","embeddable":true,"href":"https:\/\/www.university-press.fau.de\/en\/wp-json\/wp\/v2\/product_brand?post=1884"},{"taxonomy":"product_cat","embeddable":true,"href":"https:\/\/www.university-press.fau.de\/en\/wp-json\/wp\/v2\/product_cat?post=1884"},{"taxonomy":"product_tag","embeddable":true,"href":"https:\/\/www.university-press.fau.de\/en\/wp-json\/wp\/v2\/product_tag?post=1884"}],"curies":[{"name":"wp","href":"https:\/\/api.w.org\/{rel}","templated":true}]}}