{"id":1885,"date":"2022-11-21T16:29:57","date_gmt":"2022-11-21T15:29:57","guid":{"rendered":"https:\/\/www.university-press.fau.de\/produkt\/die-universitaetsbibliothek-erlangen-nuernberg-ein-fuehrer-durch-das-historische-gebaeude\/"},"modified":"2025-10-09T15:45:38","modified_gmt":"2025-10-09T13:45:38","slug":"978-3-930357-72-7","status":"publish","type":"product","link":"https:\/\/www.university-press.fau.de\/en\/product\/978-3-930357-72-7\/","title":{"rendered":"Die Universit\u00e4tsbibliothek Erlangen-N\u00fcrnberg. Ein F\u00fchrer durch das historische Geb\u00e4ude"},"content":{"rendered":"<p>Die Publikation beschreibt Architektur und Funktionen des 1913 errichteten Bibliotheksgeb\u00e4udes und gibt einen kurzen \u00dcberblick \u00fcber hier beherbergte historische Sammlungen wie Handschriften, private B\u00fcchersammlungen von Gelehrten, Nachl\u00e4sse, M\u00fcnzen, Graphik und Gem\u00e4lde.<\/p>","protected":false},"excerpt":{"rendered":"<p>Die Publikation beschreibt Architektur und Funktionen des 1913 errichteten Bibliotheksgeb\u00e4udes und gibt einen kurzen \u00dcberblick \u00fcber hier beherbergte historische Sammlungen wie Handschriften, private B\u00fcchersammlungen von Gelehrten, Nachl\u00e4sse, M\u00fcnzen, Graphik und Gem\u00e4lde.<\/p>","protected":false},"featured_media":2716,"comment_status":"open","ping_status":"closed","template":"","meta":{"_acf_changed":false},"product_brand":[],"product_cat":[61],"product_tag":[],"class_list":{"0":"post-1885","1":"product","2":"type-product","3":"status-publish","4":"has-post-thumbnail","6":"product_cat-kleine-schriften-zu-kultur-und-geschichte-der-friedrich-alexander-universitaet-fau","7":"has-post-title","8":"has-post-date","9":"has-post-category","10":"has-post-tag","11":"has-post-comment","12":"has-post-author","13":"","15":"first","16":"instock","17":"taxable","18":"shipping-taxable","19":"purchasable","20":"product-type-simple"},"acf":{"autor":"Mayr, Josef ; Ute Mengels","orcid":"","ror":"","herausgeber":"","orcid_hrsg":"","rorhrsg":"","bearbeiter":"","sonstige_beteiligte_personen":"","untertitel":"","zusatz":"","jahr":"2005","zeitschrift":"","serie":"","serie_name":"","serie_band":"","serie_jahr":"","serie_titel_band":"","vortrage":"","issn":"","isbn":"3-930357-72-0","isbn13":"978-3-930357-72-7","seiten":"72","sonstiges":"zahlr. Ill.","band":2,"auflage":"","opus":"","dspace":"4136","e-isbn_pdf":"978-3-930357-72-7","doi":"","epub":"","e-isbn_epub":"","doi_epub":"","html":"","e-isbn_html":"","doi_html":"","e-isbn_reader":"","doi_reader":"","digibib":"","urn":"urn:nbn:de:bvb:29-opus4-41367","supplementary_material":"","sprache":["Deutsch"],"ausgabe":"Softcover","suche":"3930357720 9783930357727 9783930357727  ","lizenz":"BY-NC-ND-3","bemerkung":""},"builder_content":"","_links":{"self":[{"href":"https:\/\/www.university-press.fau.de\/en\/wp-json\/wp\/v2\/product\/1885","targetHints":{"allow":["GET"]}}],"collection":[{"href":"https:\/\/www.university-press.fau.de\/en\/wp-json\/wp\/v2\/product"}],"about":[{"href":"https:\/\/www.university-press.fau.de\/en\/wp-json\/wp\/v2\/types\/product"}],"replies":[{"embeddable":true,"href":"https:\/\/www.university-press.fau.de\/en\/wp-json\/wp\/v2\/comments?post=1885"}],"wp:featuredmedia":[{"embeddable":true,"href":"https:\/\/www.university-press.fau.de\/en\/wp-json\/wp\/v2\/media\/2716"}],"wp:attachment":[{"href":"https:\/\/www.university-press.fau.de\/en\/wp-json\/wp\/v2\/media?parent=1885"}],"wp:term":[{"taxonomy":"product_brand","embeddable":true,"href":"https:\/\/www.university-press.fau.de\/en\/wp-json\/wp\/v2\/product_brand?post=1885"},{"taxonomy":"product_cat","embeddable":true,"href":"https:\/\/www.university-press.fau.de\/en\/wp-json\/wp\/v2\/product_cat?post=1885"},{"taxonomy":"product_tag","embeddable":true,"href":"https:\/\/www.university-press.fau.de\/en\/wp-json\/wp\/v2\/product_tag?post=1885"}],"curies":[{"name":"wp","href":"https:\/\/api.w.org\/{rel}","templated":true}]}}