{"id":1889,"date":"2022-11-21T16:29:59","date_gmt":"2022-11-21T15:29:59","guid":{"rendered":"https:\/\/www.university-press.fau.de\/produkt\/bildung-fuer-alle\/"},"modified":"2025-01-13T13:03:26","modified_gmt":"2025-01-13T12:03:26","slug":"978-3-941871-04-5","status":"publish","type":"product","link":"https:\/\/www.university-press.fau.de\/en\/product\/978-3-941871-04-5\/","title":{"rendered":"Bildung f\u00fcr alle"},"content":{"rendered":"<p>Das Schulmuseum der Friedrich-Alexander-Universit\u00e4t Erlangen-N\u00fcrnberg thematisiert die gro\u00dfe Bedeutung von Bildung in Geschichte und Gegenwart f\u00fcr jeden einzelnen Menschen, aber auch f\u00fcr die Entwicklung der Demokratie und der Wirtschaft. Das Thema verweist gleichzeitig auf die Bedeutung der Lehrerbildung. F\u00fcr die Ausbildung k\u00fcnftiger Lehrerinnen und Lehrer bietet das Schulmuseum besondere M\u00f6glichkeiten in der Anschauung der Schulgeschichte.<\/p>","protected":false},"excerpt":{"rendered":"<p>Das Schulmuseum der Friedrich-Alexander-Universit\u00e4t Erlangen-N\u00fcrnberg thematisiert die gro\u00dfe Bedeutung von Bildung in Geschichte und Gegenwart f\u00fcr jeden einzelnen Menschen, aber auch f\u00fcr die Entwicklung der Demokratie und der Wirtschaft. Das Thema verweist gleichzeitig auf die Bedeutung der Lehrerbildung. F\u00fcr die Ausbildung k\u00fcnftiger Lehrerinnen und Lehrer bietet das Schulmuseum besondere M\u00f6glichkeiten in der Anschauung der Schulgeschichte.<\/p>","protected":false},"featured_media":2708,"comment_status":"open","ping_status":"closed","template":"","meta":{"_acf_changed":false},"product_brand":[],"product_cat":[61],"product_tag":[],"class_list":{"0":"post-1889","1":"product","2":"type-product","3":"status-publish","4":"has-post-thumbnail","6":"product_cat-kleine-schriften-zu-kultur-und-geschichte-der-friedrich-alexander-universitaet-fau","7":"has-post-title","8":"has-post-date","9":"has-post-category","10":"has-post-tag","11":"has-post-comment","12":"has-post-author","13":"","15":"first","16":"instock","17":"taxable","18":"shipping-taxable","19":"purchasable","20":"product-type-simple"},"acf":{"autor":"","orcid":"","ror":"","herausgeber":"Mathias R\u00f6sch und Annette Scheunpflug","orcid_hrsg":"","rorhrsg":"","bearbeiter":"","sonstige_beteiligte_personen":"","untertitel":"Das Schulmuseum N\u00fcrnberg. Geschichte, Konzeption und p\u00e4dagogische Arbeit.","zusatz":"","jahr":"2010","zeitschrift":"","serie":"","serie_name":"","serie_band":"","serie_jahr":"","serie_titel_band":"","vortrage":"","issn":"","isbn":"","isbn13":"978-3-941871-04-5","seiten":"92","sonstiges":"zahlr. Ill.","band":6,"auflage":"","opus":"","dspace":"","e-isbn_pdf":"","doi":"","epub":"","e-isbn_epub":"","doi_epub":"","html":"","e-isbn_html":"","doi_html":"","e-isbn_reader":"","doi_reader":"","digibib":"","urn":"","supplementary_material":"","sprache":["Deutsch"],"ausgabe":"Softcover","suche":" 9783941871045   ","lizenz":"BY-3","bemerkung":""},"builder_content":"","_links":{"self":[{"href":"https:\/\/www.university-press.fau.de\/en\/wp-json\/wp\/v2\/product\/1889","targetHints":{"allow":["GET"]}}],"collection":[{"href":"https:\/\/www.university-press.fau.de\/en\/wp-json\/wp\/v2\/product"}],"about":[{"href":"https:\/\/www.university-press.fau.de\/en\/wp-json\/wp\/v2\/types\/product"}],"replies":[{"embeddable":true,"href":"https:\/\/www.university-press.fau.de\/en\/wp-json\/wp\/v2\/comments?post=1889"}],"wp:featuredmedia":[{"embeddable":true,"href":"https:\/\/www.university-press.fau.de\/en\/wp-json\/wp\/v2\/media\/2708"}],"wp:attachment":[{"href":"https:\/\/www.university-press.fau.de\/en\/wp-json\/wp\/v2\/media?parent=1889"}],"wp:term":[{"taxonomy":"product_brand","embeddable":true,"href":"https:\/\/www.university-press.fau.de\/en\/wp-json\/wp\/v2\/product_brand?post=1889"},{"taxonomy":"product_cat","embeddable":true,"href":"https:\/\/www.university-press.fau.de\/en\/wp-json\/wp\/v2\/product_cat?post=1889"},{"taxonomy":"product_tag","embeddable":true,"href":"https:\/\/www.university-press.fau.de\/en\/wp-json\/wp\/v2\/product_tag?post=1889"}],"curies":[{"name":"wp","href":"https:\/\/api.w.org\/{rel}","templated":true}]}}