{"id":1890,"date":"2022-11-21T16:29:59","date_gmt":"2022-11-21T15:29:59","guid":{"rendered":"https:\/\/www.university-press.fau.de\/produkt\/muenzen-bilder-bibliotheken\/"},"modified":"2026-04-01T09:37:28","modified_gmt":"2026-04-01T07:37:28","slug":"978-3-944057-09-5","status":"publish","type":"product","link":"https:\/\/www.university-press.fau.de\/en\/product\/978-3-944057-09-5\/","title":{"rendered":"M\u00fcnzen, Bilder, Bibliotheken"},"content":{"rendered":"<p>Die \u201eAlte Universit\u00e4tsbibliothek\u201c in Erlangen wird im Jahre 2013 100 Jahre alt. Am 4. November 1913 wurde das Bibliotheksgeb\u00e4ude in der Universit\u00e4tsstra\u00dfe 4 eingeweiht. Aus diesem Anlass zeigt die Universit\u00e4tsbibliothek einmal nicht Handschriften und fr\u00fche Drucke, sondern ausgew\u00e4hlte St\u00fccke aus den umfangreichen Sammlungen. Wer w\u00fcrde in einer Universit\u00e4tsbibliothek gravierte Strau\u00dfeneier, Abg\u00fcsse antiker Gemmen, \u00d6lgem\u00e4lde, Zeichnungen und Graphiken, M\u00fcnzen aus aller Welt vom Altertum bis zur Neuzeit vermuten?<\/p>\n<p>Die Ausstellung (vom 19. Oktober bis zum 22. November 2013) spiegelt die Geschichte der Friedrich-Alexander-Universit\u00e4t und ihrer Bibliothek wider: Im 18. Jahrhundert bildeten die B\u00fccher aus den f\u00fcrstlichen Bibliotheken in Bayreuth und Ansbach den Grundbestand, Teile der markgr\u00e4flichen Naturalienkabinette dienten als Anschauungsmaterial f\u00fcr die Lehre. F\u00fcr das 19. und 20. Jahrhundert belegen zahlreiche Gelehrtenbibliotheken den damaligen Stand der Forschung. Neben der weltbekannten Graphischen Sammlung &#8211; aus dem markgr\u00e4flichen Kunstkabinett Ansbach &#8211; bezeugen die Sammlung Luthardt und Oeuvres einzelner K\u00fcnstler die Epochen. Portr\u00e4ts der Universit\u00e4tsprofessoren \u2013 die \u00e4ltesten stammen aus der Universit\u00e4t Altdorf \u2013 werden in der Universit\u00e4tsbibliothek aufbewahrt. An die 30.000 M\u00fcnzen und Medaillen vom Altertum bis zur Neuzeit stellen einen Schatz dar, wie er nur selten in einer Universit\u00e4tsbibliothek zu finden ist.<\/p>","protected":false},"excerpt":{"rendered":"<p>Die \u201eAlte Universit\u00e4tsbibliothek\u201c in Erlangen wird im Jahre 2013 100 Jahre alt. Am 4. November 1913 wurde das Bibliotheksgeb\u00e4ude in der Universit\u00e4tsstra\u00dfe 4 eingeweiht. Aus diesem Anlass zeigt die Universit\u00e4tsbibliothek einmal nicht Handschriften und fr\u00fche Drucke, sondern ausgew\u00e4hlte St\u00fccke aus den umfangreichen Sammlungen. Wer w\u00fcrde in einer Universit\u00e4tsbibliothek gravierte Strau\u00dfeneier, Abg\u00fcsse antiker Gemmen, \u00d6lgem\u00e4lde, Zeichnungen [&hellip;]<\/p>\n","protected":false},"featured_media":2706,"comment_status":"open","ping_status":"closed","template":"","meta":{"_acf_changed":false},"product_brand":[],"product_cat":[61],"product_tag":[],"class_list":{"0":"post-1890","1":"product","2":"type-product","3":"status-publish","4":"has-post-thumbnail","6":"product_cat-kleine-schriften-zu-kultur-und-geschichte-der-friedrich-alexander-universitaet-fau","7":"has-post-title","8":"has-post-date","9":"has-post-category","10":"has-post-tag","11":"has-post-comment","12":"has-post-author","13":"","15":"first","16":"instock","17":"taxable","18":"shipping-taxable","19":"purchasable","20":"product-type-simple"},"acf":{"autor":"Hofmann-Randall, Christina","orcid":"","ror":"","herausgeber":"","orcid_hrsg":"","rorhrsg":"","bearbeiter":"","sonstige_beteiligte_personen":"","untertitel":"Sammlungen in der Universit\u00e4tsbibliothek Erlangen-N\u00fcrnberg","zusatz":"","jahr":"2013","zeitschrift":"","serie":"","serie_name":"","serie_band":"","serie_jahr":"","serie_titel_band":"","vortrage":"","issn":"","isbn":"","isbn13":"978-3-944057-09-5","seiten":"174","sonstiges":"zahlr. Ill.","band":7,"auflage":"","opus":"","dspace":"3854","e-isbn_pdf":"978-3-944057-09-5","doi":"","epub":"","e-isbn_epub":"","doi_epub":"","html":"","e-isbn_html":"","doi_html":"","e-isbn_reader":"","doi_reader":"","digibib":"","urn":"urn:nbn:de:bvb:29-opus4-38543","supplementary_material":"","sprache":["Deutsch"],"ausgabe":"Softcover","suche":" 9783944057095 9783944057095  ","lizenz":"BY-NC-ND-3","bemerkung":""},"builder_content":"","_links":{"self":[{"href":"https:\/\/www.university-press.fau.de\/en\/wp-json\/wp\/v2\/product\/1890","targetHints":{"allow":["GET"]}}],"collection":[{"href":"https:\/\/www.university-press.fau.de\/en\/wp-json\/wp\/v2\/product"}],"about":[{"href":"https:\/\/www.university-press.fau.de\/en\/wp-json\/wp\/v2\/types\/product"}],"replies":[{"embeddable":true,"href":"https:\/\/www.university-press.fau.de\/en\/wp-json\/wp\/v2\/comments?post=1890"}],"wp:featuredmedia":[{"embeddable":true,"href":"https:\/\/www.university-press.fau.de\/en\/wp-json\/wp\/v2\/media\/2706"}],"wp:attachment":[{"href":"https:\/\/www.university-press.fau.de\/en\/wp-json\/wp\/v2\/media?parent=1890"}],"wp:term":[{"taxonomy":"product_brand","embeddable":true,"href":"https:\/\/www.university-press.fau.de\/en\/wp-json\/wp\/v2\/product_brand?post=1890"},{"taxonomy":"product_cat","embeddable":true,"href":"https:\/\/www.university-press.fau.de\/en\/wp-json\/wp\/v2\/product_cat?post=1890"},{"taxonomy":"product_tag","embeddable":true,"href":"https:\/\/www.university-press.fau.de\/en\/wp-json\/wp\/v2\/product_tag?post=1890"}],"curies":[{"name":"wp","href":"https:\/\/api.w.org\/{rel}","templated":true}]}}