{"id":1891,"date":"2022-11-21T16:30:00","date_gmt":"2022-11-21T15:30:00","guid":{"rendered":"https:\/\/www.university-press.fau.de\/produkt\/unternehmen-bibliothek\/"},"modified":"2025-10-09T15:41:52","modified_gmt":"2025-10-09T13:41:52","slug":"978-3-944057-20-0","status":"publish","type":"product","link":"https:\/\/www.university-press.fau.de\/en\/product\/978-3-944057-20-0\/","title":{"rendered":"Unternehmen Bibliothek"},"content":{"rendered":"<p>Die vorliegende Publikation dokumentiert die Beitr\u00e4ge des Jubil\u00e4umssymposiums zum 100-j\u00e4hrigen Bestehen des \u00e4ltesten eigenst\u00e4ndigen Bibliotheksgeb\u00e4udes der Friedrich-Alexander-Universit\u00e4t, der Alten Universit\u00e4tsbibliothek, am 21. November 2013. Thematisiert wurden dort wesentliche Facetten des \u201eUnternehmens Bibliothek\u201c und seiner Umwelt ausgehend vom historischen Geb\u00e4ude \u00fcber die Potentiale der universit\u00e4ren Sammlungen, die Herausforderungen der Digitalisierung, den offenen Zugang zum Wissen, der Bibliometrie als m\u00f6glicher neuer Dienstleistung bis hin zur Fl\u00e4chenbedarfsplanung von Universit\u00e4tsbibliotheken und den Entwicklungen bei den wissenschaftlichen Verlagen.<\/p>\n<p><!--themify_builder_static--><!--\/themify_builder_static--><\/p>","protected":false},"excerpt":{"rendered":"<p>Die vorliegende Publikation dokumentiert die Beitr\u00e4ge des Jubil\u00e4umssymposiums zum 100-j\u00e4hrigen Bestehen des \u00e4ltesten eigenst\u00e4ndigen Bibliotheksgeb\u00e4udes der Friedrich-Alexander-Universit\u00e4t, der Alten Universit\u00e4tsbibliothek, am 21. November 2013. Thematisiert wurden dort wesentliche Facetten des \u201eUnternehmens Bibliothek\u201c und seiner Umwelt ausgehend vom historischen Geb\u00e4ude \u00fcber die Potentiale der universit\u00e4ren Sammlungen, die Herausforderungen der Digitalisierung, den offenen Zugang zum Wissen, der [&hellip;]<\/p>\n","protected":false},"featured_media":2703,"comment_status":"open","ping_status":"closed","template":"","meta":{"_acf_changed":false},"product_brand":[],"product_cat":[61],"product_tag":[],"class_list":{"0":"post-1891","1":"product","2":"type-product","3":"status-publish","4":"has-post-thumbnail","6":"product_cat-kleine-schriften-zu-kultur-und-geschichte-der-friedrich-alexander-universitaet-fau","7":"has-post-title","8":"has-post-date","9":"has-post-category","10":"has-post-tag","11":"has-post-comment","12":"has-post-author","13":"","15":"first","16":"instock","17":"taxable","18":"shipping-taxable","19":"purchasable","20":"product-type-simple"},"acf":{"autor":"","orcid":"","ror":"","herausgeber":"S\u00f6llner, Konstanze ; Hennecke, Joachim","orcid_hrsg":"","rorhrsg":"","bearbeiter":"","sonstige_beteiligte_personen":"","untertitel":"100 Jahre Alte Universit\u00e4tsbibliothek","zusatz":"","jahr":"2014","zeitschrift":"","serie":"","serie_name":"","serie_band":"","serie_jahr":"","serie_titel_band":"","vortrage":"","issn":"","isbn":"","isbn13":"978-3-944057-20-0","seiten":"119","sonstiges":"Ill., graph. Darst.","band":8,"auflage":"","opus":"","dspace":"5239","e-isbn_pdf":"978-3-944057-20-0","doi":"","epub":"","e-isbn_epub":"","doi_epub":"","html":"","e-isbn_html":"","doi_html":"","e-isbn_reader":"","doi_reader":"","digibib":"","urn":"urn:nbn:de:bvb:29-opus4-52398","supplementary_material":"","sprache":["Deutsch"],"ausgabe":"Softcover","suche":" 9783944057200 9783944057200  ","lizenz":"BY-NC-ND-3","bemerkung":""},"builder_content":"","_links":{"self":[{"href":"https:\/\/www.university-press.fau.de\/en\/wp-json\/wp\/v2\/product\/1891","targetHints":{"allow":["GET"]}}],"collection":[{"href":"https:\/\/www.university-press.fau.de\/en\/wp-json\/wp\/v2\/product"}],"about":[{"href":"https:\/\/www.university-press.fau.de\/en\/wp-json\/wp\/v2\/types\/product"}],"replies":[{"embeddable":true,"href":"https:\/\/www.university-press.fau.de\/en\/wp-json\/wp\/v2\/comments?post=1891"}],"wp:featuredmedia":[{"embeddable":true,"href":"https:\/\/www.university-press.fau.de\/en\/wp-json\/wp\/v2\/media\/2703"}],"wp:attachment":[{"href":"https:\/\/www.university-press.fau.de\/en\/wp-json\/wp\/v2\/media?parent=1891"}],"wp:term":[{"taxonomy":"product_brand","embeddable":true,"href":"https:\/\/www.university-press.fau.de\/en\/wp-json\/wp\/v2\/product_brand?post=1891"},{"taxonomy":"product_cat","embeddable":true,"href":"https:\/\/www.university-press.fau.de\/en\/wp-json\/wp\/v2\/product_cat?post=1891"},{"taxonomy":"product_tag","embeddable":true,"href":"https:\/\/www.university-press.fau.de\/en\/wp-json\/wp\/v2\/product_tag?post=1891"}],"curies":[{"name":"wp","href":"https:\/\/api.w.org\/{rel}","templated":true}]}}