{"id":1892,"date":"2022-11-21T16:30:00","date_gmt":"2022-11-21T15:30:00","guid":{"rendered":"https:\/\/www.university-press.fau.de\/produkt\/die-zeichnungen-in-der-universitaetsbibliothek-erlangen\/"},"modified":"2025-10-09T15:46:35","modified_gmt":"2025-10-09T13:46:35","slug":"978-3-96147-036-5","status":"publish","type":"product","link":"https:\/\/www.university-press.fau.de\/en\/product\/978-3-96147-036-5\/","title":{"rendered":"Die Zeichnungen in der Universit\u00e4tsbibliothek Erlangen"},"content":{"rendered":"<p>This work explores the contents of a largely uncharted collection of hand drawings which are part of the world-renowned Graphic Collection of the University Library of Erlangen-N\u00fcrnberg. These included two personal works of the brilliant Nuremberg Renaissance painter Peter Fl\u00f6tner as well as several copies after Italian prints, which provided interesting insights into cultural transfer around 1500. This work is a supplement to the essential catalogue \u201eDie Zeichnungen in der Universit\u00e4tsbibliothek Erlangen\u201d of Elfried Bock, published in 1929.<\/p>","protected":false},"excerpt":{"rendered":"<p>Zum weltber\u00fchmten graphischen Bestand der Universit\u00e4tsbibliothek der Friedrich-Alexander-Universit\u00e4t Erlangen-N\u00fcrnberg (FAU) geh\u00f6rt auch ein bislang noch weitgehend unbeachtetes Konvolut an Handzeichnungen. Darunter befinden sich unter anderem zwei eigenh\u00e4ndige Arbeiten des genialen N\u00fcrnberger Renaissancemeisters Peter Fl\u00f6tner, ebenso wie Kopien nach italienischen Druckgraphiken, die erkenntnisreiche Einblicke in den Kulturtransfer um 1500 bieten. Der vorliegende Band ist als Supplement [&hellip;]<\/p>\n","protected":false},"featured_media":2702,"comment_status":"open","ping_status":"closed","template":"","meta":{"_acf_changed":false},"product_brand":[],"product_cat":[61],"product_tag":[],"class_list":{"0":"post-1892","1":"product","2":"type-product","3":"status-publish","4":"has-post-thumbnail","6":"product_cat-kleine-schriften-zu-kultur-und-geschichte-der-friedrich-alexander-universitaet-fau","7":"has-post-title","8":"has-post-date","9":"has-post-category","10":"has-post-tag","11":"has-post-comment","12":"has-post-author","13":"","15":"first","16":"instock","17":"taxable","18":"shipping-taxable","19":"purchasable","20":"product-type-simple"},"acf":{"autor":"","orcid":"","ror":"","herausgeber":"","orcid_hrsg":"","rorhrsg":"","bearbeiter":"Manuel Teget-Welz","sonstige_beteiligte_personen":"","untertitel":"Nachtrag","zusatz":"","jahr":"2017","zeitschrift":"","serie":"","serie_name":"","serie_band":"","serie_jahr":"","serie_titel_band":"","vortrage":"","issn":"","isbn":"","isbn13":"978-3-96147-036-5","seiten":"99","sonstiges":"","band":9,"auflage":"","opus":"","dspace":"8416","e-isbn_pdf":"978-3-96147-037-2","doi":"","epub":"","e-isbn_epub":"","doi_epub":"","html":"","e-isbn_html":"","doi_html":"","e-isbn_reader":"","doi_reader":"","digibib":"","urn":"urn:nbn:de:bvb:29-opus4-84160","supplementary_material":"","sprache":["Deutsch"],"ausgabe":"Softcover","suche":" 9783961470365 9783961470372  ","lizenz":"BY-NC-ND-3","bemerkung":""},"builder_content":"","_links":{"self":[{"href":"https:\/\/www.university-press.fau.de\/en\/wp-json\/wp\/v2\/product\/1892","targetHints":{"allow":["GET"]}}],"collection":[{"href":"https:\/\/www.university-press.fau.de\/en\/wp-json\/wp\/v2\/product"}],"about":[{"href":"https:\/\/www.university-press.fau.de\/en\/wp-json\/wp\/v2\/types\/product"}],"replies":[{"embeddable":true,"href":"https:\/\/www.university-press.fau.de\/en\/wp-json\/wp\/v2\/comments?post=1892"}],"wp:featuredmedia":[{"embeddable":true,"href":"https:\/\/www.university-press.fau.de\/en\/wp-json\/wp\/v2\/media\/2702"}],"wp:attachment":[{"href":"https:\/\/www.university-press.fau.de\/en\/wp-json\/wp\/v2\/media?parent=1892"}],"wp:term":[{"taxonomy":"product_brand","embeddable":true,"href":"https:\/\/www.university-press.fau.de\/en\/wp-json\/wp\/v2\/product_brand?post=1892"},{"taxonomy":"product_cat","embeddable":true,"href":"https:\/\/www.university-press.fau.de\/en\/wp-json\/wp\/v2\/product_cat?post=1892"},{"taxonomy":"product_tag","embeddable":true,"href":"https:\/\/www.university-press.fau.de\/en\/wp-json\/wp\/v2\/product_tag?post=1892"}],"curies":[{"name":"wp","href":"https:\/\/api.w.org\/{rel}","templated":true}]}}