{"id":1893,"date":"2022-11-21T16:30:01","date_gmt":"2022-11-21T15:30:01","guid":{"rendered":"https:\/\/www.university-press.fau.de\/produkt\/von-friedrich-rueckert-bis-karl-hoffmann\/"},"modified":"2024-10-09T09:23:36","modified_gmt":"2024-10-09T07:23:36","slug":"978-3-96147-322-9","status":"publish","type":"product","link":"https:\/\/www.university-press.fau.de\/en\/product\/978-3-96147-322-9\/","title":{"rendered":"Von Friedrich R\u00fcckert bis Karl Hoffmann"},"content":{"rendered":"<p>Times were different when nearly 200 years ago the famous poet, professor Friedrich R\u00fcckert, introduced the field of Indo-European Studies at the University of Erlangen. At that period a professor could very well combine poetry with linguistic studies. 150 years later the Friedrich-Alexander-Universit\u00e4t was fortunate to count Karl Hoffmann, as one of R\u00fcckert's successors. Hoffmann was noted for his exact method within this field. Between these two outstanding scholars six other professors with rather different professional interests were teaching in Erlangen. Most of the time there was not enough money for books, the world wide political problems did not go bye unnoticed, and once there was even a secret evoked by an interesting student. But throughout all these years students were taught and could choose betweeen numerous languages, on top of all, since the time of Friedrich R\u00fcckert, there was Sanskrit, the holy language of the Hindus.<\/p>","protected":false},"excerpt":{"rendered":"<p>Es waren noch andere Zeiten, als der ber\u00fchmte Dichter Friedrich R\u00fcckert in Erlangen die Indogermanistik einf\u00fchrte: Er brauchte als Professor seine Poesie von der Wissenschaft nicht v\u00f6llig zu trennen. 150 Jahre danach war der Erlanger Professor Karl Hoffmann, R\u00fcckerts Enkelsch\u00fcler, wegen seiner exakten Methoden in der Sprachwissenschaft weltweit gesch\u00e4tzt. Zwischen diesen beiden Gro\u00dfen wirkten in [&hellip;]<\/p>\n","protected":false},"featured_media":2700,"comment_status":"open","ping_status":"closed","template":"","meta":{"_acf_changed":false},"product_brand":[],"product_cat":[61],"product_tag":[],"class_list":{"0":"post-1893","1":"product","2":"type-product","3":"status-publish","4":"has-post-thumbnail","6":"product_cat-kleine-schriften-zu-kultur-und-geschichte-der-friedrich-alexander-universitaet-fau","7":"has-post-title","8":"has-post-date","9":"has-post-category","10":"has-post-tag","11":"has-post-comment","12":"has-post-author","13":"","15":"first","16":"instock","17":"taxable","18":"shipping-taxable","19":"purchasable","20":"product-type-simple"},"acf":{"autor":"Forssman, Bernhard","orcid":"","ror":"","herausgeber":"","orcid_hrsg":"","rorhrsg":"","bearbeiter":"","sonstige_beteiligte_personen":"","untertitel":"150 Jahre Indogermanistik in Erlangen","zusatz":"","jahr":"2020","zeitschrift":"","serie":"","serie_name":"","serie_band":"","serie_jahr":"","serie_titel_band":"","vortrage":"","issn":"","isbn":"","isbn13":"978-3-96147-322-9","seiten":"84","sonstiges":"Illustrationen","band":10,"auflage":"","opus":"","dspace":"14196","e-isbn_pdf":"978-3-96147-323-6","doi":"https:\/\/doi.org\/10.25593\/978-3-96147-323-6","epub":"","e-isbn_epub":"","doi_epub":"","html":"","e-isbn_html":"","doi_html":"","e-isbn_reader":"","doi_reader":"","digibib":"","urn":"urn:nbn:de:bvb:29-opus4-141961","supplementary_material":"","sprache":["Deutsch"],"ausgabe":"Softcover","suche":" 9783961473229 9783961473236  ","lizenz":"BY-4","bemerkung":""},"builder_content":"","_links":{"self":[{"href":"https:\/\/www.university-press.fau.de\/en\/wp-json\/wp\/v2\/product\/1893","targetHints":{"allow":["GET"]}}],"collection":[{"href":"https:\/\/www.university-press.fau.de\/en\/wp-json\/wp\/v2\/product"}],"about":[{"href":"https:\/\/www.university-press.fau.de\/en\/wp-json\/wp\/v2\/types\/product"}],"replies":[{"embeddable":true,"href":"https:\/\/www.university-press.fau.de\/en\/wp-json\/wp\/v2\/comments?post=1893"}],"wp:featuredmedia":[{"embeddable":true,"href":"https:\/\/www.university-press.fau.de\/en\/wp-json\/wp\/v2\/media\/2700"}],"wp:attachment":[{"href":"https:\/\/www.university-press.fau.de\/en\/wp-json\/wp\/v2\/media?parent=1893"}],"wp:term":[{"taxonomy":"product_brand","embeddable":true,"href":"https:\/\/www.university-press.fau.de\/en\/wp-json\/wp\/v2\/product_brand?post=1893"},{"taxonomy":"product_cat","embeddable":true,"href":"https:\/\/www.university-press.fau.de\/en\/wp-json\/wp\/v2\/product_cat?post=1893"},{"taxonomy":"product_tag","embeddable":true,"href":"https:\/\/www.university-press.fau.de\/en\/wp-json\/wp\/v2\/product_tag?post=1893"}],"curies":[{"name":"wp","href":"https:\/\/api.w.org\/{rel}","templated":true}]}}