{"id":1909,"date":"2022-11-22T10:43:24","date_gmt":"2022-11-22T09:43:24","guid":{"rendered":"https:\/\/www.university-press.fau.de\/produkt\/katalog-der-muenzen-in-der-universitaetsbibliothek-erlangen-nuernberg-4\/"},"modified":"2025-01-22T11:49:42","modified_gmt":"2025-01-22T10:49:42","slug":"978-3-930357-14-7","status":"publish","type":"product","link":"https:\/\/www.university-press.fau.de\/en\/product\/978-3-930357-14-7\/","title":{"rendered":"Katalog der M\u00fcnzen in der Universit\u00e4tsbibliothek Erlangen-N\u00fcrnberg"},"content":{"rendered":"","protected":false},"excerpt":{"rendered":"","protected":false},"featured_media":0,"comment_status":"open","ping_status":"closed","template":"","meta":{"_acf_changed":false},"product_brand":[],"product_cat":[62,50],"product_tag":[],"class_list":{"0":"post-1909","1":"product","2":"type-product","3":"status-publish","5":"product_cat-muenzkataloge","6":"product_cat-schriften-der-universitaetsbibliothek-erlangen-nuernberg-ub","7":"has-post-title","8":"has-post-date","9":"has-post-category","10":"has-post-tag","11":"has-post-comment","12":"has-post-author","13":"","15":"first","16":"instock","17":"taxable","18":"shipping-taxable","19":"purchasable","20":"product-type-simple"},"acf":{"autor":"","orcid":"","ror":"","herausgeber":"","orcid_hrsg":"","rorhrsg":"","bearbeiter":" Ulrich Zwicker","sonstige_beteiligte_personen":"","untertitel":"","zusatz":"","jahr":"1996","zeitschrift":"","serie":["ja"],"serie_name":"M\u00fcnzkataloge","serie_band":"4","serie_jahr":"","serie_titel_band":"Griechische M\u00fcnzen (Griechenland, \u00c4g\u00e4is, Pontus, Paphlagonien und Bithynien), Sammlung Zwicker, Teil 2","vortrage":"","issn":"","isbn":"3-930357-14-3","isbn13":"978-3-930357-14-7","seiten":"254","sonstiges":"zahlr. Ill.","band":28,"auflage":"","opus":"","dspace":"","e-isbn_pdf":"","doi":"","epub":"","e-isbn_epub":"","doi_epub":"","html":"","e-isbn_html":"","doi_html":"","e-isbn_reader":"","doi_reader":"","digibib":"https:\/\/nbn-resolving.org\/urn:nbn:de:bvb:29-bv012174973-8","urn":"","supplementary_material":"","sprache":["Deutsch"],"ausgabe":"Softcover","suche":"3930357143 9783930357147   ","lizenz":"ohne Angabe","bemerkung":""},"builder_content":"","_links":{"self":[{"href":"https:\/\/www.university-press.fau.de\/en\/wp-json\/wp\/v2\/product\/1909","targetHints":{"allow":["GET"]}}],"collection":[{"href":"https:\/\/www.university-press.fau.de\/en\/wp-json\/wp\/v2\/product"}],"about":[{"href":"https:\/\/www.university-press.fau.de\/en\/wp-json\/wp\/v2\/types\/product"}],"replies":[{"embeddable":true,"href":"https:\/\/www.university-press.fau.de\/en\/wp-json\/wp\/v2\/comments?post=1909"}],"wp:attachment":[{"href":"https:\/\/www.university-press.fau.de\/en\/wp-json\/wp\/v2\/media?parent=1909"}],"wp:term":[{"taxonomy":"product_brand","embeddable":true,"href":"https:\/\/www.university-press.fau.de\/en\/wp-json\/wp\/v2\/product_brand?post=1909"},{"taxonomy":"product_cat","embeddable":true,"href":"https:\/\/www.university-press.fau.de\/en\/wp-json\/wp\/v2\/product_cat?post=1909"},{"taxonomy":"product_tag","embeddable":true,"href":"https:\/\/www.university-press.fau.de\/en\/wp-json\/wp\/v2\/product_tag?post=1909"}],"curies":[{"name":"wp","href":"https:\/\/api.w.org\/{rel}","templated":true}]}}