{"id":1916,"date":"2022-11-22T10:43:27","date_gmt":"2022-11-22T09:43:27","guid":{"rendered":"https:\/\/www.university-press.fau.de\/produkt\/katalog-der-muenzen-in-der-universitaetsbibliothek-erlangen-nuernberg-8\/"},"modified":"2025-01-22T11:41:03","modified_gmt":"2025-01-22T10:41:03","slug":"978-3-930357-31-4","status":"publish","type":"product","link":"https:\/\/www.university-press.fau.de\/en\/product\/978-3-930357-31-4\/","title":{"rendered":"Katalog der M\u00fcnzen in der Universit\u00e4tsbibliothek Erlangen-N\u00fcrnberg"},"content":{"rendered":"","protected":false},"excerpt":{"rendered":"","protected":false},"featured_media":0,"comment_status":"open","ping_status":"closed","template":"","meta":{"_acf_changed":false},"product_brand":[],"product_cat":[50,62],"product_tag":[],"class_list":{"0":"post-1916","1":"product","2":"type-product","3":"status-publish","5":"product_cat-schriften-der-universitaetsbibliothek-erlangen-nuernberg-ub","6":"product_cat-muenzkataloge","7":"has-post-title","8":"has-post-date","9":"has-post-category","10":"has-post-tag","11":"has-post-comment","12":"has-post-author","13":"","15":"first","16":"instock","17":"taxable","18":"shipping-taxable","19":"purchasable","20":"product-type-simple"},"acf":{"autor":"","orcid":"","ror":"","herausgeber":"","orcid_hrsg":"","rorhrsg":"","bearbeiter":"Ulrich Zwicker","sonstige_beteiligte_personen":"","untertitel":"","zusatz":"","jahr":"1999","zeitschrift":"","serie":["ja"],"serie_name":"M\u00fcnzkataloge","serie_band":"8","serie_jahr":"","serie_titel_band":"Antike M\u00fcnzen (R\u00f6mische Republik und Augustus), Sammlung Zwicker, Teil 6","vortrage":"","issn":"","isbn":"3-930357-31-3","isbn13":"978-3-930357-31-4","seiten":"VIII, 233","sonstiges":"zahlr. Ill.","band":35,"auflage":"","opus":"","dspace":"","e-isbn_pdf":"","doi":"","epub":"","e-isbn_epub":"","doi_epub":"","html":"","e-isbn_html":"","doi_html":"","e-isbn_reader":"","doi_reader":"","digibib":"https:\/\/nbn-resolving.org\/urn:nbn:de:bvb:29-bv013025818-1","urn":"","supplementary_material":"","sprache":["Deutsch"],"ausgabe":"Softcover","suche":"3930357313 9783930357314   ","lizenz":"BY-3","bemerkung":""},"builder_content":"","_links":{"self":[{"href":"https:\/\/www.university-press.fau.de\/en\/wp-json\/wp\/v2\/product\/1916","targetHints":{"allow":["GET"]}}],"collection":[{"href":"https:\/\/www.university-press.fau.de\/en\/wp-json\/wp\/v2\/product"}],"about":[{"href":"https:\/\/www.university-press.fau.de\/en\/wp-json\/wp\/v2\/types\/product"}],"replies":[{"embeddable":true,"href":"https:\/\/www.university-press.fau.de\/en\/wp-json\/wp\/v2\/comments?post=1916"}],"wp:attachment":[{"href":"https:\/\/www.university-press.fau.de\/en\/wp-json\/wp\/v2\/media?parent=1916"}],"wp:term":[{"taxonomy":"product_brand","embeddable":true,"href":"https:\/\/www.university-press.fau.de\/en\/wp-json\/wp\/v2\/product_brand?post=1916"},{"taxonomy":"product_cat","embeddable":true,"href":"https:\/\/www.university-press.fau.de\/en\/wp-json\/wp\/v2\/product_cat?post=1916"},{"taxonomy":"product_tag","embeddable":true,"href":"https:\/\/www.university-press.fau.de\/en\/wp-json\/wp\/v2\/product_tag?post=1916"}],"curies":[{"name":"wp","href":"https:\/\/api.w.org\/{rel}","templated":true}]}}