{"id":1926,"date":"2022-11-22T10:43:33","date_gmt":"2022-11-22T09:43:33","guid":{"rendered":"https:\/\/www.university-press.fau.de\/produkt\/katalog-der-muenzen-in-der-universitaetsbibliothek-erlangen-nuernberg-10\/"},"modified":"2024-03-20T14:29:54","modified_gmt":"2024-03-20T13:29:54","slug":"978-3-930357-83-3","status":"publish","type":"product","link":"https:\/\/www.university-press.fau.de\/en\/product\/978-3-930357-83-3\/","title":{"rendered":"Katalog der M\u00fcnzen in der Universit\u00e4tsbibliothek Erlangen-N\u00fcrnberg"},"content":{"rendered":"","protected":false},"excerpt":{"rendered":"","protected":false},"featured_media":1927,"comment_status":"open","ping_status":"closed","template":"","meta":{"_acf_changed":false},"product_brand":[],"product_cat":[62,50],"product_tag":[],"class_list":{"0":"post-1926","1":"product","2":"type-product","3":"status-publish","4":"has-post-thumbnail","6":"product_cat-muenzkataloge","7":"product_cat-schriften-der-universitaetsbibliothek-erlangen-nuernberg-ub","8":"has-post-title","9":"has-post-date","10":"has-post-category","11":"has-post-tag","12":"has-post-comment","13":"has-post-author","14":"","16":"first","17":"instock","18":"taxable","19":"shipping-taxable","20":"purchasable","21":"product-type-simple"},"acf":{"autor":"","orcid":"","ror":"","herausgeber":"","orcid_hrsg":"","rorhrsg":"","bearbeiter":"Martin Boss [u.a.]","sonstige_beteiligte_personen":"","untertitel":"","zusatz":"","jahr":"2007","zeitschrift":"","serie":["ja"],"serie_name":"M\u00fcnzkataloge","serie_band":"10","serie_jahr":"","serie_titel_band":"Die M\u00fcnzen des Byzantinischen Reiches in der Universit\u00e4tsbibliothek Erlangen-N\u00fcrnberg","vortrage":"","issn":"","isbn":"","isbn13":"978-3-930357-83-3","seiten":"269","sonstiges":"zahlr. Ill.","band":45,"auflage":"","opus":"","dspace":"","e-isbn_pdf":"","doi":"","epub":"","e-isbn_epub":"","doi_epub":"","html":"","e-isbn_html":"","doi_html":"","e-isbn_reader":"","doi_reader":"","digibib":"","urn":"","supplementary_material":"","sprache":["Deutsch"],"ausgabe":"Softcover","suche":" 9783930357833   ","lizenz":"ohne Angabe","bemerkung":""},"builder_content":"","_links":{"self":[{"href":"https:\/\/www.university-press.fau.de\/en\/wp-json\/wp\/v2\/product\/1926","targetHints":{"allow":["GET"]}}],"collection":[{"href":"https:\/\/www.university-press.fau.de\/en\/wp-json\/wp\/v2\/product"}],"about":[{"href":"https:\/\/www.university-press.fau.de\/en\/wp-json\/wp\/v2\/types\/product"}],"replies":[{"embeddable":true,"href":"https:\/\/www.university-press.fau.de\/en\/wp-json\/wp\/v2\/comments?post=1926"}],"wp:featuredmedia":[{"embeddable":true,"href":"https:\/\/www.university-press.fau.de\/en\/wp-json\/wp\/v2\/media\/1927"}],"wp:attachment":[{"href":"https:\/\/www.university-press.fau.de\/en\/wp-json\/wp\/v2\/media?parent=1926"}],"wp:term":[{"taxonomy":"product_brand","embeddable":true,"href":"https:\/\/www.university-press.fau.de\/en\/wp-json\/wp\/v2\/product_brand?post=1926"},{"taxonomy":"product_cat","embeddable":true,"href":"https:\/\/www.university-press.fau.de\/en\/wp-json\/wp\/v2\/product_cat?post=1926"},{"taxonomy":"product_tag","embeddable":true,"href":"https:\/\/www.university-press.fau.de\/en\/wp-json\/wp\/v2\/product_tag?post=1926"}],"curies":[{"name":"wp","href":"https:\/\/api.w.org\/{rel}","templated":true}]}}