{"id":2441,"date":"2022-12-12T11:49:13","date_gmt":"2022-12-12T10:49:13","guid":{"rendered":"https:\/\/www.university-press.fau.de\/?post_type=product&#038;p=2441"},"modified":"2024-11-13T09:05:32","modified_gmt":"2024-11-13T08:05:32","slug":"978-3-96147-595-7","status":"publish","type":"product","link":"https:\/\/www.university-press.fau.de\/en\/product\/978-3-96147-595-7\/","title":{"rendered":"Unser Deutsch III"},"content":{"rendered":"<p>Horst Haider Munske ist emeritierte Professor f\u00fcr Germanische und deutsche Sprachwissenschaft und Mundartkunde sowie Senior Professor of Linguistics an der Friedrich-Alexander-Universit\u00e4t Erlangen-N\u00fcrnberg. Geboren in G\u00f6rlitz, Besuch des Carl-Duisberg-Gymnasiums in Wuppertal, Studium der Germanistik, Anglistik, Nordistik und Keltologie an den Universit\u00e4ten Bonn, Berlin (FU) und Marburg\/Lahn, Promotion 1962 und Habilitation 1970 an der Philipps-Universit\u00e4t Marburg\/Lahn, Lektor f\u00fcr Deutsche Sprache und Literatur an der Universit\u00e4t Uppsala\/Schweden 1963-65.<\/p>\n<p>Ver\u00f6ffentlichungen zu Germanische Sprachen, Dialektologie, Lexikologie, Sprachkontakt und Orthographie. Buchpublikationen sind u.a. Englisch in europ\u00e4ischen Sprachen (2020), Unser Deutsch. 100 Glossen zum heutigen Wortschatz (2019), Unser Deutsch II (2020), Ausgew\u00e4hlte sprachwissenschaftliche Schriften (2 B\u00e4nde, 2015), Unsere Universit\u00e4t im Abstieg? Bologna, Baf\u00f6g, Bachelor (2014), Lob der Rechtschreibung. Warum wir schreiben, wie wir schreiben (2015), Sprachatlas von Mittelfranken (10 B\u00e4nde, 2003-2014), Handbuch des Friesischen (2001). Seit 1997 publizistische Beitr\u00e4ge, zumeist in Frankfurter Allgemeine Zeitung und Welt, zu Hochschulpolitik, Sprachkritik, Rechtschreibreform.<\/p>","protected":false},"excerpt":{"rendered":"<p>Horst Haider Munske ist emeritierte Professor f\u00fcr Germanische und deutsche Sprachwissenschaft und Mundartkunde sowie Senior Professor of Linguistics an der Friedrich-Alexander-Universit\u00e4t Erlangen-N\u00fcrnberg. Geboren in G\u00f6rlitz, Besuch des Carl-Duisberg-Gymnasiums in Wuppertal, Studium der Germanistik, Anglistik, Nordistik und Keltologie an den Universit\u00e4ten Bonn, Berlin (FU) und Marburg\/Lahn, Promotion 1962 und Habilitation 1970 an der Philipps-Universit\u00e4t Marburg\/Lahn, Lektor [&hellip;]<\/p>\n","protected":false},"featured_media":2442,"comment_status":"open","ping_status":"closed","template":"","meta":{"_acf_changed":false},"product_brand":[],"product_cat":[40],"product_tag":[],"class_list":{"0":"post-2441","1":"product","2":"type-product","3":"status-publish","4":"has-post-thumbnail","6":"product_cat-einzeltitel","7":"has-post-title","8":"has-post-date","9":"has-post-category","10":"has-post-tag","11":"has-post-comment","12":"has-post-author","13":"","15":"first","16":"instock","17":"taxable","18":"shipping-taxable","19":"purchasable","20":"product-type-simple"},"acf":{"autor":"Munske, Horst Haider","orcid":"","ror":"","herausgeber":"","orcid_hrsg":"","rorhrsg":"","bearbeiter":"","sonstige_beteiligte_personen":"","untertitel":"Neueste Glossen zum heutigen Deutsch","zusatz":"","jahr":"2022","zeitschrift":"","serie":"","serie_name":"","serie_band":"","serie_jahr":"","serie_titel_band":"","vortrage":"","issn":"","isbn":"","isbn13":"978-3-96147-595-7","seiten":"161","sonstiges":"","band":"","auflage":"","opus":"","dspace":"21026","e-isbn_pdf":"978-3-96147-596-4","doi":"https:\/\/doi.org\/10.25593\/978-3-96147-596-4","epub":"","e-isbn_epub":"","doi_epub":"","html":"","e-isbn_html":"","doi_html":"","e-isbn_reader":"","doi_reader":"","digibib":"","urn":"urn:nbn:de:bvb:29-opus4-210265","supplementary_material":"","sprache":["Deutsch"],"ausgabe":"Softcover","suche":" 9783961475957 9783961475964  ","lizenz":"BY-4","bemerkung":""},"builder_content":"","_links":{"self":[{"href":"https:\/\/www.university-press.fau.de\/en\/wp-json\/wp\/v2\/product\/2441","targetHints":{"allow":["GET"]}}],"collection":[{"href":"https:\/\/www.university-press.fau.de\/en\/wp-json\/wp\/v2\/product"}],"about":[{"href":"https:\/\/www.university-press.fau.de\/en\/wp-json\/wp\/v2\/types\/product"}],"replies":[{"embeddable":true,"href":"https:\/\/www.university-press.fau.de\/en\/wp-json\/wp\/v2\/comments?post=2441"}],"wp:featuredmedia":[{"embeddable":true,"href":"https:\/\/www.university-press.fau.de\/en\/wp-json\/wp\/v2\/media\/2442"}],"wp:attachment":[{"href":"https:\/\/www.university-press.fau.de\/en\/wp-json\/wp\/v2\/media?parent=2441"}],"wp:term":[{"taxonomy":"product_brand","embeddable":true,"href":"https:\/\/www.university-press.fau.de\/en\/wp-json\/wp\/v2\/product_brand?post=2441"},{"taxonomy":"product_cat","embeddable":true,"href":"https:\/\/www.university-press.fau.de\/en\/wp-json\/wp\/v2\/product_cat?post=2441"},{"taxonomy":"product_tag","embeddable":true,"href":"https:\/\/www.university-press.fau.de\/en\/wp-json\/wp\/v2\/product_tag?post=2441"}],"curies":[{"name":"wp","href":"https:\/\/api.w.org\/{rel}","templated":true}]}}