{"id":2545,"date":"2022-12-16T10:52:18","date_gmt":"2022-12-16T09:52:18","guid":{"rendered":"https:\/\/www.university-press.fau.de\/?post_type=product&#038;p=2545"},"modified":"2025-12-03T14:13:30","modified_gmt":"2025-12-03T13:13:30","slug":"978-3-96147-062-4","status":"publish","type":"product","link":"https:\/\/www.university-press.fau.de\/en\/product\/978-3-96147-062-4\/","title":{"rendered":"Issues of the European and International Economy in the Era of Globalization"},"content":{"rendered":"<p>Die Globalisierung stellt Europa und die Weltwirtschaft vor gro\u00dfe Herausforderungen. In den elf Aufs\u00e4tzen dieser Festschrift werden Aspekte der Globalisierung aus theoretischer, empirischer und wirtschaftspolitischer Sicht analysiert. Die Themen reichen von Au\u00dfenhandel, Europ\u00e4ische W\u00e4hrungsunion, Schuldenkrise, Fiskalpolitik, Umweltpolitik, Unternehmenspolitik und \u00d6lpreisen bis zur Frage, warum \u00f6konomische Institutionen entstehen und sich wandeln. Der geografische Schwerpunkt der Beitr\u00e4ge ist Europa, aber Lateinamerika, die USA und Japan werden auch ber\u00fccksichtigt.<\/p>","protected":false},"excerpt":{"rendered":"<p>Die Globalisierung stellt Europa und die Weltwirtschaft vor gro\u00dfe Herausforderungen. In den elf Aufs\u00e4tzen dieser Festschrift werden Aspekte der Globalisierung aus theoretischer, empirischer und wirtschaftspolitischer Sicht analysiert. Die Themen reichen von Au\u00dfenhandel, Europ\u00e4ische W\u00e4hrungsunion, Schuldenkrise, Fiskalpolitik, Umweltpolitik, Unternehmenspolitik und \u00d6lpreisen bis zur Frage, warum \u00f6konomische Institutionen entstehen und sich wandeln. Der geografische Schwerpunkt der Beitr\u00e4ge [&hellip;]<\/p>\n","protected":false},"featured_media":2548,"comment_status":"open","ping_status":"closed","template":"","meta":{"_acf_changed":false},"product_brand":[],"product_cat":[55],"product_tag":[],"class_list":{"0":"post-2545","1":"product","2":"type-product","3":"status-publish","4":"has-post-thumbnail","6":"product_cat-fau-studien-aus-der-philosophischen-fakultaet","7":"has-post-title","8":"has-post-date","9":"has-post-category","10":"has-post-tag","11":"has-post-comment","12":"has-post-author","13":"","15":"first","16":"instock","17":"taxable","18":"shipping-taxable","19":"purchasable","20":"product-type-simple"},"acf":{"autor":"","orcid":"","ror":"","herausgeber":"J\u00fcrgen K\u00e4hler und Kyriakos Revelas","orcid_hrsg":"","rorhrsg":"","bearbeiter":"","sonstige_beteiligte_personen":"","untertitel":"","zusatz":"","jahr":"2017","zeitschrift":"","serie":"","serie_name":"","serie_band":"","serie_jahr":"","serie_titel_band":"","vortrage":"","issn":"","isbn":"","isbn13":"978-3-96147-062-4","seiten":"368","sonstiges":"","band":8,"auflage":"","opus":"","dspace":"8904","e-isbn_pdf":"978-3-96147-063-1","doi":"","epub":"","e-isbn_epub":"","doi_epub":"","html":"","e-isbn_html":"","doi_html":"","e-isbn_reader":"","doi_reader":"","digibib":"","urn":"urn:nbn:de:bvb:29-opus4-89044","supplementary_material":"","sprache":["Englisch"],"ausgabe":"Softcover","suche":" 9783961470624 9783961470631  ","lizenz":"BY-3","bemerkung":""},"builder_content":"","_links":{"self":[{"href":"https:\/\/www.university-press.fau.de\/en\/wp-json\/wp\/v2\/product\/2545","targetHints":{"allow":["GET"]}}],"collection":[{"href":"https:\/\/www.university-press.fau.de\/en\/wp-json\/wp\/v2\/product"}],"about":[{"href":"https:\/\/www.university-press.fau.de\/en\/wp-json\/wp\/v2\/types\/product"}],"replies":[{"embeddable":true,"href":"https:\/\/www.university-press.fau.de\/en\/wp-json\/wp\/v2\/comments?post=2545"}],"wp:featuredmedia":[{"embeddable":true,"href":"https:\/\/www.university-press.fau.de\/en\/wp-json\/wp\/v2\/media\/2548"}],"wp:attachment":[{"href":"https:\/\/www.university-press.fau.de\/en\/wp-json\/wp\/v2\/media?parent=2545"}],"wp:term":[{"taxonomy":"product_brand","embeddable":true,"href":"https:\/\/www.university-press.fau.de\/en\/wp-json\/wp\/v2\/product_brand?post=2545"},{"taxonomy":"product_cat","embeddable":true,"href":"https:\/\/www.university-press.fau.de\/en\/wp-json\/wp\/v2\/product_cat?post=2545"},{"taxonomy":"product_tag","embeddable":true,"href":"https:\/\/www.university-press.fau.de\/en\/wp-json\/wp\/v2\/product_tag?post=2545"}],"curies":[{"name":"wp","href":"https:\/\/api.w.org\/{rel}","templated":true}]}}