{"id":2597,"date":"2022-12-21T11:28:30","date_gmt":"2022-12-21T10:28:30","guid":{"rendered":"https:\/\/www.university-press.fau.de\/?post_type=product&#038;p=2597"},"modified":"2024-03-22T11:26:23","modified_gmt":"2024-03-22T10:26:23","slug":"978-3-96147-581-0","status":"publish","type":"product","link":"https:\/\/www.university-press.fau.de\/en\/product\/978-3-96147-581-0\/","title":{"rendered":"Beziehungsweise Fl\u00fcchtlingshilfe \u2013 Die (Re-)Produktion erfahrungsbasierter Beziehungen und situierter Transaktionsr\u00e4ume (der Teilhabe) durch Praktiken ehrenamtlicher Fl\u00fcchtlingshilfe"},"content":{"rendered":"<p>The immigration of refugees to EU member states reached a numerical peak in the summer and fall of 2015. At that time, two buzzwords dominated media headlines in Germany: \"refugee crisis\" (as a description of the current migration phenomena) and \"welcome culture\". The latter stood for the broad and multifaceted movement of voluntary refugee assistance, which noticeably relieved the organizationally overburdened asylum system in Germany in the reception and integration of refugees and thus made a significant contribution to maintaining social peace.<\/p>\n<p>Thus, voluntary refugee relief is not only a meaningful leisure activity or a commendable contribution to society but is always integrated into the public and political debates about the consequences of migration events. Volunteers consequently operate in a highly politicized field, which is becoming increasingly conflictual as the debate about migration and integration intensifies.Thus, voluntary refugee relief is not only a meaningful leisure activity or a commendable contribution to society but is always integrated into the public and political debates about the consequences of migration events. Volunteers consequently operate in a highly politicized field, which is becoming increasingly conflictual as the debate about migration and integration intensifies.<\/p>\n<p>The present book is dedicated to this dynamic field of civil engagement by presenting and reflecting on the modes of action and negotiation processes of voluntary refugee relief with help of a practice-theoretical perspective. It can be shown that voluntary engagement with refugees is shaped and legitimised in particular with regard to four core aspects: openness and non-commitment, to do moral good, the assumption of social responsibility, and the expectation of a noticeable cultural difference, which together establish practice-field-specific modes of relationship. Furthermore, it becomes clear that the personal relationships between volunteers and refugees in particular can help to counteract the aggravation of asylum law, open up new spaces for participation, and thus contribute to the stability of society as a whole.<\/p>","protected":false},"excerpt":{"rendered":"<p>Die Einreise von Gefl\u00fcchteten in die Mitgliedsstaaten der EU erreichte einen zahlenm\u00e4\u00dfigen H\u00f6hepunkt im Sommer und Herbst 2015. Zu dieser Zeit pr\u00e4gten in Deutschland zwei Schlagworte die mediale Berichterstattung: &#8222;Fl\u00fcchtlingskrise&#8220; (als Beschreibung der gegenw\u00e4rtigen Migrationsph\u00e4nomene) und &#8222;Willkommenskultur&#8220;. Letztere stand f\u00fcr die breite und vielschichtige Bewegung ehrenamtlicher Fl\u00fcchtlingshilfe, die das organisatorisch \u00fcberforderte Asylsystem Deutschlands bei der [&hellip;]<\/p>\n","protected":false},"featured_media":2598,"comment_status":"open","ping_status":"closed","template":"","meta":{"_acf_changed":false},"product_brand":[],"product_cat":[47],"product_tag":[],"class_list":{"0":"post-2597","1":"product","2":"type-product","3":"status-publish","4":"has-post-thumbnail","6":"product_cat-erlanger-migrations-und-integrationsstudien","7":"has-post-title","8":"has-post-date","9":"has-post-category","10":"has-post-tag","11":"has-post-comment","12":"has-post-author","13":"","15":"first","16":"instock","17":"taxable","18":"shipping-taxable","19":"purchasable","20":"product-type-simple"},"acf":{"autor":"Hoppe-Seyler, Annika","orcid":"0000-0002-1576-9619","ror":"","herausgeber":"","orcid_hrsg":"","rorhrsg":"","bearbeiter":"","sonstige_beteiligte_personen":"","untertitel":"","zusatz":"","jahr":"2022","zeitschrift":"","serie":"","serie_name":"","serie_band":"","serie_jahr":"","serie_titel_band":"","vortrage":"","issn":"","isbn":"","isbn13":"978-3-96147-581-0","seiten":"xxiii, 417","sonstiges":"","band":9,"auflage":"","opus":"","dspace":"21161","e-isbn_pdf":"978-3-96147-582-7","doi":"https:\/\/doi.org\/10.25593\/978-3-96147-582-7","epub":"","e-isbn_epub":"","doi_epub":"","html":"","e-isbn_html":"","doi_html":"","e-isbn_reader":"","doi_reader":"","digibib":"","urn":"urn:nbn:de:bvb:29-opus4-211616","supplementary_material":"","sprache":["Deutsch"],"ausgabe":"Softcover","suche":" 9783961475810 9783961475827  ","lizenz":"BY-4","bemerkung":""},"builder_content":"","_links":{"self":[{"href":"https:\/\/www.university-press.fau.de\/en\/wp-json\/wp\/v2\/product\/2597","targetHints":{"allow":["GET"]}}],"collection":[{"href":"https:\/\/www.university-press.fau.de\/en\/wp-json\/wp\/v2\/product"}],"about":[{"href":"https:\/\/www.university-press.fau.de\/en\/wp-json\/wp\/v2\/types\/product"}],"replies":[{"embeddable":true,"href":"https:\/\/www.university-press.fau.de\/en\/wp-json\/wp\/v2\/comments?post=2597"}],"wp:featuredmedia":[{"embeddable":true,"href":"https:\/\/www.university-press.fau.de\/en\/wp-json\/wp\/v2\/media\/2598"}],"wp:attachment":[{"href":"https:\/\/www.university-press.fau.de\/en\/wp-json\/wp\/v2\/media?parent=2597"}],"wp:term":[{"taxonomy":"product_brand","embeddable":true,"href":"https:\/\/www.university-press.fau.de\/en\/wp-json\/wp\/v2\/product_brand?post=2597"},{"taxonomy":"product_cat","embeddable":true,"href":"https:\/\/www.university-press.fau.de\/en\/wp-json\/wp\/v2\/product_cat?post=2597"},{"taxonomy":"product_tag","embeddable":true,"href":"https:\/\/www.university-press.fau.de\/en\/wp-json\/wp\/v2\/product_tag?post=2597"}],"curies":[{"name":"wp","href":"https:\/\/api.w.org\/{rel}","templated":true}]}}