{"id":2874,"date":"2023-02-02T15:54:47","date_gmt":"2023-02-02T14:54:47","guid":{"rendered":"https:\/\/www.university-press.fau.de\/?post_type=product&#038;p=2874"},"modified":"2024-09-10T11:25:47","modified_gmt":"2024-09-10T09:25:47","slug":"978-3-96147-591-9","status":"publish","type":"product","link":"https:\/\/www.university-press.fau.de\/en\/product\/978-3-96147-591-9\/","title":{"rendered":"Statusfragen: Neue Forschungen zu Herrscherinnen der Fr\u00fchen Neuzeit in intersektionaler Perspektive"},"content":{"rendered":"<p>This book introduces a new, intersectional perspective on the artistic patronage and representation of female rulers in the early modern period. The term \"rulers\" refers to female rulers in their own right as well as to women who asserted their influence at court as consorts, regents, or widows. The patronage of female rulers is examined particularly with regard to the intersectional entanglement of categories of difference and their influence on these women\u2019s agency. Thus, the focus is on the manifold factors that, besides gender, shaped the presentation and representation of women at early modern courts. The different case studies cover the period from the 15th to the late 18th century and offer a comparison of the situation in the different, intensely intertwined states of Europe.<\/p>","protected":false},"excerpt":{"rendered":"<p>Dieser Band er\u00f6ffnet einen neuen, intersektionalen Blick auf die Kunstpatronage und k\u00fcnstlerische Repr\u00e4sentation von Herrscherinnen der Fr\u00fchen Neuzeit. Unter dem Begriff \u201eHerrscherinnen\u201c werden dabei sowohl Herrscherinnen aus eigenem Recht als auch Frauen, die als Gemahlinnen, Regentinnen oder Witwen ihren Einfluss bei Hofe geltend machten, verstanden. Untersucht wird die Auftraggeberschaft von Herrscherinnen speziell im Hinblick auf [&hellip;]<\/p>\n","protected":false},"featured_media":2875,"comment_status":"open","ping_status":"closed","template":"","meta":{"_acf_changed":false},"product_brand":[],"product_cat":[57],"product_tag":[],"class_list":{"0":"post-2874","1":"product","2":"type-product","3":"status-publish","4":"has-post-thumbnail","6":"product_cat-fau-studien-gender-differenz-diversitaet","7":"has-post-title","8":"has-post-date","9":"has-post-category","10":"has-post-tag","11":"has-post-comment","12":"has-post-author","13":"","15":"first","16":"instock","17":"taxable","18":"shipping-taxable","19":"purchasable","20":"product-type-simple"},"acf":{"autor":"","orcid":"","ror":"","herausgeber":"Strunck, Christina; Maier, Lukas","orcid_hrsg":"","rorhrsg":"","bearbeiter":"","sonstige_beteiligte_personen":"","untertitel":"Rank Matters: New Research on Female Rulers in the Early Modern Era from an Intersectional Perspective","zusatz":"","jahr":"2022","zeitschrift":"","serie":"","serie_name":false,"serie_band":"","serie_jahr":"","serie_titel_band":"","vortrage":"","issn":"","isbn":"","isbn13":"978-3-96147-591-9","seiten":"ii, 330 Seiten","sonstiges":"","band":3,"auflage":"","opus":"","dspace":"21448","e-isbn_pdf":"978-3-96147-592-6","doi":"https:\/\/doi.org\/10.25593\/978-3-96147-592-6","epub":"","e-isbn_epub":"","doi_epub":"","html":"","e-isbn_html":"","doi_html":"","e-isbn_reader":"","doi_reader":"","digibib":"","urn":"urn:nbn:de:bvb:29-opus4-214487","supplementary_material":"","sprache":["Deutsch"],"ausgabe":"Softcover","suche":" 9783961475919 9783961475926  ","lizenz":"BY-4","bemerkung":""},"builder_content":"","_links":{"self":[{"href":"https:\/\/www.university-press.fau.de\/en\/wp-json\/wp\/v2\/product\/2874","targetHints":{"allow":["GET"]}}],"collection":[{"href":"https:\/\/www.university-press.fau.de\/en\/wp-json\/wp\/v2\/product"}],"about":[{"href":"https:\/\/www.university-press.fau.de\/en\/wp-json\/wp\/v2\/types\/product"}],"replies":[{"embeddable":true,"href":"https:\/\/www.university-press.fau.de\/en\/wp-json\/wp\/v2\/comments?post=2874"}],"wp:featuredmedia":[{"embeddable":true,"href":"https:\/\/www.university-press.fau.de\/en\/wp-json\/wp\/v2\/media\/2875"}],"wp:attachment":[{"href":"https:\/\/www.university-press.fau.de\/en\/wp-json\/wp\/v2\/media?parent=2874"}],"wp:term":[{"taxonomy":"product_brand","embeddable":true,"href":"https:\/\/www.university-press.fau.de\/en\/wp-json\/wp\/v2\/product_brand?post=2874"},{"taxonomy":"product_cat","embeddable":true,"href":"https:\/\/www.university-press.fau.de\/en\/wp-json\/wp\/v2\/product_cat?post=2874"},{"taxonomy":"product_tag","embeddable":true,"href":"https:\/\/www.university-press.fau.de\/en\/wp-json\/wp\/v2\/product_tag?post=2874"}],"curies":[{"name":"wp","href":"https:\/\/api.w.org\/{rel}","templated":true}]}}