{"id":2876,"date":"2023-02-02T16:00:01","date_gmt":"2023-02-02T15:00:01","guid":{"rendered":"https:\/\/www.university-press.fau.de\/?post_type=product&#038;p=2876"},"modified":"2025-03-25T14:10:51","modified_gmt":"2025-03-25T13:10:51","slug":"978-3-96147-652-1","status":"publish","type":"product","link":"https:\/\/www.university-press.fau.de\/en\/product\/978-3-96147-652-1\/","title":{"rendered":"Zuverl\u00e4ssigkeitsmethoden zur Beschleunigung von Qualifizierungsuntersuchungen f\u00fcr Steckkontakte"},"content":{"rendered":"<p>This thesis developed and analytically evaluated three consecutive but independent methods for accelerating thermal qualification tests of automotive contacts. First, introduction of micro movements in the contact zone at constant elevated temperatures via a specific test setup, did not to cause statistically significant damage. This was due to the lack of passing the dew point and condensation of moisture in the contact zone. Second, the car usage behavior in Europe was analyzed and transferred to more realistic load profiles. These were carried out in relative motion tests at constant elevated temperatures and as a load profile based on thermal cycles. Only the thermal cycling load-profile was able to cause significant damage in the contact zone faster than in regular thermal cycling tests.\nThird, a methodology combined calibrated lifetime tests (CALT) with analytical methods for lifetime prediction. The modified Norris-Landzberg model provided a suitable and conservative lifetime prediction for the given connector application. In direct comparison with the conventional CALT-methodology, the combined method dramatically improved the prediction accuracy.<br \/>\nTherefore, the combination of the CALT methodology with acceleration models constitutes a promising way to assist lifetime assessment during development of new contacting technologies. Especially research projects benefit from the methodical way of estimating the lifetime at an early stage. This work was funded by the European Union\u2019s European Regional Development Fund (ERDF).<\/p>","protected":false},"excerpt":{"rendered":"<p>In dieser Arbeit wurde ein dreigliedriges L\u00f6sungssystem f\u00fcr thermische Lebensdauertest an automobilen Steckkontakten entwickelt. Das System beruhte dabei auf drei evolution\u00e4r entwickelten, aber dennoch unabh\u00e4ngig einsetzbaren Methoden zur Beschleunigung der Qualifizierungstests. Die Entkopplung der Einfl\u00fcsse auf Steckverbinderkontakte durch einen Versuchsaufbau, bei dem Mikrobewegungen bei konstant erh\u00f6hter Temperatur eingebracht wurden, konnte keine statistisch signifikanten Besch\u00e4digungen ausl\u00f6sen. [&hellip;]<\/p>\n","protected":false},"featured_media":2877,"comment_status":"open","ping_status":"closed","template":"","meta":{"_acf_changed":false},"product_brand":[],"product_cat":[34],"product_tag":[],"class_list":{"0":"post-2876","1":"product","2":"type-product","3":"status-publish","4":"has-post-thumbnail","6":"product_cat-fau-studien-aus-dem-maschinenbau","7":"has-post-title","8":"has-post-date","9":"has-post-category","10":"has-post-tag","11":"has-post-comment","12":"has-post-author","13":"","15":"first","16":"instock","17":"taxable","18":"shipping-taxable","19":"purchasable","20":"product-type-simple"},"acf":{"autor":"Friedlein, Matthias","orcid":"","ror":"","herausgeber":"","orcid_hrsg":"","rorhrsg":"","bearbeiter":"","sonstige_beteiligte_personen":"","untertitel":"","zusatz":"","jahr":"2022","zeitschrift":"","serie":"","serie_name":false,"serie_band":"","serie_jahr":"","serie_titel_band":"","vortrage":"","issn":"","isbn":"","isbn13":"978-3-96147-652-1","seiten":"xxv, 162","sonstiges":"","band":419,"auflage":"","opus":"","dspace":"21476","e-isbn_pdf":"978-3-96147-626-8","doi":"https:\/\/doi.org\/10.25593\/978-3-96147-626-8","epub":"","e-isbn_epub":"","doi_epub":"","html":"","e-isbn_html":"","doi_html":"","e-isbn_reader":"","doi_reader":"","digibib":"","urn":"urn:nbn:de:bvb:29-opus4-214769","supplementary_material":"","sprache":["Deutsch"],"ausgabe":"Softcover","suche":" 9783961476521 9783961476268  ","lizenz":"BY-NC-4","bemerkung":""},"builder_content":"","_links":{"self":[{"href":"https:\/\/www.university-press.fau.de\/en\/wp-json\/wp\/v2\/product\/2876","targetHints":{"allow":["GET"]}}],"collection":[{"href":"https:\/\/www.university-press.fau.de\/en\/wp-json\/wp\/v2\/product"}],"about":[{"href":"https:\/\/www.university-press.fau.de\/en\/wp-json\/wp\/v2\/types\/product"}],"replies":[{"embeddable":true,"href":"https:\/\/www.university-press.fau.de\/en\/wp-json\/wp\/v2\/comments?post=2876"}],"wp:featuredmedia":[{"embeddable":true,"href":"https:\/\/www.university-press.fau.de\/en\/wp-json\/wp\/v2\/media\/2877"}],"wp:attachment":[{"href":"https:\/\/www.university-press.fau.de\/en\/wp-json\/wp\/v2\/media?parent=2876"}],"wp:term":[{"taxonomy":"product_brand","embeddable":true,"href":"https:\/\/www.university-press.fau.de\/en\/wp-json\/wp\/v2\/product_brand?post=2876"},{"taxonomy":"product_cat","embeddable":true,"href":"https:\/\/www.university-press.fau.de\/en\/wp-json\/wp\/v2\/product_cat?post=2876"},{"taxonomy":"product_tag","embeddable":true,"href":"https:\/\/www.university-press.fau.de\/en\/wp-json\/wp\/v2\/product_tag?post=2876"}],"curies":[{"name":"wp","href":"https:\/\/api.w.org\/{rel}","templated":true}]}}