{"id":2921,"date":"2023-02-09T09:40:43","date_gmt":"2023-02-09T08:40:43","guid":{"rendered":"https:\/\/www.university-press.fau.de\/?post_type=product&#038;p=2921"},"modified":"2025-06-02T16:31:30","modified_gmt":"2025-06-02T14:31:30","slug":"978-3-96147-611-4","status":"publish","type":"product","link":"https:\/\/www.university-press.fau.de\/en\/product\/978-3-96147-611-4\/","title":{"rendered":"Planung und Simulation taktiler, intelligenter und kollaborativer Roboterf\u00e4higkeiten in der Montage"},"content":{"rendered":"<p>The robot-based automation of manual tasks in assembly requires the imitation of human skills by the technical system. Three skills - tactile assembly, defined handling of unsorted material and cooperation between humans and robots - are identified as central enablers of further automation. Although technological equivalents for these capabilities already exist in automation technology, industrial application is not yet widespread. The goal of increasing industrial applicability is pursued in this dissertation by defining and implementing real-world applicable planning and simulation methods. It is shown that these adapted methods allow an efficient implementation and reliable prediction of the later behaviour of such systems. The methods are evaluated on real scenarios from electronics production.<\/p>","protected":false},"excerpt":{"rendered":"<p>Die robotergest\u00fctzte Automatisierung manueller T\u00e4tigkeiten in der Montage bedingt die Imitation menschlicher F\u00e4higkeiten durch das technische System. Die drei F\u00e4higkeiten taktile Montage, definierte Handhabung unsortierten Materials sowie die Zusammenarbeit zwischen Mensch und Roboter werden als zentrale Bef\u00e4higer einer weitergehenden Automatisierung identifiziert. Obwohl f\u00fcr diese F\u00e4higkeiten bereits technologische \u00c4quivalente in der Automatisierungstechnik existieren, ist ein industrieller [&hellip;]<\/p>\n","protected":false},"featured_media":2922,"comment_status":"open","ping_status":"closed","template":"","meta":{"_acf_changed":false},"product_brand":[],"product_cat":[34],"product_tag":[],"class_list":{"0":"post-2921","1":"product","2":"type-product","3":"status-publish","4":"has-post-thumbnail","6":"product_cat-fau-studien-aus-dem-maschinenbau","7":"has-post-title","8":"has-post-date","9":"has-post-category","10":"has-post-tag","11":"has-post-comment","12":"has-post-author","13":"","15":"first","16":"instock","17":"taxable","18":"shipping-taxable","19":"purchasable","20":"product-type-simple"},"acf":{"autor":"Metzner, Maximilian","orcid":"0000-0002-4247-6774","ror":"","herausgeber":"","orcid_hrsg":"","rorhrsg":"","bearbeiter":"","sonstige_beteiligte_personen":"","untertitel":"","zusatz":"","jahr":"2023","zeitschrift":"","serie":"","serie_name":false,"serie_band":"","serie_jahr":"","serie_titel_band":"","vortrage":"","issn":"","isbn":"","isbn13":"978-3-96147-611-4","seiten":"xvi, 174","sonstiges":"","band":414,"auflage":"","opus":"","dspace":"21521","e-isbn_pdf":"978-3-96147-612-1","doi":"https:\/\/doi.org\/10.25593\/978-3-96147-612-1","epub":"","e-isbn_epub":"","doi_epub":"","html":"","e-isbn_html":"","doi_html":"","e-isbn_reader":"","doi_reader":"","digibib":"","urn":"urn:nbn:de:bvb:29-opus4-215214","supplementary_material":"","sprache":["Deutsch"],"ausgabe":"Softcover","suche":" 9783961476114 9783961476121  ","lizenz":"BY-NC-4","bemerkung":""},"builder_content":"","_links":{"self":[{"href":"https:\/\/www.university-press.fau.de\/en\/wp-json\/wp\/v2\/product\/2921","targetHints":{"allow":["GET"]}}],"collection":[{"href":"https:\/\/www.university-press.fau.de\/en\/wp-json\/wp\/v2\/product"}],"about":[{"href":"https:\/\/www.university-press.fau.de\/en\/wp-json\/wp\/v2\/types\/product"}],"replies":[{"embeddable":true,"href":"https:\/\/www.university-press.fau.de\/en\/wp-json\/wp\/v2\/comments?post=2921"}],"wp:featuredmedia":[{"embeddable":true,"href":"https:\/\/www.university-press.fau.de\/en\/wp-json\/wp\/v2\/media\/2922"}],"wp:attachment":[{"href":"https:\/\/www.university-press.fau.de\/en\/wp-json\/wp\/v2\/media?parent=2921"}],"wp:term":[{"taxonomy":"product_brand","embeddable":true,"href":"https:\/\/www.university-press.fau.de\/en\/wp-json\/wp\/v2\/product_brand?post=2921"},{"taxonomy":"product_cat","embeddable":true,"href":"https:\/\/www.university-press.fau.de\/en\/wp-json\/wp\/v2\/product_cat?post=2921"},{"taxonomy":"product_tag","embeddable":true,"href":"https:\/\/www.university-press.fau.de\/en\/wp-json\/wp\/v2\/product_tag?post=2921"}],"curies":[{"name":"wp","href":"https:\/\/api.w.org\/{rel}","templated":true}]}}