{"id":3042,"date":"2023-03-16T16:31:02","date_gmt":"2023-03-16T15:31:02","guid":{"rendered":"https:\/\/www.university-press.fau.de\/?post_type=product&#038;p=3042"},"modified":"2025-03-25T14:10:51","modified_gmt":"2025-03-25T13:10:51","slug":"978-3-96147-631-2","status":"publish","type":"product","link":"https:\/\/www.university-press.fau.de\/en\/product\/978-3-96147-631-2\/","title":{"rendered":"Laser Powder Bed Fusion von Kupfer auf Aluminiumoxid-Keramiken"},"content":{"rendered":"<p>Due to the increasing electrification of various industrial sectors, such as mobility and energy supply, the demand for power electronic current transformers is also growing. Conventional circuit carriers in the field of power electronics, e.g. DCB and AMB substrates, in addition to the limited possibility of flexible production, also have limitations with regard to the vertical integration of active and passive components as well as thermal management.<br \/>\nUsing Additive Manufacturing, the method of Laser Powder Bed Fusion (LPBF) enables the fabrication of 3D metallizations on ceramic substrate materials, thus providing new possibilities for the application of power electronic circuit carriers.<br \/>\nThe dissertation presented, significantly addresses both areas, the LPBF of copper and the fabrication of a composite material consisting of copper and aluminum oxide in the same process. By means of a 500 W Yb:YAG laser, studies with respect to the processing of copper powder is carried out, and the main factors influencing its melting and process behavior are identified. Parameter combinations can be determined which enable the processing of copper without altering its conventional characteristics. Furthermore, by adapting laser parameters to selected layers, aluminum oxide ceramics can be bonded to copper with the emergence of a reaction zone.<\/p>","protected":false},"excerpt":{"rendered":"<p>Durch die zunehmende Elektrifizierung verschiedener industrieller Sektoren wie beispielsweise der Mobilit\u00e4t und Energieversorgung steigt unter anderem auch der Bedarf an leistungselektronischen Stromwandlern. Konventionelle Schaltungstr\u00e4ger im Bereich der Leistungselektronik wie DCB- und AMB-Substrate weisen neben der bedingten M\u00f6glichkeit einer flexiblen Herstellung auch Einschr\u00e4nkungen hinsichtlich der vertikalen Integrationsm\u00f6glichkeit aktiver und passiver Bauelemente sowie des W\u00e4rmemanagements auf. Anhand [&hellip;]<\/p>\n","protected":false},"featured_media":3043,"comment_status":"open","ping_status":"closed","template":"","meta":{"_acf_changed":false},"product_brand":[],"product_cat":[34],"product_tag":[],"class_list":{"0":"post-3042","1":"product","2":"type-product","3":"status-publish","4":"has-post-thumbnail","6":"product_cat-fau-studien-aus-dem-maschinenbau","7":"has-post-title","8":"has-post-date","9":"has-post-category","10":"has-post-tag","11":"has-post-comment","12":"has-post-author","13":"","15":"first","16":"instock","17":"taxable","18":"shipping-taxable","19":"purchasable","20":"product-type-simple"},"acf":{"autor":"Stoll, Thomas","orcid":"0000-0002-5182-4363","ror":"","herausgeber":"","orcid_hrsg":"","rorhrsg":"","bearbeiter":"","sonstige_beteiligte_personen":"","untertitel":"","zusatz":"","jahr":"2023","zeitschrift":"","serie":"","serie_name":false,"serie_band":"","serie_jahr":"","serie_titel_band":"","vortrage":"","issn":"","isbn":"","isbn13":"978-3-96147-631-2","seiten":"xxvii, 236","sonstiges":"","band":420,"auflage":"","opus":"","dspace":"21649","e-isbn_pdf":"978-3-96147-632-9","doi":"https:\/\/doi.org\/10.25593\/978-3-96147-632-9","epub":"","e-isbn_epub":"","doi_epub":"","html":"","e-isbn_html":"","doi_html":"","e-isbn_reader":"","doi_reader":"","digibib":"","urn":"urn:nbn:de:bvb:29-opus4-216491","supplementary_material":"","sprache":["Deutsch"],"ausgabe":"Softcover","suche":" 9783961476312 9783961476329  ","lizenz":"BY-NC-4","bemerkung":""},"builder_content":"","_links":{"self":[{"href":"https:\/\/www.university-press.fau.de\/en\/wp-json\/wp\/v2\/product\/3042","targetHints":{"allow":["GET"]}}],"collection":[{"href":"https:\/\/www.university-press.fau.de\/en\/wp-json\/wp\/v2\/product"}],"about":[{"href":"https:\/\/www.university-press.fau.de\/en\/wp-json\/wp\/v2\/types\/product"}],"replies":[{"embeddable":true,"href":"https:\/\/www.university-press.fau.de\/en\/wp-json\/wp\/v2\/comments?post=3042"}],"wp:featuredmedia":[{"embeddable":true,"href":"https:\/\/www.university-press.fau.de\/en\/wp-json\/wp\/v2\/media\/3043"}],"wp:attachment":[{"href":"https:\/\/www.university-press.fau.de\/en\/wp-json\/wp\/v2\/media?parent=3042"}],"wp:term":[{"taxonomy":"product_brand","embeddable":true,"href":"https:\/\/www.university-press.fau.de\/en\/wp-json\/wp\/v2\/product_brand?post=3042"},{"taxonomy":"product_cat","embeddable":true,"href":"https:\/\/www.university-press.fau.de\/en\/wp-json\/wp\/v2\/product_cat?post=3042"},{"taxonomy":"product_tag","embeddable":true,"href":"https:\/\/www.university-press.fau.de\/en\/wp-json\/wp\/v2\/product_tag?post=3042"}],"curies":[{"name":"wp","href":"https:\/\/api.w.org\/{rel}","templated":true}]}}