{"id":3111,"date":"2023-04-04T14:27:02","date_gmt":"2023-04-04T12:27:02","guid":{"rendered":"https:\/\/www.university-press.fau.de\/?post_type=product&#038;p=3111"},"modified":"2025-07-29T09:16:44","modified_gmt":"2025-07-29T07:16:44","slug":"978-3-96147-623-7","status":"publish","type":"product","link":"https:\/\/www.university-press.fau.de\/en\/product\/978-3-96147-623-7\/","title":{"rendered":"Digitale Spiele und fachliches Lernen"},"content":{"rendered":"<p>Commercial digital games are primarily intended for entertainment. However, they also have the potential to contribute to education and skills development in a wide range of domains, both in the context of school lessons and in normal play in leisure time. In this respect, this book is aimed at a broad target group: In addition to scientists in the field of subject didactics, teachers and student teachers, this book can provide impulses for people who use digital games in study groups or for extracurricular youth work and want to stimulate professional learning. Furthermore, the articles can be interesting for gamers and their family environment.<br \/>\nIn diesem Band finden sich Beitr\u00e4ge, die sich mit Nutzen und Anwendungsm\u00f6glichkeiten digitaler Spiele in den Dom\u00e4nen Biologie, Geschichte und Wirtschaft auseinandersetzen.<\/p>","protected":false},"excerpt":{"rendered":"<p>Kommerzielle digitale Spiele dienen in erster Linie der Unterhaltung. Allerdings haben sie auch das Potenzial, einen Beitrag zur Bildung und zum Kompetenzerwerb in zahlreichen Dom\u00e4nen zu leisten, sowohl im Rahmen des Schulunterrichts und von Arbeitsgemeinschaften als auch beim normalen Spielen in der Freizeit. Insofern richtet sich dieses Buch an eine breite Zielgruppe: Neben Fachdidaktikern, Lehrkr\u00e4ften [&hellip;]<\/p>\n","protected":false},"featured_media":3112,"comment_status":"open","ping_status":"closed","template":"","meta":{"_acf_changed":false},"product_brand":[],"product_cat":[52],"product_tag":[],"class_list":{"0":"post-3111","1":"product","2":"type-product","3":"status-publish","4":"has-post-thumbnail","6":"product_cat-fau-lehren-und-lernen","7":"has-post-title","8":"has-post-date","9":"has-post-category","10":"has-post-tag","11":"has-post-comment","12":"has-post-author","13":"","15":"first","16":"instock","17":"taxable","18":"shipping-taxable","19":"purchasable","20":"product-type-simple"},"acf":{"autor":"","orcid":"","ror":"","herausgeber":"Arndt, Holger","orcid_hrsg":"","rorhrsg":"","bearbeiter":"","sonstige_beteiligte_personen":"","untertitel":"Band 2","zusatz":"","jahr":"2023","zeitschrift":"","serie":"","serie_name":false,"serie_band":"","serie_jahr":"","serie_titel_band":"","vortrage":"","issn":"","isbn":"","isbn13":"978-3-96147-623-7","seiten":"vii, 186","sonstiges":"","band":9,"auflage":"","opus":21927,"dspace":"21927","e-isbn_pdf":"978-3-96147-624-4","doi":"https:\/\/doi.org\/10.25593\/978-3-96147-624-4","epub":"","e-isbn_epub":"","doi_epub":"","html":"","e-isbn_html":"","doi_html":"","e-isbn_reader":"","doi_reader":"","digibib":"","urn":"urn:nbn:de:bvb:29-opus4-219272","supplementary_material":"","sprache":["Deutsch"],"ausgabe":"Softcover","suche":" 9783961476237 9783961476244  ","lizenz":"BY-4","bemerkung":""},"builder_content":"","_links":{"self":[{"href":"https:\/\/www.university-press.fau.de\/en\/wp-json\/wp\/v2\/product\/3111","targetHints":{"allow":["GET"]}}],"collection":[{"href":"https:\/\/www.university-press.fau.de\/en\/wp-json\/wp\/v2\/product"}],"about":[{"href":"https:\/\/www.university-press.fau.de\/en\/wp-json\/wp\/v2\/types\/product"}],"replies":[{"embeddable":true,"href":"https:\/\/www.university-press.fau.de\/en\/wp-json\/wp\/v2\/comments?post=3111"}],"wp:featuredmedia":[{"embeddable":true,"href":"https:\/\/www.university-press.fau.de\/en\/wp-json\/wp\/v2\/media\/3112"}],"wp:attachment":[{"href":"https:\/\/www.university-press.fau.de\/en\/wp-json\/wp\/v2\/media?parent=3111"}],"wp:term":[{"taxonomy":"product_brand","embeddable":true,"href":"https:\/\/www.university-press.fau.de\/en\/wp-json\/wp\/v2\/product_brand?post=3111"},{"taxonomy":"product_cat","embeddable":true,"href":"https:\/\/www.university-press.fau.de\/en\/wp-json\/wp\/v2\/product_cat?post=3111"},{"taxonomy":"product_tag","embeddable":true,"href":"https:\/\/www.university-press.fau.de\/en\/wp-json\/wp\/v2\/product_tag?post=3111"}],"curies":[{"name":"wp","href":"https:\/\/api.w.org\/{rel}","templated":true}]}}