{"id":3122,"date":"2023-04-25T15:19:42","date_gmt":"2023-04-25T13:19:42","guid":{"rendered":"https:\/\/www.university-press.fau.de\/?post_type=product&#038;p=3122"},"modified":"2025-03-25T14:10:51","modified_gmt":"2025-03-25T13:10:51","slug":"978-3-96147-621-3","status":"publish","type":"product","link":"https:\/\/www.university-press.fau.de\/en\/product\/978-3-96147-621-3\/","title":{"rendered":"Analyse des Zusammenhangs zwischen dem tribochemischen Aufbau von Grenzschichten und der Ausbildung von White Etching Crack-Sch\u00e4den"},"content":{"rendered":"<p>White Etching Cracks (WECs) are spallings or cracks in the raceways of roller bearings that occur associated with irreversible microstructural changes in the steel matrix. The microstructural changes that account for the failure mode\u2018s name appear in the form of white etching matter in polished cross-sections. Since neither the trigger nor the causes of this phenomenon have been clearly identified, the scientific debate about the formation mechanisms of these so called White Etching Cracks (WEC) continues.<br \/>\nVor diesem Hintergrund besteht die vorrangige Zielsetzung dieser Arbeit in einer schmierstoffseitigen Betrachtung der Wirkmechanismen und Zusammenh\u00e4nge in einem \u00f6lgeschmierten W\u00e4lzkontakt unter Betriebsbedingungen, die zum Ausfall durch WEC-Sch\u00e4den f\u00fchren k\u00f6nnen. Um dieses anspruchsvolle Vorhaben in der Praxis umzusetzen, wurde ein neues Pr\u00fcfsystem konzipiert, das es unter Einsatz einer kontrollierten elektrischen Zusatzbelastung erm\u00f6glicht, WEC-Sch\u00e4den ohne chemische Vorbehandlung der W\u00e4lzlager zu erzeugen. Gleichzeitig wurde erstmalig der Versuch unternommen, mittels in situ FTIR-Spektroskopie anhand geringf\u00fcgiger \u00c4nderungen der Schmierstoffchemie R\u00fcckschl\u00fcsse auf tribochemische Reaktionen im W\u00e4lzkontakt zu ziehen. Dar\u00fcber hinaus wurde der Aufbau isolierend wirkender Grenzschichten anhand des resultierenden Spannungsverhaltens der Pr\u00fcflager verfolgt, um durch die Kombination beider Techniken eine fundierte Beurteilung der tribochemischen Schichtauf-, -ab- und -umbauprozesse zu erm\u00f6glichen.<\/p>","protected":false},"excerpt":{"rendered":"<p>White Etching Cracks (WECs) sind Sch\u00e4lungen oder Risse im Bereich der Laufbahnen von W\u00e4lzlagern, die in Verbindung mit irreversiblen Gef\u00fcgever\u00e4nderungen auftreten. Die f\u00fcr das Schadensbild namensgebenden mikrostrukturellen Ver\u00e4nderungen treten im lichtmikroskopischen Schliff als wei\u00df an\u00e4tzende Phasen hervor. Da bis heute weder Ausl\u00f6ser noch Ursachen des Ph\u00e4nomens eindeutig identifiziert werden konnten, ist eine anhaltende wissenschaftliche Debatte [&hellip;]<\/p>\n","protected":false},"featured_media":3123,"comment_status":"open","ping_status":"closed","template":"","meta":{"_acf_changed":false},"product_brand":[],"product_cat":[34],"product_tag":[],"class_list":{"0":"post-3122","1":"product","2":"type-product","3":"status-publish","4":"has-post-thumbnail","6":"product_cat-fau-studien-aus-dem-maschinenbau","7":"has-post-title","8":"has-post-date","9":"has-post-category","10":"has-post-tag","11":"has-post-comment","12":"has-post-author","13":"","15":"first","16":"instock","17":"taxable","18":"shipping-taxable","19":"purchasable","20":"product-type-simple"},"acf":{"autor":"Pohrer, Benjamin","orcid":"","ror":"","herausgeber":"","orcid_hrsg":"","rorhrsg":"","bearbeiter":"","sonstige_beteiligte_personen":"","untertitel":"","zusatz":"","jahr":"2023","zeitschrift":"","serie":"","serie_name":false,"serie_band":"","serie_jahr":"","serie_titel_band":"","vortrage":"","issn":"","isbn":"","isbn13":"978-3-96147-621-3","seiten":"xv, 258","sonstiges":"","band":418,"auflage":"","opus":"","dspace":"21919","e-isbn_pdf":"978-3-96147-622-0","doi":"https:\/\/doi.org\/10.25593\/978-3-96147-622-0","epub":"","e-isbn_epub":"","doi_epub":"","html":"","e-isbn_html":"","doi_html":"","e-isbn_reader":"","doi_reader":"","digibib":"","urn":"urn:nbn:de:bvb:29-opus4-219191","supplementary_material":"","sprache":["Deutsch"],"ausgabe":"Softcover","suche":" 9783961476213 9783961476220  ","lizenz":"BY-NC-4","bemerkung":""},"builder_content":"","_links":{"self":[{"href":"https:\/\/www.university-press.fau.de\/en\/wp-json\/wp\/v2\/product\/3122","targetHints":{"allow":["GET"]}}],"collection":[{"href":"https:\/\/www.university-press.fau.de\/en\/wp-json\/wp\/v2\/product"}],"about":[{"href":"https:\/\/www.university-press.fau.de\/en\/wp-json\/wp\/v2\/types\/product"}],"replies":[{"embeddable":true,"href":"https:\/\/www.university-press.fau.de\/en\/wp-json\/wp\/v2\/comments?post=3122"}],"wp:featuredmedia":[{"embeddable":true,"href":"https:\/\/www.university-press.fau.de\/en\/wp-json\/wp\/v2\/media\/3123"}],"wp:attachment":[{"href":"https:\/\/www.university-press.fau.de\/en\/wp-json\/wp\/v2\/media?parent=3122"}],"wp:term":[{"taxonomy":"product_brand","embeddable":true,"href":"https:\/\/www.university-press.fau.de\/en\/wp-json\/wp\/v2\/product_brand?post=3122"},{"taxonomy":"product_cat","embeddable":true,"href":"https:\/\/www.university-press.fau.de\/en\/wp-json\/wp\/v2\/product_cat?post=3122"},{"taxonomy":"product_tag","embeddable":true,"href":"https:\/\/www.university-press.fau.de\/en\/wp-json\/wp\/v2\/product_tag?post=3122"}],"curies":[{"name":"wp","href":"https:\/\/api.w.org\/{rel}","templated":true}]}}