{"id":3166,"date":"2023-05-22T09:53:49","date_gmt":"2023-05-22T07:53:49","guid":{"rendered":"https:\/\/www.university-press.fau.de\/?post_type=product&#038;p=3166"},"modified":"2025-03-25T14:10:51","modified_gmt":"2025-03-25T13:10:51","slug":"978-3-96147-633-6","status":"publish","type":"product","link":"https:\/\/www.university-press.fau.de\/en\/product\/978-3-96147-633-6\/","title":{"rendered":"Relation of Particle Motion and Process Zone Formation as a Basis for Sensing Approaches within PBF-LB\/M"},"content":{"rendered":"<p>Laser powder bed fusion of metals by a laser beam (PBF-LB\/M), due to its industrial applicability, represents a promising additive manufacturing technology for future production. The layerwise and selective melting of a powder layer enables an increased freedom in design. However, local process deviations can impede the mechanical properties. Therefore, applicable sensors are necessary for their detection and further industrial adoption of the process.<br \/>\nThis thesis reports on identified correlations of properties of spatter particles to the microscopic process behavior and process zone formation and their applicability within the industrial process environment. For this first, a dedicated particle tracking velocimetry method is developed to spatially and temporally resolve the trajectories of the individual particles. Statistical spatter measurements are correlated to process observations revealing their connection to evaporation-driven mechanisms of the process. The applicability for the quantification of process-relevant measures of the microscopic process zone as well as the robustness of the identified correlations against changing process environments are investigated. Based on this, the transferability of the results from the lab environment into an industrially applicable sensing approach is demonstrated, enabled by a dedicated data processing approach for the derivation of spatter properties in real-time.<\/p>","protected":false},"excerpt":{"rendered":"<p>Aufgrund seiner industriellen Anwendbarkeit stellt das Laserstrahlschmelzen von Metallen im Pulverbett ein vielversprechendes Fertigungsverfahren f\u00fcr die Produktion der Zukunft dar. Das selektive und schichtweise Aufschmelzen einer Pulverschicht er\u00f6ffnet im Vergleich zu konventionellen Verfahren eine gr\u00f6\u00dfere Gestaltungsfreiheit. Lokale Prozessabweichungen k\u00f6nnen jedoch die Bauteileigenschaften beeinflussen und daher sind entsprechende Sensoren zur Erfassung dieser f\u00fcr einen breiteren industriellen [&hellip;]<\/p>\n","protected":false},"featured_media":3167,"comment_status":"open","ping_status":"closed","template":"","meta":{"_acf_changed":false},"product_brand":[],"product_cat":[34],"product_tag":[],"class_list":{"0":"post-3166","1":"product","2":"type-product","3":"status-publish","4":"has-post-thumbnail","6":"product_cat-fau-studien-aus-dem-maschinenbau","7":"has-post-title","8":"has-post-date","9":"has-post-category","10":"has-post-tag","11":"has-post-comment","12":"has-post-author","13":"","15":"first","16":"instock","17":"taxable","18":"shipping-taxable","19":"purchasable","20":"product-type-simple"},"acf":{"autor":"Eschner, Eric","orcid":"0000-0002-5375-5541","ror":"","herausgeber":"","orcid_hrsg":"","rorhrsg":"","bearbeiter":"","sonstige_beteiligte_personen":"","untertitel":"","zusatz":"","jahr":"2023","zeitschrift":"","serie":"","serie_name":false,"serie_band":"","serie_jahr":"","serie_titel_band":"","vortrage":"","issn":"","isbn":"","isbn13":"978-3-96147-633-6","seiten":"xii, 143","sonstiges":"","band":421,"auflage":"","opus":"","dspace":"22803","e-isbn_pdf":"978-3-96147-634-3","doi":"https:\/\/doi.org\/10.25593\/978-3-96147-634-3","epub":"","e-isbn_epub":"","doi_epub":"","html":"","e-isbn_html":"","doi_html":"","e-isbn_reader":"","doi_reader":"","digibib":"","urn":"urn:nbn:de:bvb:29-opus4-228036","supplementary_material":"","sprache":["Englisch"],"ausgabe":"Softcover","suche":" 9783961476336 9783961476343  ","lizenz":"BY-NC-4","bemerkung":""},"builder_content":"","_links":{"self":[{"href":"https:\/\/www.university-press.fau.de\/en\/wp-json\/wp\/v2\/product\/3166","targetHints":{"allow":["GET"]}}],"collection":[{"href":"https:\/\/www.university-press.fau.de\/en\/wp-json\/wp\/v2\/product"}],"about":[{"href":"https:\/\/www.university-press.fau.de\/en\/wp-json\/wp\/v2\/types\/product"}],"replies":[{"embeddable":true,"href":"https:\/\/www.university-press.fau.de\/en\/wp-json\/wp\/v2\/comments?post=3166"}],"wp:featuredmedia":[{"embeddable":true,"href":"https:\/\/www.university-press.fau.de\/en\/wp-json\/wp\/v2\/media\/3167"}],"wp:attachment":[{"href":"https:\/\/www.university-press.fau.de\/en\/wp-json\/wp\/v2\/media?parent=3166"}],"wp:term":[{"taxonomy":"product_brand","embeddable":true,"href":"https:\/\/www.university-press.fau.de\/en\/wp-json\/wp\/v2\/product_brand?post=3166"},{"taxonomy":"product_cat","embeddable":true,"href":"https:\/\/www.university-press.fau.de\/en\/wp-json\/wp\/v2\/product_cat?post=3166"},{"taxonomy":"product_tag","embeddable":true,"href":"https:\/\/www.university-press.fau.de\/en\/wp-json\/wp\/v2\/product_tag?post=3166"}],"curies":[{"name":"wp","href":"https:\/\/api.w.org\/{rel}","templated":true}]}}