{"id":3457,"date":"2023-09-11T12:34:40","date_gmt":"2023-09-11T10:34:40","guid":{"rendered":"https:\/\/www.university-press.fau.de\/?post_type=product&#038;p=3457"},"modified":"2023-12-12T15:53:41","modified_gmt":"2023-12-12T14:53:41","slug":"978-3-96147-659-6","status":"publish","type":"product","link":"https:\/\/www.university-press.fau.de\/en\/product\/978-3-96147-659-6\/","title":{"rendered":"Abschlussbericht DFG-Forschungsgruppe FOR 2271, 2. Phase"},"content":{"rendered":"<p><span id=\"abstractFull_59420\" class=\"abstractFull\">In der zweiten Phase der DFG-Forschungsgruppe FOR 2271 \u201eProzessorientiertes Toleranzmanagement mit virtuellen Absicherungsmethoden\u201c (FORTol) wurden Verfahren und Methoden der ganzheitlichen Vorgehensweise des prozessorientierten Toleranzmanagements um die Ber\u00fccksichtigung des Produktbetriebs erweitert. Im Fokus stand hierbei die Integration von betriebsbedingtem Verschlei\u00df. Durch die Kooperation von Lehrst\u00fchlen aus den Fachbereichen der Konstruktionstechnik, der technischen Mechanik, der Metrologie und der Fertigungstechnologie konnte ein fachbereichs\u00fcbergreifendes Vorgehen zum prozess- und betriebsorientierten Toleranzmanagement erarbeitet werden. In diesem Abschlussbericht sind die wichtigsten Erkenntnisse und Ergebnisse aller Teilprojekte der Forschungsgruppe aufgef\u00fchrt.<\/span><\/p>","protected":false},"excerpt":{"rendered":"<p>In der zweiten Phase der DFG-Forschungsgruppe FOR 2271 \u201eProzessorientiertes Toleranzmanagement mit virtuellen Absicherungsmethoden\u201c (FORTol) wurden Verfahren und Methoden der ganzheitlichen Vorgehensweise des prozessorientierten Toleranzmanagements um die Ber\u00fccksichtigung des Produktbetriebs erweitert. Im Fokus stand hierbei die Integration von betriebsbedingtem Verschlei\u00df. Durch die Kooperation von Lehrst\u00fchlen aus den Fachbereichen der Konstruktionstechnik, der technischen Mechanik, der Metrologie und [&hellip;]<\/p>\n","protected":false},"featured_media":3647,"comment_status":"open","ping_status":"closed","template":"","meta":{"_acf_changed":false},"product_brand":[],"product_cat":[40],"product_tag":[],"class_list":{"0":"post-3457","1":"product","2":"type-product","3":"status-publish","4":"has-post-thumbnail","6":"product_cat-einzeltitel","7":"has-post-title","8":"has-post-date","9":"has-post-category","10":"has-post-tag","11":"has-post-comment","12":"has-post-author","13":"","15":"first","16":"instock","17":"taxable","18":"shipping-taxable","19":"purchasable","20":"product-type-simple"},"acf":{"autor":"","orcid":"","ror":"","herausgeber":"","orcid_hrsg":"0000-0002-0244-5033","rorhrsg":"","bearbeiter":"Wartzack, Sandro","sonstige_beteiligte_personen":"","untertitel":"Prozessorientiertes Toleranzmanagement mit virtuellen Absicherungsmethoden","zusatz":"","jahr":"2023","zeitschrift":"","serie":"","serie_name":false,"serie_band":"","serie_jahr":"","serie_titel_band":"","vortrage":"","issn":"","isbn":"","isbn13":"978-3-96147-659-6","seiten":"vi, 135","sonstiges":"","band":"","auflage":"","opus":"","dspace":"23413","e-isbn_pdf":"978-3-96147-660-2","doi":"https:\/\/doi.org\/10.25593\/978-3-96147-660-2","epub":"","e-isbn_epub":"","doi_epub":"","html":"","e-isbn_html":"","doi_html":"","e-isbn_reader":"","doi_reader":"","digibib":"","urn":"urn:nbn:de:bvb:29-opus4-234131","supplementary_material":"","sprache":["Deutsch"],"ausgabe":"Softcover","suche":" 9783961476596 9783961476602  ","lizenz":"BY-4","bemerkung":""},"builder_content":"","_links":{"self":[{"href":"https:\/\/www.university-press.fau.de\/en\/wp-json\/wp\/v2\/product\/3457","targetHints":{"allow":["GET"]}}],"collection":[{"href":"https:\/\/www.university-press.fau.de\/en\/wp-json\/wp\/v2\/product"}],"about":[{"href":"https:\/\/www.university-press.fau.de\/en\/wp-json\/wp\/v2\/types\/product"}],"replies":[{"embeddable":true,"href":"https:\/\/www.university-press.fau.de\/en\/wp-json\/wp\/v2\/comments?post=3457"}],"wp:featuredmedia":[{"embeddable":true,"href":"https:\/\/www.university-press.fau.de\/en\/wp-json\/wp\/v2\/media\/3647"}],"wp:attachment":[{"href":"https:\/\/www.university-press.fau.de\/en\/wp-json\/wp\/v2\/media?parent=3457"}],"wp:term":[{"taxonomy":"product_brand","embeddable":true,"href":"https:\/\/www.university-press.fau.de\/en\/wp-json\/wp\/v2\/product_brand?post=3457"},{"taxonomy":"product_cat","embeddable":true,"href":"https:\/\/www.university-press.fau.de\/en\/wp-json\/wp\/v2\/product_cat?post=3457"},{"taxonomy":"product_tag","embeddable":true,"href":"https:\/\/www.university-press.fau.de\/en\/wp-json\/wp\/v2\/product_tag?post=3457"}],"curies":[{"name":"wp","href":"https:\/\/api.w.org\/{rel}","templated":true}]}}