{"id":3528,"date":"2023-07-28T11:02:37","date_gmt":"2023-07-28T09:02:37","guid":{"rendered":"https:\/\/www.university-press.fau.de\/?post_type=product&#038;p=3528"},"modified":"2023-11-20T16:24:41","modified_gmt":"2023-11-20T15:24:41","slug":"978-3-96147-657-2","status":"publish","type":"product","link":"https:\/\/www.university-press.fau.de\/en\/product\/978-3-96147-657-2\/","title":{"rendered":"Physically Inspired Predistortion of RF Power Amplifiers with Artificial Neural Networks"},"content":{"rendered":"<p>Mobile communication is rapidly growing. Increasing demands on capacity and bandwidth have to be addressed by future developments. This means higher signal requirements and bandwidth for transceivers in mobile basestations. Transceivers are the component with highest power consumption in a basestation. Especially analog components show different impairments and nonideal behavior with negative effects on energy efficiency and signal integrity. These effects can be analyzed and mathematically described to build a specific digital signal processing algorithm, which mitigates certain effects. This work treats impairments from machine learning perspective. IQ Imbalance of modulators as well as power amplifier nonlinearities are representive impairments with significant influence on the signal quality. These effects are trained to artificial neural networks (ANNs) for digital impairment mitigation. Furthermore it is shown that the ANNs are able to model different impairment effects with a single network and can be simply enhanced by further input parameters to mitigate dynamic effects. Physically inspired modeling of long term memory effects like thermal memory and charge trapping are a special focus of this work.<\/p>","protected":false},"excerpt":{"rendered":"<p>Der Bedarf an mobiler Kommunikation w\u00e4chst st\u00e4ndig. H\u00f6here Nachfrage nach Kapazit\u00e4t und Bandbreite m\u00fcssen durch zuk\u00fcnftige Entwicklungen adressiert werden. Um diese Zielen zu erreichen sind Sende- und Empfangseinheiten f\u00fcr h\u00f6here Signalanforderungen und Bandbreiten f\u00fcr Mobilfunkbasisstationen erforderlich. Diese Einheiten verbrauchen die meiste Energie in Basisstationen. Vor allem analoge Komponenten beeintr\u00e4chtigen die Signalqualit\u00e4t und haben Einfluss auf [&hellip;]<\/p>\n","protected":false},"featured_media":3529,"comment_status":"open","ping_status":"closed","template":"","meta":{"_acf_changed":false},"product_brand":[],"product_cat":[53],"product_tag":[163,164,160,161,162],"class_list":{"0":"post-3528","1":"product","2":"type-product","3":"status-publish","4":"has-post-thumbnail","6":"product_cat-fau-studien-aus-der-elektrotechnik","7":"product_tag-digitale-vorverzerrung","8":"product_tag-leistungsverstaerker","9":"product_tag-hochfrequenztechnik","10":"product_tag-maschinelles-lernen","11":"product_tag-kuenstliche-intelligenz","12":"has-post-title","13":"has-post-date","14":"has-post-category","15":"has-post-tag","16":"has-post-comment","17":"has-post-author","18":"","20":"first","21":"instock","22":"taxable","23":"shipping-taxable","24":"purchasable","25":"product-type-simple"},"acf":{"autor":"J\u00fcschke, Patrick","orcid":"0000-0001-5778-510X","ror":"","herausgeber":"","orcid_hrsg":"","rorhrsg":"","bearbeiter":"","sonstige_beteiligte_personen":"","untertitel":"","zusatz":"","jahr":"2023","zeitschrift":"","serie":"","serie_name":false,"serie_band":"","serie_jahr":"","serie_titel_band":"","vortrage":"","issn":"","isbn":"","isbn13":"978-3-96147-657-2","seiten":"xx, 132 ","sonstiges":"","band":21,"auflage":"","opus":23589,"dspace":"23589","e-isbn_pdf":"978-3-96147-658-9","doi":"https:\/\/doi.org\/10.25593\/978-3-96147-658-9","epub":"","e-isbn_epub":"","doi_epub":"","html":"","e-isbn_html":"","doi_html":"","e-isbn_reader":"","doi_reader":"","digibib":"","urn":"urn:nbn:de:bvb:29-opus4-235898","supplementary_material":"","sprache":["Englisch"],"ausgabe":"Softcover","suche":" 9783961476572 9783961476589  ","lizenz":"BY-SA-4","bemerkung":""},"builder_content":"","_links":{"self":[{"href":"https:\/\/www.university-press.fau.de\/en\/wp-json\/wp\/v2\/product\/3528","targetHints":{"allow":["GET"]}}],"collection":[{"href":"https:\/\/www.university-press.fau.de\/en\/wp-json\/wp\/v2\/product"}],"about":[{"href":"https:\/\/www.university-press.fau.de\/en\/wp-json\/wp\/v2\/types\/product"}],"replies":[{"embeddable":true,"href":"https:\/\/www.university-press.fau.de\/en\/wp-json\/wp\/v2\/comments?post=3528"}],"wp:featuredmedia":[{"embeddable":true,"href":"https:\/\/www.university-press.fau.de\/en\/wp-json\/wp\/v2\/media\/3529"}],"wp:attachment":[{"href":"https:\/\/www.university-press.fau.de\/en\/wp-json\/wp\/v2\/media?parent=3528"}],"wp:term":[{"taxonomy":"product_brand","embeddable":true,"href":"https:\/\/www.university-press.fau.de\/en\/wp-json\/wp\/v2\/product_brand?post=3528"},{"taxonomy":"product_cat","embeddable":true,"href":"https:\/\/www.university-press.fau.de\/en\/wp-json\/wp\/v2\/product_cat?post=3528"},{"taxonomy":"product_tag","embeddable":true,"href":"https:\/\/www.university-press.fau.de\/en\/wp-json\/wp\/v2\/product_tag?post=3528"}],"curies":[{"name":"wp","href":"https:\/\/api.w.org\/{rel}","templated":true}]}}