{"id":372,"date":"2022-09-23T10:26:18","date_gmt":"2022-09-23T08:26:18","guid":{"rendered":"https:\/\/www.university-press.fau.de\/produkt\/voelkerschaustellungen-in-deutschland-und-frankreich-von-1874-bis-zum-ersten-weltkrieg\/"},"modified":"2025-06-30T11:08:53","modified_gmt":"2025-06-30T09:08:53","slug":"978-3-944057-05-7","status":"publish","type":"product","link":"https:\/\/www.university-press.fau.de\/en\/product\/978-3-944057-05-7\/","title":{"rendered":"V\u00f6lkerschaustellungen in Deutschland und Frankreich von 1874 bis zum Ersten Weltkrieg"},"content":{"rendered":"<p>In V\u00f6lkerschaustellung in Deutschland und Frankreich von 1874 bis zum Ersten Weltkrieg werden ethnologische Ausstellungen fremder Kulturen und V\u00f6lker als Ph\u00e4nomen der Kolonialzeit untersucht. Es wird deutlich, dass diese heute befremdlich wirkenden V\u00f6lkerschauen keineswegs allein aus imperialen Politiken und Praktiken heraus erkl\u00e4rt werden k\u00f6nnen. Anhand deutscher und franz\u00f6sischer Quellen \u2013 Zeitungen, Zeitschriften und ausgew\u00e4hlte Ego-Dokumente \u2013 werden die jeweiligen gesellschaftlichen Diskurse rund um die V\u00f6lkerschauen vergleichend untersucht, dabei die Frage nach zeitgen\u00f6ssischen Imaginations- und Konstruktionsformen des Fremden oder nach Wahrnehmung und Attraktivit\u00e4t von Exotik gestellt. Jenseits kolonialer Propaganda \u2013 und trotz der nationalen Unterschiede in Darstellung und Inszenierung \u2013 k\u00f6nnen in beiden L\u00e4ndern unternehmerische Interessen der Veranstalter und insbesondere Neugier und Unterhaltungsbed\u00fcrfnis der Ausstellungsbesucher als wichtige Faktoren zur Erkl\u00e4rung des Ph\u00e4nomens der V\u00f6lkerschauen und der sie begleitenden Diskurse herausgearbeitet werden.<\/p>","protected":false},"excerpt":{"rendered":"<p>In V\u00f6lkerschaustellung in Deutschland und Frankreich von 1874 bis zum Ersten Weltkrieg werden ethnologische Ausstellungen fremder Kulturen und V\u00f6lker als Ph\u00e4nomen der Kolonialzeit untersucht. Es wird deutlich, dass diese heute befremdlich wirkenden V\u00f6lkerschauen keineswegs allein aus imperialen Politiken und Praktiken heraus erkl\u00e4rt werden k\u00f6nnen. Anhand deutscher und franz\u00f6sischer Quellen \u2013 Zeitungen, Zeitschriften und ausgew\u00e4hlte Ego-Dokumente [&hellip;]<\/p>\n","protected":false},"featured_media":1177,"comment_status":"open","ping_status":"closed","template":"","meta":{"_acf_changed":false},"product_brand":[],"product_cat":[38],"product_tag":[39],"class_list":{"0":"post-372","1":"product","2":"type-product","3":"status-publish","4":"has-post-thumbnail","6":"product_cat-ausgezeichnete-abschlussarbeiten-der-erlanger-geschichtswissenschaft","7":"product_tag-nur-als-online-publikation","8":"has-post-title","9":"has-post-date","10":"has-post-category","11":"has-post-tag","12":"has-post-comment","13":"has-post-author","14":"","16":"first","17":"outofstock","18":"taxable","19":"shipping-taxable","20":"product-type-simple"},"acf":{"autor":"Seck, Dagmar","orcid":"","ror":"","herausgeber":"","orcid_hrsg":"","rorhrsg":"","bearbeiter":"","sonstige_beteiligte_personen":"","untertitel":"","zusatz":"","jahr":"2013","zeitschrift":"","serie":"","serie_name":"","serie_band":"","serie_jahr":"","serie_titel_band":"","vortrage":"","issn":"","isbn":"","isbn13":"978-3-944057-05-7","seiten":"162","sonstiges":"","band":1,"auflage":"","opus":"","dspace":"3725","e-isbn_pdf":"","doi":"","epub":"","e-isbn_epub":"","doi_epub":"","html":"","e-isbn_html":"","doi_html":"","e-isbn_reader":"","doi_reader":"","digibib":"","urn":"https:\/\/nbn-resolving.org\/urn:nbn:de:bvb:29-opus4-37257","supplementary_material":"","sprache":["Deutsch"],"ausgabe":"Softcover","suche":" 9783944057057   ","lizenz":"BY-NC-ND-3","bemerkung":""},"builder_content":"","_links":{"self":[{"href":"https:\/\/www.university-press.fau.de\/en\/wp-json\/wp\/v2\/product\/372","targetHints":{"allow":["GET"]}}],"collection":[{"href":"https:\/\/www.university-press.fau.de\/en\/wp-json\/wp\/v2\/product"}],"about":[{"href":"https:\/\/www.university-press.fau.de\/en\/wp-json\/wp\/v2\/types\/product"}],"replies":[{"embeddable":true,"href":"https:\/\/www.university-press.fau.de\/en\/wp-json\/wp\/v2\/comments?post=372"}],"wp:featuredmedia":[{"embeddable":true,"href":"https:\/\/www.university-press.fau.de\/en\/wp-json\/wp\/v2\/media\/1177"}],"wp:attachment":[{"href":"https:\/\/www.university-press.fau.de\/en\/wp-json\/wp\/v2\/media?parent=372"}],"wp:term":[{"taxonomy":"product_brand","embeddable":true,"href":"https:\/\/www.university-press.fau.de\/en\/wp-json\/wp\/v2\/product_brand?post=372"},{"taxonomy":"product_cat","embeddable":true,"href":"https:\/\/www.university-press.fau.de\/en\/wp-json\/wp\/v2\/product_cat?post=372"},{"taxonomy":"product_tag","embeddable":true,"href":"https:\/\/www.university-press.fau.de\/en\/wp-json\/wp\/v2\/product_tag?post=372"}],"curies":[{"name":"wp","href":"https:\/\/api.w.org\/{rel}","templated":true}]}}