{"id":374,"date":"2022-09-23T10:26:19","date_gmt":"2022-09-23T08:26:19","guid":{"rendered":"https:\/\/www.university-press.fau.de\/produkt\/bildung-einer-saechsischen-steuergemeinschaft\/"},"modified":"2025-07-08T11:17:01","modified_gmt":"2025-07-08T09:17:01","slug":"978-3-944057-73-6","status":"publish","type":"product","link":"https:\/\/www.university-press.fau.de\/en\/product\/978-3-944057-73-6\/","title":{"rendered":"Bildung einer s\u00e4chsischen Steuergemeinschaft?"},"content":{"rendered":"<p>Im Fokus der Studie steht die Kurs\u00e4chsische Landstadt Leipzig. Anhand dieses Beispiels wird eine der Komponenten der klassischen Definition des modernen Staates untersucht: die des rechtlich homogenen Staatsvolkes und dessen Konstituierung durch die, der Steuerverfassung zugrunde liegenden, territorialen Ordnungsvorstellungen. Durch die Untersuchung von Ma\u00dfnahmen der zentralen landesherrlichen Akkumulation von Wissen \u00fcber lokale Begebenheiten, Prozessen des \u201eotherings\u201c und vor allem von Aushandlungsprozessen zwischen Landesherren und St\u00e4nden auf und um den Landtag, die schlie\u00dflich in den 1710er Jahren die bis ins 19.Jahrhundert ma\u00dfgebliche Steuerverfassung hervorbrachten, wird die wichtige Rolle der Zwischengewalten f\u00fcr Territorialisierungsprozesse gezeigt und so ein Baustein zur Analyse des \u00fcbergeordneten Prozesses der(s\u00e4chsischen) Staatsbildung geliefert.<\/p>","protected":false},"excerpt":{"rendered":"<p>Im Fokus der Studie steht die Kurs\u00e4chsische Landstadt Leipzig. Anhand dieses Beispiels wird eine der Komponenten der klassischen Definition des modernen Staates untersucht: die des rechtlich homogenen Staatsvolkes und dessen Konstituierung durch die, der Steuerverfassung zugrunde liegenden, territorialen Ordnungsvorstellungen. Durch die Untersuchung von Ma\u00dfnahmen der zentralen landesherrlichen Akkumulation von Wissen \u00fcber lokale Begebenheiten, Prozessen des [&hellip;]<\/p>\n","protected":false},"featured_media":1179,"comment_status":"open","ping_status":"closed","template":"","meta":{"_acf_changed":false},"product_brand":[],"product_cat":[38],"product_tag":[],"class_list":{"0":"post-374","1":"product","2":"type-product","3":"status-publish","4":"has-post-thumbnail","6":"product_cat-ausgezeichnete-abschlussarbeiten-der-erlanger-geschichtswissenschaft","7":"has-post-title","8":"has-post-date","9":"has-post-category","10":"has-post-tag","11":"has-post-comment","12":"has-post-author","13":"","15":"first","16":"instock","17":"taxable","18":"shipping-taxable","19":"purchasable","20":"product-type-simple"},"acf":{"autor":"Sauerer, Dominik","orcid":"","ror":"","herausgeber":"","orcid_hrsg":"","rorhrsg":"","bearbeiter":"","sonstige_beteiligte_personen":"","untertitel":"Der Einfluss der Steuerverfassung auf die Konstruktion eines einheitlichen Staatsvolks","zusatz":"","jahr":"2016","zeitschrift":"","serie":"","serie_name":"","serie_band":"","serie_jahr":"","serie_titel_band":"","vortrage":"","issn":"","isbn":"","isbn13":"978-3-944057-73-6","seiten":"214","sonstiges":"","band":3,"auflage":"","opus":7735,"dspace":"7735","e-isbn_pdf":"978-3-944057-74-3","doi":"","epub":"","e-isbn_epub":"","doi_epub":"","html":"","e-isbn_html":"","doi_html":"","e-isbn_reader":"","doi_reader":"","digibib":"","urn":"urn:nbn:de:bvb:29-opus4-77356","supplementary_material":"","sprache":["Deutsch"],"ausgabe":"Softcover","suche":" 9783944057736 9783944057743  ","lizenz":"BY-NC-ND-3","bemerkung":""},"builder_content":"","_links":{"self":[{"href":"https:\/\/www.university-press.fau.de\/en\/wp-json\/wp\/v2\/product\/374","targetHints":{"allow":["GET"]}}],"collection":[{"href":"https:\/\/www.university-press.fau.de\/en\/wp-json\/wp\/v2\/product"}],"about":[{"href":"https:\/\/www.university-press.fau.de\/en\/wp-json\/wp\/v2\/types\/product"}],"replies":[{"embeddable":true,"href":"https:\/\/www.university-press.fau.de\/en\/wp-json\/wp\/v2\/comments?post=374"}],"wp:featuredmedia":[{"embeddable":true,"href":"https:\/\/www.university-press.fau.de\/en\/wp-json\/wp\/v2\/media\/1179"}],"wp:attachment":[{"href":"https:\/\/www.university-press.fau.de\/en\/wp-json\/wp\/v2\/media?parent=374"}],"wp:term":[{"taxonomy":"product_brand","embeddable":true,"href":"https:\/\/www.university-press.fau.de\/en\/wp-json\/wp\/v2\/product_brand?post=374"},{"taxonomy":"product_cat","embeddable":true,"href":"https:\/\/www.university-press.fau.de\/en\/wp-json\/wp\/v2\/product_cat?post=374"},{"taxonomy":"product_tag","embeddable":true,"href":"https:\/\/www.university-press.fau.de\/en\/wp-json\/wp\/v2\/product_tag?post=374"}],"curies":[{"name":"wp","href":"https:\/\/api.w.org\/{rel}","templated":true}]}}