{"id":375,"date":"2022-09-23T10:26:19","date_gmt":"2022-09-23T08:26:19","guid":{"rendered":"https:\/\/www.university-press.fau.de\/produkt\/konversionen-auf-der-mittelalterlichen-iberischen-halbinsel\/"},"modified":"2025-07-08T11:10:17","modified_gmt":"2025-07-08T09:10:17","slug":"978-3-96147-011-2","status":"publish","type":"product","link":"https:\/\/www.university-press.fau.de\/en\/product\/978-3-96147-011-2\/","title":{"rendered":"Konversionen auf der mittelalterlichen Iberischen Halbinsel"},"content":{"rendered":"<p>The study focuses on three individuals on the medieval Iberian Peninsula, who have apparently all changed their religion voluntarily: a Frankish deacon called Bodo, who converted to Judaism in 838, the Jew Moshe ha-Sfaradi, who was baptized in 1106 and from then on called himself Petrus Alfonsi as well as the Franciscan monk Anselm Turmeda, who converted to Islam around the year 1389. Besides the proceedings and the consequences of this far-reaching decision this paper focuses especially on on the supposed motives, which can be revealed by the transmitted self-testimonies. Finally the single results will be analyzed regarding their similarities and differences; but even despite the individual decisions similar motives and consequences of the conversion can be observed.<\/p>","protected":false},"excerpt":{"rendered":"<p>Die Studie konzentriert sich auf drei Einzelpersonen auf der mittelalterlichen Iberischen Halbinsel, welche scheinbar freiwillig ihren Glauben gewechselt haben: Ein fr\u00e4nkischer Diakon namens Bodo, welcher im Jahr 838 zum Judentum \u00fcbertrat, der Jude Moshe ha-Sfaradi, der sich im Jahr 1106 taufen lie\u00df und sich fortan Petrus Alfonsi nannte, sowie der Franziskanerm\u00f6nch Anselm Turmeda, welcher um [&hellip;]<\/p>\n","protected":false},"featured_media":1185,"comment_status":"open","ping_status":"closed","template":"","meta":{"_acf_changed":false},"product_brand":[],"product_cat":[38],"product_tag":[],"class_list":{"0":"post-375","1":"product","2":"type-product","3":"status-publish","4":"has-post-thumbnail","6":"product_cat-ausgezeichnete-abschlussarbeiten-der-erlanger-geschichtswissenschaft","7":"has-post-title","8":"has-post-date","9":"has-post-category","10":"has-post-tag","11":"has-post-comment","12":"has-post-author","13":"","15":"first","16":"instock","17":"taxable","18":"shipping-taxable","19":"purchasable","20":"product-type-simple"},"acf":{"autor":"Sp\u00e4th, Sabrina","orcid":"","ror":"","herausgeber":"","orcid_hrsg":"","rorhrsg":"","bearbeiter":"","sonstige_beteiligte_personen":"","untertitel":"Eine vergleichende Betrachtung dreier Konvertiten im Spiegel der Quellen","zusatz":"","jahr":"2016","zeitschrift":"","serie":"","serie_name":"","serie_band":"","serie_jahr":"","serie_titel_band":"","vortrage":"","issn":"","isbn":"","isbn13":"978-3-96147-011-2","seiten":"112","sonstiges":"","band":4,"auflage":"","opus":8183,"dspace":"8183","e-isbn_pdf":"","doi":"","epub":"","e-isbn_epub":"","doi_epub":"","html":"","e-isbn_html":"","doi_html":"","e-isbn_reader":"","doi_reader":"","digibib":"","urn":"","supplementary_material":"","sprache":["Deutsch"],"ausgabe":"Softcover","suche":" 9783961470112   ","lizenz":"BY-NC-ND-3","bemerkung":""},"builder_content":"","_links":{"self":[{"href":"https:\/\/www.university-press.fau.de\/en\/wp-json\/wp\/v2\/product\/375","targetHints":{"allow":["GET"]}}],"collection":[{"href":"https:\/\/www.university-press.fau.de\/en\/wp-json\/wp\/v2\/product"}],"about":[{"href":"https:\/\/www.university-press.fau.de\/en\/wp-json\/wp\/v2\/types\/product"}],"replies":[{"embeddable":true,"href":"https:\/\/www.university-press.fau.de\/en\/wp-json\/wp\/v2\/comments?post=375"}],"wp:featuredmedia":[{"embeddable":true,"href":"https:\/\/www.university-press.fau.de\/en\/wp-json\/wp\/v2\/media\/1185"}],"wp:attachment":[{"href":"https:\/\/www.university-press.fau.de\/en\/wp-json\/wp\/v2\/media?parent=375"}],"wp:term":[{"taxonomy":"product_brand","embeddable":true,"href":"https:\/\/www.university-press.fau.de\/en\/wp-json\/wp\/v2\/product_brand?post=375"},{"taxonomy":"product_cat","embeddable":true,"href":"https:\/\/www.university-press.fau.de\/en\/wp-json\/wp\/v2\/product_cat?post=375"},{"taxonomy":"product_tag","embeddable":true,"href":"https:\/\/www.university-press.fau.de\/en\/wp-json\/wp\/v2\/product_tag?post=375"}],"curies":[{"name":"wp","href":"https:\/\/api.w.org\/{rel}","templated":true}]}}