{"id":3751,"date":"2023-10-31T11:05:51","date_gmt":"2023-10-31T10:05:51","guid":{"rendered":"https:\/\/www.university-press.fau.de\/?post_type=product&#038;p=3751"},"modified":"2023-12-12T16:02:10","modified_gmt":"2023-12-12T15:02:10","slug":"978-3-96147-685-5","status":"publish","type":"product","link":"https:\/\/www.university-press.fau.de\/en\/product\/978-3-96147-685-5\/","title":{"rendered":"Personal Goals, Implicit Motives, and Self-Regulated Learning"},"content":{"rendered":"<p>This Festschrift celebrates the contributions of Joachim C. Brunstein to motivation studies, personality psychology, and the science of self- and co-regulated learning in the classroom. In six chapters, colleagues and former students explore some of the ways in which Brunstein\u2019s work has fostered a better understanding of human goal striving, implicit motivational needs, how subjective well-being is shaped by the interplay between personal goals and implicit motives, and collaborative and self-regulated learning at school. The Festschrift also provides in-depth accounts of how Brunstein\u2019s research interests came about and developed over the course of his career.<\/p>","protected":false},"excerpt":{"rendered":"<p>Diese Festschrift w\u00fcrdigt die Beitr\u00e4ge von Joachim C. Brunstein zur Motivationsforschung, zur Pers\u00f6nlichkeitspsychologie und zur Erforschung von Regulations- und Lernprozessen in der Schule. In sechs Kapiteln erkunden Kolleginnen, Kollegen und ehemalige Studierende, wie Joachim Brunsteins Arbeit zu einem besseren Verst\u00e4ndnis des menschlichen Zielstrebens, der unbewussten Motivation, des interaktiven Einflusses bewusster Ziele und unbewusster Motive auf [&hellip;]<\/p>\n","protected":false},"featured_media":3760,"comment_status":"open","ping_status":"closed","template":"","meta":{"_acf_changed":false},"product_brand":[],"product_cat":[40],"product_tag":[],"class_list":{"0":"post-3751","1":"product","2":"type-product","3":"status-publish","4":"has-post-thumbnail","6":"product_cat-einzeltitel","7":"has-post-title","8":"has-post-date","9":"has-post-category","10":"has-post-tag","11":"has-post-comment","12":"has-post-author","13":"","15":"first","16":"instock","17":"taxable","18":"shipping-taxable","19":"purchasable","20":"product-type-simple"},"acf":{"autor":"","orcid":"","ror":"","herausgeber":"Schultheiss, Oliver C.","orcid_hrsg":"0000-0002-7892-5228","rorhrsg":"","bearbeiter":"","sonstige_beteiligte_personen":"Maier, G\u00fcnter W. (Aut.); Steinmann, Barbara (Aut.); Doerflinger, Johannes T. (Aut.); Gollwitzer, Peter M. Aut.); Mehl, Matthias R. (Aut.); Hofer, Jan (Aut.); Sp\u00f6rer, Nadine (Aut.); V\u00f6llinger, Vanessa A. (Aut.)","untertitel":" A Festschrift Honoring Joachim C. Brunstein","zusatz":"","jahr":"2023","zeitschrift":"","serie":"","serie_name":false,"serie_band":"","serie_jahr":"","serie_titel_band":"","vortrage":"","issn":"","isbn":"","isbn13":"978-3-96147-685-5","seiten":"iii, 140","sonstiges":"","band":"","auflage":"","opus":"","dspace":"23947","e-isbn_pdf":"978-3-96147-686-2","doi":"https:\/\/doi.org\/10.25593\/978-3-96147-686-2","epub":"","e-isbn_epub":"","doi_epub":"","html":"","e-isbn_html":"","doi_html":"","e-isbn_reader":"","doi_reader":"","digibib":"","urn":"urn:nbn:de:bvb:29-opus4-239476","supplementary_material":"","sprache":["Deutsch","Englisch"],"ausgabe":"Softcover","suche":" 9783961476855 9783961476862  ","lizenz":"BY-4","bemerkung":""},"builder_content":"","_links":{"self":[{"href":"https:\/\/www.university-press.fau.de\/en\/wp-json\/wp\/v2\/product\/3751","targetHints":{"allow":["GET"]}}],"collection":[{"href":"https:\/\/www.university-press.fau.de\/en\/wp-json\/wp\/v2\/product"}],"about":[{"href":"https:\/\/www.university-press.fau.de\/en\/wp-json\/wp\/v2\/types\/product"}],"replies":[{"embeddable":true,"href":"https:\/\/www.university-press.fau.de\/en\/wp-json\/wp\/v2\/comments?post=3751"}],"wp:featuredmedia":[{"embeddable":true,"href":"https:\/\/www.university-press.fau.de\/en\/wp-json\/wp\/v2\/media\/3760"}],"wp:attachment":[{"href":"https:\/\/www.university-press.fau.de\/en\/wp-json\/wp\/v2\/media?parent=3751"}],"wp:term":[{"taxonomy":"product_brand","embeddable":true,"href":"https:\/\/www.university-press.fau.de\/en\/wp-json\/wp\/v2\/product_brand?post=3751"},{"taxonomy":"product_cat","embeddable":true,"href":"https:\/\/www.university-press.fau.de\/en\/wp-json\/wp\/v2\/product_cat?post=3751"},{"taxonomy":"product_tag","embeddable":true,"href":"https:\/\/www.university-press.fau.de\/en\/wp-json\/wp\/v2\/product_tag?post=3751"}],"curies":[{"name":"wp","href":"https:\/\/api.w.org\/{rel}","templated":true}]}}