{"id":380,"date":"2022-09-23T10:26:21","date_gmt":"2022-09-23T08:26:21","guid":{"rendered":"https:\/\/www.university-press.fau.de\/produkt\/zwischen-sowjetnostalgie-und-entkommunisierung\/"},"modified":"2024-05-02T15:06:52","modified_gmt":"2024-05-02T13:06:52","slug":"978-3-96147-338-0","status":"publish","type":"product","link":"https:\/\/www.university-press.fau.de\/en\/product\/978-3-96147-338-0\/","title":{"rendered":"Zwischen Sowjetnostalgie und \u201eEntkommunisierung\u201c"},"content":{"rendered":"<p>Following an introduction to the terminology of \u201cPolitics of History\u201d, \u201cCulture of Remembrance\u201d, and \u201cPlace of Remembrance\u201d as well as a brief overview of the long road to achieving state independence in Ukraine, the current politics of history in the country between 1991 and the end of PETRO PORO\u0160ENKO's presidency in spring 2019 are analysed.<\/p>\n<p>To this end, three narratives that have fundamentally shaped the Ukrainian culture of remembrance are presented in terms of their genesis, development and impact: the \"Postulate of Continuity of Ukrainian History\", the \"Victim Narrative of the Holodomor as Genocide of the Ukrainian People\" and the \"National Ukrainian Narrative\".<\/p>\n<p>The main part of the work is devoted to the current practice of politics of history after the Euromajdan 2013\/14. Its actors at various social levels and their activities in Ukrainian society are presented through selected fields of action. The radical upheavals in the setting of memorials and the toponymy at state level are outlined. A detailed analysis of the renaming of street names and the depiction of selected cityscapes using the example of Kiev complete the reflections on the effects of current politics of history on public space.<\/p>\n<p>Concluding chapters consider the effects of politics of history on the collective memory of Ukrainian society on the basis of accessible sociological surveys as well as the international classification of the Ukrainian culture of remembrance, and provide an outlook on selected aspects of Ukrainian politics of history and general politics.<\/p>","protected":false},"excerpt":{"rendered":"<p>Nach Einf\u00fchrung in die Begriffswelt von \u201eGeschichtspolitik\u201c, \u201eErinnerungskultur\u201c und \u201eErinnerungsort\u201c sowie einem kurzen \u00dcberblick \u00fcber den langen Weg bis zur Erlangung der staatlichen Unabh\u00e4ngigkeit der Ukraine wird die aktuelle Geschichtspolitik des Landes zwischen 1991 und dem Ende der Pr\u00e4sidentschaft PETRO PORO\u0160ENKO\u2019s im Fr\u00fchjahr 2019 analysiert. Dazu werden zun\u00e4chst drei die ukrainische Erinnerungskultur grundlegend pr\u00e4gende Narrative [&hellip;]<\/p>\n","protected":false},"featured_media":1191,"comment_status":"open","ping_status":"closed","template":"","meta":{"_acf_changed":false},"product_brand":[],"product_cat":[38],"product_tag":[],"class_list":{"0":"post-380","1":"product","2":"type-product","3":"status-publish","4":"has-post-thumbnail","6":"product_cat-ausgezeichnete-abschlussarbeiten-der-erlanger-geschichtswissenschaft","7":"has-post-title","8":"has-post-date","9":"has-post-category","10":"has-post-tag","11":"has-post-comment","12":"has-post-author","13":"","15":"first","16":"instock","17":"taxable","18":"shipping-taxable","19":"purchasable","20":"product-type-simple"},"acf":{"autor":"Schenk, Gibfried","orcid":"","ror":"","herausgeber":"","orcid_hrsg":"","rorhrsg":"","bearbeiter":"","sonstige_beteiligte_personen":"","untertitel":"Postsowjetische Geschichtspolitik und Erinnerungskultur in der Ukraine","zusatz":"","jahr":"2020","zeitschrift":"","serie":"","serie_name":"","serie_band":"","serie_jahr":"","serie_titel_band":"","vortrage":"","issn":"","isbn":"","isbn13":"978-3-96147-338-0","seiten":"xcix. 328","sonstiges":"","band":9,"auflage":"","opus":14551,"dspace":"14551","e-isbn_pdf":"978-3-96147-339-7","doi":"https:\/\/doi.org\/10.25593\/978-3-96147-339-7","epub":"","e-isbn_epub":"","doi_epub":"","html":"","e-isbn_html":"","doi_html":"","e-isbn_reader":"","doi_reader":"","digibib":"","urn":"https:\/\/nbn-resolving.org\/urn:nbn:de:bvb:29-opus4-145517","supplementary_material":"","sprache":["Deutsch"],"ausgabe":"Softcover","suche":" 9783961473380 9783961473397  ","lizenz":"BY-4","bemerkung":""},"builder_content":"","_links":{"self":[{"href":"https:\/\/www.university-press.fau.de\/en\/wp-json\/wp\/v2\/product\/380","targetHints":{"allow":["GET"]}}],"collection":[{"href":"https:\/\/www.university-press.fau.de\/en\/wp-json\/wp\/v2\/product"}],"about":[{"href":"https:\/\/www.university-press.fau.de\/en\/wp-json\/wp\/v2\/types\/product"}],"replies":[{"embeddable":true,"href":"https:\/\/www.university-press.fau.de\/en\/wp-json\/wp\/v2\/comments?post=380"}],"wp:featuredmedia":[{"embeddable":true,"href":"https:\/\/www.university-press.fau.de\/en\/wp-json\/wp\/v2\/media\/1191"}],"wp:attachment":[{"href":"https:\/\/www.university-press.fau.de\/en\/wp-json\/wp\/v2\/media?parent=380"}],"wp:term":[{"taxonomy":"product_brand","embeddable":true,"href":"https:\/\/www.university-press.fau.de\/en\/wp-json\/wp\/v2\/product_brand?post=380"},{"taxonomy":"product_cat","embeddable":true,"href":"https:\/\/www.university-press.fau.de\/en\/wp-json\/wp\/v2\/product_cat?post=380"},{"taxonomy":"product_tag","embeddable":true,"href":"https:\/\/www.university-press.fau.de\/en\/wp-json\/wp\/v2\/product_tag?post=380"}],"curies":[{"name":"wp","href":"https:\/\/api.w.org\/{rel}","templated":true}]}}