{"id":381,"date":"2022-09-23T10:26:21","date_gmt":"2022-09-23T08:26:21","guid":{"rendered":"https:\/\/www.university-press.fau.de\/produkt\/adventus-episcopi\/"},"modified":"2024-12-19T17:46:24","modified_gmt":"2024-12-19T16:46:24","slug":"978-3-96147-378-6","status":"publish","type":"product","link":"https:\/\/www.university-press.fau.de\/en\/product\/978-3-96147-378-6\/","title":{"rendered":"Adventus Episcopi"},"content":{"rendered":"<p>The medieval adventus, the ceremonial act of a ruler entering a town subjected to him for the first time, has been understood by all involved parties as a possibility to negotiate and display hierarchies of power and dependency on the basis of rituals and symbolic communication.\n\nThe present study undertakes a comparative analysis of the adventus of the bishops of Bamberg into their episcopal city as well as the ceremonial entry into the imperial town of Nuremberg towards the end of the Middle Ages. The study is based on a variety of sources ranging from letters of invitation, entry lists and entry descriptions to bills and fire regulations. These are available for the first time as an edition in the appendix of the study.<\/p>\n<p>The sources are consulted to understand the process and the exact design of the ceremonial entries. Further, they form the basis for analysing the symbolic agency of individuals within the ceremony. The metalevel of source criticism becomes an object of investigation beyond the former considerations. It offers the possibility to reflect on and compare the given structures of power between bishop and diocesan chapter or bishop and town council respectively.<\/p>","protected":false},"excerpt":{"rendered":"<p>Der mittelalterliche Adventus, also der feierliche Ersteinzug eines Herrschers in seine Stadt, wurde von den Beteiligten als M\u00f6glichkeit verstanden, anhand symbolischer Kommunikationsakte und ritueller Handlungen Machthierarchien und Abh\u00e4ngigkeiten auszuhandeln und sichtbar zu machen. Die vorliegende Studie nimmt den Adventus der Bamberger Bisch\u00f6fe im ausgehenden Mittelalter in den Blick, wobei zur besseren Kontrastierung nicht nur das [&hellip;]<\/p>\n","protected":false},"featured_media":1192,"comment_status":"open","ping_status":"closed","template":"","meta":{"_acf_changed":false},"product_brand":[],"product_cat":[38],"product_tag":[],"class_list":{"0":"post-381","1":"product","2":"type-product","3":"status-publish","4":"has-post-thumbnail","6":"product_cat-ausgezeichnete-abschlussarbeiten-der-erlanger-geschichtswissenschaft","7":"has-post-title","8":"has-post-date","9":"has-post-category","10":"has-post-tag","11":"has-post-comment","12":"has-post-author","13":"","15":"first","16":"instock","17":"taxable","18":"shipping-taxable","19":"purchasable","20":"product-type-simple"},"acf":{"autor":"Bub, Anna","orcid":"","ror":"","herausgeber":"","orcid_hrsg":"","rorhrsg":"","bearbeiter":"","sonstige_beteiligte_personen":"","untertitel":"Das Adventusritual der Bisch\u00f6fe zu Bamberg im ausgehenden Mittelalter im Vergleich zwischen ihrer Kathedralstadt und der Reichsstadt N\u00fcrnberg","zusatz":"","jahr":"2020","zeitschrift":"","serie":"","serie_name":"","serie_band":"","serie_jahr":"","serie_titel_band":"","vortrage":"","issn":"","isbn":"","isbn13":"978-3-96147-378-6","seiten":"ii, 164","sonstiges":"","band":10,"auflage":"","opus":15428,"dspace":"15428","e-isbn_pdf":"978-3-96147-379-3","doi":"https:\/\/doi.org\/10.25593\/978-3-96147-379-3","epub":"","e-isbn_epub":"","doi_epub":"","html":"","e-isbn_html":"","doi_html":"","e-isbn_reader":"","doi_reader":"","digibib":"","urn":"https:\/\/nbn-resolving.org\/urn:nbn:de:bvb:29-opus4-154282","supplementary_material":"","sprache":["Deutsch"],"ausgabe":"Softcover","suche":" 9783961473786 9783961473793  ","lizenz":"BY-4","bemerkung":""},"builder_content":"","_links":{"self":[{"href":"https:\/\/www.university-press.fau.de\/en\/wp-json\/wp\/v2\/product\/381","targetHints":{"allow":["GET"]}}],"collection":[{"href":"https:\/\/www.university-press.fau.de\/en\/wp-json\/wp\/v2\/product"}],"about":[{"href":"https:\/\/www.university-press.fau.de\/en\/wp-json\/wp\/v2\/types\/product"}],"replies":[{"embeddable":true,"href":"https:\/\/www.university-press.fau.de\/en\/wp-json\/wp\/v2\/comments?post=381"}],"wp:featuredmedia":[{"embeddable":true,"href":"https:\/\/www.university-press.fau.de\/en\/wp-json\/wp\/v2\/media\/1192"}],"wp:attachment":[{"href":"https:\/\/www.university-press.fau.de\/en\/wp-json\/wp\/v2\/media?parent=381"}],"wp:term":[{"taxonomy":"product_brand","embeddable":true,"href":"https:\/\/www.university-press.fau.de\/en\/wp-json\/wp\/v2\/product_brand?post=381"},{"taxonomy":"product_cat","embeddable":true,"href":"https:\/\/www.university-press.fau.de\/en\/wp-json\/wp\/v2\/product_cat?post=381"},{"taxonomy":"product_tag","embeddable":true,"href":"https:\/\/www.university-press.fau.de\/en\/wp-json\/wp\/v2\/product_tag?post=381"}],"curies":[{"name":"wp","href":"https:\/\/api.w.org\/{rel}","templated":true}]}}