{"id":3990,"date":"2023-12-05T11:42:33","date_gmt":"2023-12-05T10:42:33","guid":{"rendered":"https:\/\/www.university-press.fau.de\/?post_type=product&#038;p=3990"},"modified":"2024-04-11T14:32:02","modified_gmt":"2024-04-11T12:32:02","slug":"978-3-96147-687-9","status":"publish","type":"product","link":"https:\/\/www.university-press.fau.de\/en\/product\/978-3-96147-687-9\/","title":{"rendered":"Additive Manufacturing by Metal Fused Filament Fabrication"},"content":{"rendered":"<p>Metal fused filament fabrication (MF3) with metal-filled filaments is an indirect process that uses polymeric binders for additive shaping of green bodies. These are processed into solid metal parts after debinding and sintering. Due to the filament-based shaping,\nthis process can be used for the additive manufacturing of all sinterable powder materials requiring low investment costs. The MF3 process could thus provide a cost-effective and material-flexible alternative to powder bed fusion (PBF) manufacturing of small metallic components with complex shapes. To enable a successful process application, parameter optimization as well as the selection of the furnace atmosphere for each individual process step is crucial to achieve a high final density. In this context, the\napplied parameters have a significant influence on the microstructure and the functional and mechanical properties of the manufactured components. It is the aim of this work to identify suitable parameter sets for the individual process steps and to evaluate the applicability of MF3 for AM of various high-value metal alloys. This includes a general parameter optimization for each step of the entire process chain of shaping, debinding and sintering, independently of the processed metal powder. Based on the general process implementation, systematic parameter studies were performed for 316L, Ampersint 1557.02, cp-Ti, IN 718, CoWAlloy3mod, and 99 % pure Cu to derive the best processing strategies for each of these metals.<\/p>","protected":false},"excerpt":{"rendered":"<p>Das Metallextrusionsverfahren (engl. metal fused filament fabrication (MF3)) unter Verwendung metallgef\u00fcllter Filamente ist ein indirektes Verfahren, das polymere Bindemittel f\u00fcr die additive Formgebung von Gr\u00fcnk\u00f6rpern verwendet, aus denen nach dem Entbindern und Sintern kompakte Metallteile hergestellt werden. Aufgrund der filamentbasierten Formgebung kann dieses Verfahren f\u00fcr die additive Fertigung aller sinterf\u00e4higen Pulverwerkstoffe bei geringen Investitionskosten eingesetzt [&hellip;]<\/p>\n","protected":false},"featured_media":3991,"comment_status":"open","ping_status":"closed","template":"","meta":{"_acf_changed":false},"product_brand":[],"product_cat":[58],"product_tag":[],"class_list":{"0":"post-3990","1":"product","2":"type-product","3":"status-publish","4":"has-post-thumbnail","6":"product_cat-fau-studien-materialwissenschaft-und-werkstofftechnik","7":"has-post-title","8":"has-post-date","9":"has-post-category","10":"has-post-tag","11":"has-post-comment","12":"has-post-author","13":"","15":"first","16":"instock","17":"taxable","18":"shipping-taxable","19":"purchasable","20":"product-type-simple"},"acf":{"autor":"Thompson, Yvonne","orcid":"0000-0002-9314-4585","ror":"","herausgeber":"","orcid_hrsg":"","rorhrsg":"","bearbeiter":"","sonstige_beteiligte_personen":"","untertitel":"","zusatz":"","jahr":"2023","zeitschrift":"","serie":"","serie_name":false,"serie_band":"","serie_jahr":"","serie_titel_band":"","vortrage":"","issn":"","isbn":"","isbn13":"978-3-96147-687-9","seiten":"xi, 194","sonstiges":"","band":26,"auflage":"","opus":"","dspace":"30156","e-isbn_pdf":"978-3-96147-688-6","doi":"https:\/\/www.doi.org\/10.25593\/978-3-96147-688-6","epub":"","e-isbn_epub":"","doi_epub":"","html":"","e-isbn_html":"","doi_html":"","e-isbn_reader":"","doi_reader":"","digibib":"","urn":"urn:nbn:de:101:1-2023122210594667854090","supplementary_material":"","sprache":["Englisch"],"ausgabe":"Softcover","suche":" 9783961476879 9783961476886  ","lizenz":"BY-4","bemerkung":""},"builder_content":"","_links":{"self":[{"href":"https:\/\/www.university-press.fau.de\/en\/wp-json\/wp\/v2\/product\/3990","targetHints":{"allow":["GET"]}}],"collection":[{"href":"https:\/\/www.university-press.fau.de\/en\/wp-json\/wp\/v2\/product"}],"about":[{"href":"https:\/\/www.university-press.fau.de\/en\/wp-json\/wp\/v2\/types\/product"}],"replies":[{"embeddable":true,"href":"https:\/\/www.university-press.fau.de\/en\/wp-json\/wp\/v2\/comments?post=3990"}],"wp:featuredmedia":[{"embeddable":true,"href":"https:\/\/www.university-press.fau.de\/en\/wp-json\/wp\/v2\/media\/3991"}],"wp:attachment":[{"href":"https:\/\/www.university-press.fau.de\/en\/wp-json\/wp\/v2\/media?parent=3990"}],"wp:term":[{"taxonomy":"product_brand","embeddable":true,"href":"https:\/\/www.university-press.fau.de\/en\/wp-json\/wp\/v2\/product_brand?post=3990"},{"taxonomy":"product_cat","embeddable":true,"href":"https:\/\/www.university-press.fau.de\/en\/wp-json\/wp\/v2\/product_cat?post=3990"},{"taxonomy":"product_tag","embeddable":true,"href":"https:\/\/www.university-press.fau.de\/en\/wp-json\/wp\/v2\/product_tag?post=3990"}],"curies":[{"name":"wp","href":"https:\/\/api.w.org\/{rel}","templated":true}]}}