{"id":401,"date":"2022-09-26T14:32:26","date_gmt":"2022-09-26T12:32:26","guid":{"rendered":"https:\/\/www.university-press.fau.de\/produkt\/das-camerarius-florilegium\/"},"modified":"2024-05-06T16:21:38","modified_gmt":"2024-05-06T14:21:38","slug":"field_6310e28bc8060","status":"publish","type":"product","link":"https:\/\/www.university-press.fau.de\/en\/product\/field_6310e28bc8060\/","title":{"rendered":"Das Camerarius-Florilegium"},"content":{"rendered":"","protected":false},"excerpt":{"rendered":"","protected":false},"featured_media":0,"comment_status":"open","ping_status":"closed","template":"","meta":{"_acf_changed":false},"product_brand":[],"product_cat":[40],"product_tag":[37],"class_list":{"0":"post-401","1":"product","2":"type-product","3":"status-publish","5":"product_cat-einzeltitel","6":"product_tag-vergriffen","7":"has-post-title","8":"has-post-date","9":"has-post-category","10":"has-post-tag","11":"has-post-comment","12":"has-post-author","13":"","15":"first","16":"outofstock","17":"taxable","18":"shipping-taxable","19":"purchasable","20":"product-type-simple"},"acf":{"autor":"Wickert, Konrad","orcid":"","ror":"","herausgeber":"Kulturstiftung der L\u00e4nder zusammen mit der Universit\u00e4tsbibliothek Erlangen-N\u00fcrnberg (Patrimoni; 61)","orcid_hrsg":"","rorhrsg":"","bearbeiter":"","sonstige_beteiligte_personen":"","untertitel":"","zusatz":"","jahr":"1993","zeitschrift":"","serie":"","serie_name":"[{\"element_id\":\"wtnh342\",\"cols\":[{\"element_id\":\"9cc9343\",\"grid_class\":\"col-full\"}]}]","serie_band":"","serie_jahr":"","serie_titel_band":"","vortrage":"","issn":"","isbn":"","isbn13":"","seiten":"XI, 58","sonstiges":"Ill.","band":"","auflage":"","opus":"","dspace":"","e-isbn_pdf":"","doi":"","epub":"","e-isbn_epub":"","doi_epub":"","html":"","e-isbn_html":"","doi_html":"","e-isbn_reader":"","doi_reader":"","digibib":"","urn":"","supplementary_material":"","sprache":["Deutsch"],"ausgabe":"Softcover","suche":"    ","lizenz":"ohne Angabe","bemerkung":""},"builder_content":"","_links":{"self":[{"href":"https:\/\/www.university-press.fau.de\/en\/wp-json\/wp\/v2\/product\/401","targetHints":{"allow":["GET"]}}],"collection":[{"href":"https:\/\/www.university-press.fau.de\/en\/wp-json\/wp\/v2\/product"}],"about":[{"href":"https:\/\/www.university-press.fau.de\/en\/wp-json\/wp\/v2\/types\/product"}],"replies":[{"embeddable":true,"href":"https:\/\/www.university-press.fau.de\/en\/wp-json\/wp\/v2\/comments?post=401"}],"wp:attachment":[{"href":"https:\/\/www.university-press.fau.de\/en\/wp-json\/wp\/v2\/media?parent=401"}],"wp:term":[{"taxonomy":"product_brand","embeddable":true,"href":"https:\/\/www.university-press.fau.de\/en\/wp-json\/wp\/v2\/product_brand?post=401"},{"taxonomy":"product_cat","embeddable":true,"href":"https:\/\/www.university-press.fau.de\/en\/wp-json\/wp\/v2\/product_cat?post=401"},{"taxonomy":"product_tag","embeddable":true,"href":"https:\/\/www.university-press.fau.de\/en\/wp-json\/wp\/v2\/product_tag?post=401"}],"curies":[{"name":"wp","href":"https:\/\/api.w.org\/{rel}","templated":true}]}}