{"id":404,"date":"2022-09-26T14:32:27","date_gmt":"2022-09-26T12:32:27","guid":{"rendered":"https:\/\/www.university-press.fau.de\/produkt\/text-und-bild-europaeische-buchkultur-aus-fuenf-jahrhunderten\/"},"modified":"2025-01-03T17:56:34","modified_gmt":"2025-01-03T16:56:34","slug":"978-3-941871-08-3","status":"publish","type":"product","link":"https:\/\/www.university-press.fau.de\/en\/product\/978-3-941871-08-3\/","title":{"rendered":"Text und Bild &#8211; Europ\u00e4ische Buchkultur aus f\u00fcnf Jahrhunderten"},"content":{"rendered":"<p>Im April 2009 erhielt die Universit\u00e4tsbibliothek eine einzigartige bibliophile Sammlung von circa. 1400 B\u00fcchern, die Dr. Ulfert Ricklefs, akademischer Direktor i.R. der Universit\u00e4t Erlangen \u00fcber Jahrzehnte zusammengetragen hatte. Am 16. April 2009 \u00fcberlie\u00df er diese Sammlung dauerhaft der Friedrich-Alexander-Universit\u00e4t f\u00fcr interdisziplin\u00e4re Forschungen und brachte sie in eine Stiftung ein. Die Sammlung umspannt das 16. bis 20. Jahrhundert, wobei der Schwerpunkt zeitlich auf der Fr\u00fchen Neuzeit, d.h. dem 16. bis 18. Jahrhundert liegt und nahezu alle Teilgebiete der Geisteswissenschaften umfasst. Bei einem Gro\u00dfteil der Werke handelt es sich um \u00fcberaus seltene, illustrierte B\u00fccher, deren Kupfer oder Holzschnitte von den ersten K\u00fcnstlern ihrer Zeit stammen. So finden sich in der Sammlung Ricklefs die ber\u00fchmtesten Bilderbibeln des 16. bis 18. Jahrhunderts, die bedeutendsten Illustrationszyklen zu Ovids Metamorphosen und die wichtigsten Werke der europ\u00e4ischen Fabeldichtung von Aesop und Ph\u00e4drus \u00fcber Jean de LaFontaine bis zu John Gay. Weitere Schwerpunkte seiner Sammlung bilden Werke zum europ\u00e4ischen Totentanz, zur Emblematik und bedingt durch Dr. Ricklefs mehrj\u00e4hrigen Aufenthalt in Edinburgh, auch zur englischen Karikatur des 19. Jahrhunderts. Trotz ihrer geisteswissenschaftlichen Ausrichtung weist die Sammlung aber auch einige herausragende Beispiele aus Botanik, Zoologie und Geographie auf.<\/p>\n<p>Die Sammlung Ricklefs ist vollst\u00e4ndig im elektronischen Online-Katalog der Universit\u00e4tsbibliothek sowie regionalen und internationalen Katalogen nachgewiesen und steht jedem fachlich Interessierten im Lesesaal der Handschriftenabteilung zur Verf\u00fcgung. Aufgrund der Kostbarkeit der Best\u00e4nde ist eine Ausleihe nach Hause nicht m\u00f6glich.<\/p>","protected":false},"excerpt":{"rendered":"<p>Im April 2009 erhielt die Universit\u00e4tsbibliothek eine einzigartige bibliophile Sammlung von circa. 1400 B\u00fcchern, die Dr. Ulfert Ricklefs, akademischer Direktor i.R. der Universit\u00e4t Erlangen \u00fcber Jahrzehnte zusammengetragen hatte. Am 16. April 2009 \u00fcberlie\u00df er diese Sammlung dauerhaft der Friedrich-Alexander-Universit\u00e4t f\u00fcr interdisziplin\u00e4re Forschungen und brachte sie in eine Stiftung ein. Die Sammlung umspannt das 16. bis [&hellip;]<\/p>\n","protected":false},"featured_media":1162,"comment_status":"open","ping_status":"closed","template":"","meta":{"_acf_changed":false},"product_brand":[],"product_cat":[40],"product_tag":[],"class_list":{"0":"post-404","1":"product","2":"type-product","3":"status-publish","4":"has-post-thumbnail","6":"product_cat-einzeltitel","7":"has-post-title","8":"has-post-date","9":"has-post-category","10":"has-post-tag","11":"has-post-comment","12":"has-post-author","13":"","15":"first","16":"instock","17":"taxable","18":"shipping-taxable","19":"purchasable","20":"product-type-simple"},"acf":{"autor":"","orcid":"","ror":"","herausgeber":"","orcid_hrsg":"","rorhrsg":"","bearbeiter":"","sonstige_beteiligte_personen":"","untertitel":"Die Sammlung Ricklefs in der Universit\u00e4tsbibliothek Erlangen-N\u00fcrnberg :  Ausstellung 4.5. - 31.5.2011","zusatz":"","jahr":"2011","zeitschrift":"","serie":"","serie_name":"","serie_band":"","serie_jahr":"","serie_titel_band":"","vortrage":"","issn":"","isbn":"","isbn13":"978-3-941871-08-3","seiten":"247, VII","sonstiges":"zahlr. Ill.","band":"","auflage":"","opus":4252,"dspace":"4252","e-isbn_pdf":"","doi":"","epub":"","e-isbn_epub":"","doi_epub":"","html":"","e-isbn_html":"","doi_html":"","e-isbn_reader":"","doi_reader":"","digibib":"","urn":"urn:nbn:de:bvb:29-opus4-42529","supplementary_material":"","sprache":["Deutsch"],"ausgabe":"Softcover","suche":" 9783941871083   ","lizenz":"BY-NC-ND-3","bemerkung":"8 Exemplare im Magazin\r\n57 im Schrank\r\n5 an die Gesch\u00e4ftsstelle (4.12.2024)"},"builder_content":"","_links":{"self":[{"href":"https:\/\/www.university-press.fau.de\/en\/wp-json\/wp\/v2\/product\/404","targetHints":{"allow":["GET"]}}],"collection":[{"href":"https:\/\/www.university-press.fau.de\/en\/wp-json\/wp\/v2\/product"}],"about":[{"href":"https:\/\/www.university-press.fau.de\/en\/wp-json\/wp\/v2\/types\/product"}],"replies":[{"embeddable":true,"href":"https:\/\/www.university-press.fau.de\/en\/wp-json\/wp\/v2\/comments?post=404"}],"wp:featuredmedia":[{"embeddable":true,"href":"https:\/\/www.university-press.fau.de\/en\/wp-json\/wp\/v2\/media\/1162"}],"wp:attachment":[{"href":"https:\/\/www.university-press.fau.de\/en\/wp-json\/wp\/v2\/media?parent=404"}],"wp:term":[{"taxonomy":"product_brand","embeddable":true,"href":"https:\/\/www.university-press.fau.de\/en\/wp-json\/wp\/v2\/product_brand?post=404"},{"taxonomy":"product_cat","embeddable":true,"href":"https:\/\/www.university-press.fau.de\/en\/wp-json\/wp\/v2\/product_cat?post=404"},{"taxonomy":"product_tag","embeddable":true,"href":"https:\/\/www.university-press.fau.de\/en\/wp-json\/wp\/v2\/product_tag?post=404"}],"curies":[{"name":"wp","href":"https:\/\/api.w.org\/{rel}","templated":true}]}}