{"id":411,"date":"2022-09-26T14:32:29","date_gmt":"2022-09-26T12:32:29","guid":{"rendered":"https:\/\/www.university-press.fau.de\/produkt\/die-buecher-des-letzten-kaiserreichs\/"},"modified":"2025-04-09T10:58:52","modified_gmt":"2025-04-09T08:58:52","slug":"978-3-944057-00-2","status":"publish","type":"product","link":"https:\/\/www.university-press.fau.de\/en\/product\/978-3-944057-00-2\/","title":{"rendered":"Die B\u00fccher des letzten Kaiserreichs"},"content":{"rendered":"<p>Die Ausstellung widmet sich der Biographie des fr\u00e4nkischen Universalgelehrten und Abenteurers Neumann sowie ausgew\u00e4hlten Sinica aus seiner Sammlung. Durch die w\u00e4hrend seiner Chinareise im Jahr 1830 erworbenen B\u00fccher wurde die Sinica-Sammlung der BSB zur zweitgr\u00f6\u00dften nach der Sammlung der Franz\u00f6sischen Nationalbibliothek. F\u00fcr die \u00dcberlassung der B\u00fccher erhielt Neumann die Position als Kustos seiner Sammlung an der BSB und als Professor f\u00fcr chinesische und armenische Sprache sowie L\u00e4nder- und V\u00f6lkerkunde an der Universit\u00e4t M\u00fcnchen. Damit wurde er einer der ersten Professoren f\u00fcr die chinesische Sprache in Deutschland. Neumann war einer von sehr wenigen Gelehrten, denen die Reise nach China zu einem Zeitpunkt gelang, in dem das Land sich vom Rest der Welt abschottete. Er schaffte es trotzdem, fast 6.000 B\u00e4nde in China anzukaufen und nach Deutschland zu bringen. Davon gingen 2.410 B\u00e4nde an die K\u00f6nigliche Bibliothek zu Berlin und die restlichen 3.500 B\u00e4nde an die BSB. Dazu geh\u00f6ren sowohl chinesische Standardwerke als auch Werke, die heute in China wahrscheinlich nicht mehr oder nur sehr schwer aufzufinden sind. Dass die Altsinica-Sammlung der BSB heute zu den wichtigsten Sammlungen au\u00dferhalb Chinas z\u00e4hlt, verdanken wir dem Grundstock der Sammlung Neumanns. Die ausgew\u00e4hlten Werke decken eine Vielzahl von Themen und Genres ab: Lexika, Werke \u00fcber Religion, Literatur, Historiographie, Regierung und Verwaltung, Naturwissenschaft und Astrologie. Besonders erw\u00e4hnenswert sind der \u201eSenfkorngarten\u201c, eine Mustersammlung f\u00fcr die chinesische Malerei, \u201eBencao Gangmu\u201c (\u201eBuch heilender Kr\u00e4uter&#8220;), ein Standardwerk der Traditionellen Chinesischen Medizin und \u201eArte de la lengua mandarina\u201c von Francisco Varo, einem spanischen Missionar, eine der ersten Grammatiken zum Erlernen des Chinesischen als Fremdsprache.<\/p>","protected":false},"excerpt":{"rendered":"<p>Die Ausstellung widmet sich der Biographie des fr\u00e4nkischen Universalgelehrten und Abenteurers Neumann sowie ausgew\u00e4hlten Sinica aus seiner Sammlung. Durch die w\u00e4hrend seiner Chinareise im Jahr 1830 erworbenen B\u00fccher wurde die Sinica-Sammlung der BSB zur zweitgr\u00f6\u00dften nach der Sammlung der Franz\u00f6sischen Nationalbibliothek. F\u00fcr die \u00dcberlassung der B\u00fccher erhielt Neumann die Position als Kustos seiner Sammlung an [&hellip;]<\/p>\n","protected":false},"featured_media":2933,"comment_status":"open","ping_status":"closed","template":"","meta":{"_acf_changed":false},"product_brand":[],"product_cat":[40],"product_tag":[39],"class_list":{"0":"post-411","1":"product","2":"type-product","3":"status-publish","4":"has-post-thumbnail","6":"product_cat-einzeltitel","7":"product_tag-nur-als-online-publikation","8":"has-post-title","9":"has-post-date","10":"has-post-category","11":"has-post-tag","12":"has-post-comment","13":"has-post-author","14":"","16":"first","17":"instock","18":"taxable","19":"shipping-taxable","20":"product-type-simple"},"acf":{"autor":"","orcid":"","ror":"","herausgeber":"Yan Xu-Lackner","orcid_hrsg":"","rorhrsg":"","bearbeiter":"","sonstige_beteiligte_personen":"","untertitel":"Katalog zur Ausstellung \u00fcber das Leben des China-Forschers Karl Friedrich Neumann mit Exponaten aus seiner Sammlung seltener Sinica.","zusatz":"","jahr":"2012","zeitschrift":"","serie":"","serie_name":"","serie_band":"","serie_jahr":"","serie_titel_band":"","vortrage":"","issn":"","isbn":"","isbn13":"978-3-944057-00-2","seiten":"160","sonstiges":"Ill.","band":"","auflage":"","opus":2829,"dspace":"2829","e-isbn_pdf":"","doi":"","epub":"","e-isbn_epub":"","doi_epub":"","html":"","e-isbn_html":"","doi_html":"","e-isbn_reader":"","doi_reader":"","digibib":"","urn":"urn:nbn:de:bvb:29-opus-40801","supplementary_material":"","sprache":["Deutsch"],"ausgabe":"Softcover","suche":" 9783944057002   ","lizenz":"ohne Angabe","bemerkung":""},"builder_content":"","_links":{"self":[{"href":"https:\/\/www.university-press.fau.de\/en\/wp-json\/wp\/v2\/product\/411","targetHints":{"allow":["GET"]}}],"collection":[{"href":"https:\/\/www.university-press.fau.de\/en\/wp-json\/wp\/v2\/product"}],"about":[{"href":"https:\/\/www.university-press.fau.de\/en\/wp-json\/wp\/v2\/types\/product"}],"replies":[{"embeddable":true,"href":"https:\/\/www.university-press.fau.de\/en\/wp-json\/wp\/v2\/comments?post=411"}],"wp:featuredmedia":[{"embeddable":true,"href":"https:\/\/www.university-press.fau.de\/en\/wp-json\/wp\/v2\/media\/2933"}],"wp:attachment":[{"href":"https:\/\/www.university-press.fau.de\/en\/wp-json\/wp\/v2\/media?parent=411"}],"wp:term":[{"taxonomy":"product_brand","embeddable":true,"href":"https:\/\/www.university-press.fau.de\/en\/wp-json\/wp\/v2\/product_brand?post=411"},{"taxonomy":"product_cat","embeddable":true,"href":"https:\/\/www.university-press.fau.de\/en\/wp-json\/wp\/v2\/product_cat?post=411"},{"taxonomy":"product_tag","embeddable":true,"href":"https:\/\/www.university-press.fau.de\/en\/wp-json\/wp\/v2\/product_tag?post=411"}],"curies":[{"name":"wp","href":"https:\/\/api.w.org\/{rel}","templated":true}]}}