{"id":421,"date":"2022-09-26T14:32:34","date_gmt":"2022-09-26T12:32:34","guid":{"rendered":"https:\/\/www.university-press.fau.de\/produkt\/heutige-und-zukuenftige-herausforderungen-an-die-qualitaetswissenschaft-in-forschung-und-praxis\/"},"modified":"2025-01-03T18:23:24","modified_gmt":"2025-01-03T17:23:24","slug":"978%e2%80%903%e2%80%9096147%e2%80%90021%e2%80%901","status":"publish","type":"product","link":"https:\/\/www.university-press.fau.de\/en\/product\/978%e2%80%903%e2%80%9096147%e2%80%90021%e2%80%901\/","title":{"rendered":"Heutige und zuk\u00fcnftige Herausforderungen an die Qualit\u00e4tswissenschaft in Forschung und Praxis"},"content":{"rendered":"<p>Die aktuelle Situation in der Industrie und im Dienstleistungssektor ist durch eine starke Ver\u00e4nderung der Gesch\u00e4ftsmodelle gepr\u00e4gt. Gekoppelt mit der Digitalisierung vieler Gesch\u00e4ftsprozesse bewirkt und erzwingt dies enorme Anpassungen in und zwischen den Organisationen.<\/p>\n<p>Diese drastischen Ver\u00e4nderungen m\u00fcssen vom Qualit\u00e4tsmanagement (QM) unmittelbar begleitet werden, um mit Methoden und Techniken des Qualit\u00e4tsmanagements die Prozesse sicher umzugestalten und anschlie\u00dfend angepasste QM-Systeme in einem kontinuierlichen Verbesserungsprozess weiter zu optimieren. Hierzu gibt es keine einheitliche Vorgehensweise. Im Gegenteil, die Heterogenit\u00e4t der Branchen erfordert spezifische Anpassungs- und Umsetzungsl\u00f6sungen. Die GQW-Tagung 2017 tr\u00e4gt dazu bei, unterschiedliche Schwerpunkte in der Transformation der existierenden QM-Systeme im Hinblick auf die neuen Herausforderungen darzustellen.<\/p>","protected":false},"excerpt":{"rendered":"<p>Die aktuelle Situation in der Industrie und im Dienstleistungssektor ist durch eine starke Ver\u00e4nderung der Gesch\u00e4ftsmodelle gepr\u00e4gt. Gekoppelt mit der Digitalisierung vieler Gesch\u00e4ftsprozesse bewirkt und erzwingt dies enorme Anpassungen in und zwischen den Organisationen. Diese drastischen Ver\u00e4nderungen m\u00fcssen vom Qualit\u00e4tsmanagement (QM) unmittelbar begleitet werden, um mit Methoden und Techniken des Qualit\u00e4tsmanagements die Prozesse sicher umzugestalten [&hellip;]<\/p>\n","protected":false},"featured_media":1146,"comment_status":"open","ping_status":"closed","template":"","meta":{"_acf_changed":false},"product_brand":[],"product_cat":[40],"product_tag":[],"class_list":{"0":"post-421","1":"product","2":"type-product","3":"status-publish","4":"has-post-thumbnail","6":"product_cat-einzeltitel","7":"has-post-title","8":"has-post-date","9":"has-post-category","10":"has-post-tag","11":"has-post-comment","12":"has-post-author","13":"","15":"first","16":"instock","17":"taxable","18":"shipping-taxable","19":"purchasable","20":"product-type-simple"},"acf":{"autor":"","orcid":"","ror":"","herausgeber":"Heiner Otten, J\u00fcrgen G\u00f6tz, Sebastian Pollak","orcid_hrsg":"","rorhrsg":"","bearbeiter":"","sonstige_beteiligte_personen":"","untertitel":"Bericht zur GQW-Jahrestagung 2017 in Erlangen","zusatz":"","jahr":"2017","zeitschrift":"","serie":"","serie_name":"","serie_band":"","serie_jahr":"","serie_titel_band":"","vortrage":"","issn":"","isbn":"","isbn13":"978\u20103\u201096147\u2010021\u20101","seiten":"351","sonstiges":"","band":"","auflage":"","opus":8328,"dspace":"8328","e-isbn_pdf":"978\u20103\u201096147\u2010022\u20108","doi":"","epub":"","e-isbn_epub":"","doi_epub":"","html":"","e-isbn_html":"","doi_html":"","e-isbn_reader":"","doi_reader":"","digibib":"","urn":"urn:nbn:de:bvb:29-opus4-83289","supplementary_material":"","sprache":["Deutsch"],"ausgabe":"Softcover","suche":" 978\u20103\u201096147\u2010021\u20101 978\u20103\u201096147\u2010022\u20108  ","lizenz":"BY-NC-ND-3","bemerkung":""},"builder_content":"","_links":{"self":[{"href":"https:\/\/www.university-press.fau.de\/en\/wp-json\/wp\/v2\/product\/421","targetHints":{"allow":["GET"]}}],"collection":[{"href":"https:\/\/www.university-press.fau.de\/en\/wp-json\/wp\/v2\/product"}],"about":[{"href":"https:\/\/www.university-press.fau.de\/en\/wp-json\/wp\/v2\/types\/product"}],"replies":[{"embeddable":true,"href":"https:\/\/www.university-press.fau.de\/en\/wp-json\/wp\/v2\/comments?post=421"}],"wp:featuredmedia":[{"embeddable":true,"href":"https:\/\/www.university-press.fau.de\/en\/wp-json\/wp\/v2\/media\/1146"}],"wp:attachment":[{"href":"https:\/\/www.university-press.fau.de\/en\/wp-json\/wp\/v2\/media?parent=421"}],"wp:term":[{"taxonomy":"product_brand","embeddable":true,"href":"https:\/\/www.university-press.fau.de\/en\/wp-json\/wp\/v2\/product_brand?post=421"},{"taxonomy":"product_cat","embeddable":true,"href":"https:\/\/www.university-press.fau.de\/en\/wp-json\/wp\/v2\/product_cat?post=421"},{"taxonomy":"product_tag","embeddable":true,"href":"https:\/\/www.university-press.fau.de\/en\/wp-json\/wp\/v2\/product_tag?post=421"}],"curies":[{"name":"wp","href":"https:\/\/api.w.org\/{rel}","templated":true}]}}