{"id":422,"date":"2022-09-26T14:32:35","date_gmt":"2022-09-26T12:32:35","guid":{"rendered":"https:\/\/www.university-press.fau.de\/produkt\/gasturbine-mit-verstellbaren-leiteinrichtungen-zur-verringerung-des-brennstof_x001c_fverbrauches-im-untere-teillastbereich-und-im-leerlauf\/"},"modified":"2025-01-03T18:21:42","modified_gmt":"2025-01-03T17:21:42","slug":"978-3-96147-032-7","status":"publish","type":"product","link":"https:\/\/www.university-press.fau.de\/en\/product\/978-3-96147-032-7\/","title":{"rendered":"Gasturbine mit verstellbaren Leiteinrichtungen zur Verringerung des Brennstoffverbrauches im unteren Teillastbereich und im Leerlauf"},"content":{"rendered":"<p>Die vorliegende Arbeit besch\u00e4ftigt sich mit Verringerung des Brennstoffverbrauches einer 8-Kilowatt-Versuchsgasturbine im Leerlauf. Wie bei allen W\u00e4rmekraftmaschinen verringert sich auch bei Gasturbinen der Wirkungsgrad mit sich verringernder Teillast. Gasturbinen verbrauchen auch, gemessen an ihrer maximalen Leistung, im Vergleich mit anderen W\u00e4rmekraftmaschinen wesentlich mehr Brennstoff f\u00fcr den Leerlauf. Das Ziel ist es, den Leerlaufbrennstoffverbrauch durch eine Verstelleinrichtung zu verringern und einen Vergleich mit anderen W\u00e4rmekraftmaschinen herzustellen.<\/p>\n<p>Die Fragestellungen werden auf der Grundlage der Auswertung aktueller Fachliteratur und theoretischer Grundlagen diskutiert. Um den Vergleich der W\u00e4rmekraftmaschinen untereinander hinsichtlich ihres Leerlaufbrennstoffverh\u00e4ltnisses trotz verschiedener Brennstoffe zu erm\u00f6glichen, wird eine neue Vergleichskennzahl hergeleitet.<\/p>\n<p>F\u00fcr die experimentelle \u00dcberpr\u00fcfung der Auswirkungen eines verstellbaren Verdichtervorleitapparates in Kombination mit einem verstellbaren Turbinennachleitapparat auf den Leerlaufbrennstoffverbrauch wurde eine Versuchsgasturbine rechnerisch ausgelegt und aufgebaut. Die experimentellen Daten werden mit Daten aus Experimenten des Verfassers mit einer anderen Gasturbine und externen Daten anderer W\u00e4rmekraftmaschinen verglichen. Durch die alleinige Verstellung des Verdichtervorleitrades verbrauchte die Versuchsgasturbine im Leerlauf unter optimalen Bedingungen ca. 10 % weniger Brennstoff als ohne diese Ma\u00dfnahme. Zus\u00e4tzlich f\u00fchrte das kombinierte Verstellen der Leiteinrichtungen am Eintritt des Verdichters und am Austritt der Turbine zu einer weiteren Verringerung des Leerlaufbrennstoffverbrauches um 0,25 %. Allerdings wird deutlich, dass die zus\u00e4tzliche Verringerung des Brennstoffverbrauches nur im unteren Leerlaufdrehzahlbereich erreicht werden kann.<\/p>\n<p>Mithilfe der neu eingef\u00fchrten Vergleichskennzahl werden die Versuchsgasturbine, zwei Seriengasturbinen und ein Verbrennungsmotor hinsichtlich ihres W\u00e4rmezufuhrbedarfes f\u00fcr den Leerlauf verglichen.<\/p>","protected":false},"excerpt":{"rendered":"<p>Die vorliegende Arbeit besch\u00e4ftigt sich mit Verringerung des Brennstoffverbrauches einer 8-Kilowatt-Versuchsgasturbine im Leerlauf. Wie bei allen W\u00e4rmekraftmaschinen verringert sich auch bei Gasturbinen der Wirkungsgrad mit sich verringernder Teillast. Gasturbinen verbrauchen auch, gemessen an ihrer maximalen Leistung, im Vergleich mit anderen W\u00e4rmekraftmaschinen wesentlich mehr Brennstoff f\u00fcr den Leerlauf. Das Ziel ist es, den Leerlaufbrennstoffverbrauch durch eine [&hellip;]<\/p>\n","protected":false},"featured_media":1145,"comment_status":"open","ping_status":"closed","template":"","meta":{"_acf_changed":false},"product_brand":[],"product_cat":[40],"product_tag":[],"class_list":{"0":"post-422","1":"product","2":"type-product","3":"status-publish","4":"has-post-thumbnail","6":"product_cat-einzeltitel","7":"has-post-title","8":"has-post-date","9":"has-post-category","10":"has-post-tag","11":"has-post-comment","12":"has-post-author","13":"","15":"first","16":"instock","17":"taxable","18":"shipping-taxable","19":"purchasable","20":"product-type-simple"},"acf":{"autor":"Borchert, Uwe","orcid":"","ror":"","herausgeber":"","orcid_hrsg":"","rorhrsg":"","bearbeiter":"","sonstige_beteiligte_personen":"","untertitel":"","zusatz":"","jahr":"2017","zeitschrift":"","serie":"","serie_name":"","serie_band":"","serie_jahr":"","serie_titel_band":"","vortrage":"","issn":"","isbn":"","isbn13":"978-3-96147-032-7","seiten":"XXXIX, 247","sonstiges":"","band":"","auflage":"","opus":8417,"dspace":"8417","e-isbn_pdf":"978-3-96147-033-4","doi":"","epub":"","e-isbn_epub":"","doi_epub":"","html":"","e-isbn_html":"","doi_html":"","e-isbn_reader":"","doi_reader":"","digibib":"","urn":"urn:nbn:de:bvb:29-opus4-84175","supplementary_material":"","sprache":["Deutsch"],"ausgabe":"Softcover","suche":" 9783961470327 9783961470334  ","lizenz":"BY-NC-ND-3","bemerkung":""},"builder_content":"","_links":{"self":[{"href":"https:\/\/www.university-press.fau.de\/en\/wp-json\/wp\/v2\/product\/422","targetHints":{"allow":["GET"]}}],"collection":[{"href":"https:\/\/www.university-press.fau.de\/en\/wp-json\/wp\/v2\/product"}],"about":[{"href":"https:\/\/www.university-press.fau.de\/en\/wp-json\/wp\/v2\/types\/product"}],"replies":[{"embeddable":true,"href":"https:\/\/www.university-press.fau.de\/en\/wp-json\/wp\/v2\/comments?post=422"}],"wp:featuredmedia":[{"embeddable":true,"href":"https:\/\/www.university-press.fau.de\/en\/wp-json\/wp\/v2\/media\/1145"}],"wp:attachment":[{"href":"https:\/\/www.university-press.fau.de\/en\/wp-json\/wp\/v2\/media?parent=422"}],"wp:term":[{"taxonomy":"product_brand","embeddable":true,"href":"https:\/\/www.university-press.fau.de\/en\/wp-json\/wp\/v2\/product_brand?post=422"},{"taxonomy":"product_cat","embeddable":true,"href":"https:\/\/www.university-press.fau.de\/en\/wp-json\/wp\/v2\/product_cat?post=422"},{"taxonomy":"product_tag","embeddable":true,"href":"https:\/\/www.university-press.fau.de\/en\/wp-json\/wp\/v2\/product_tag?post=422"}],"curies":[{"name":"wp","href":"https:\/\/api.w.org\/{rel}","templated":true}]}}